{"id":172318,"date":"2025-09-10T01:28:35","date_gmt":"2025-09-10T01:28:35","guid":{"rendered":"https:\/\/www.otiumhome.fi\/?p=172318"},"modified":"2025-09-14T23:23:42","modified_gmt":"2025-09-14T23:23:42","slug":"huoneenjakaja-4-tasoa-savutammi-1435x29x1435-cm-tekninen-puu","status":"publish","type":"product","link":"https:\/\/www.otiumhome.fi\/index.php\/tuote\/huoneenjakaja-4-tasoa-savutammi-1435x29x1435-cm-tekninen-puu\/","title":{"rendered":"Huoneenjakaja 4 tasoa savutammi 143,5x29x143,5 cm tekninen puu"},"content":{"rendered":"<p>Nelj\u00e4kerroksisessa tilanjakajakirjahyllyss\u00e4 on reilusti s\u00e4ilytystilaa, se sopii t\u00e4ydellisesti tilan j\u00e4rjest\u00e4miseen tyylikk\u00e4\u00e4sti!<\/p>\n<ul>\n<li>Vakaa ja kest\u00e4v\u00e4 materiaali: Tekninen puu on kest\u00e4v\u00e4 ja vakaa materiaali, jonka sile\u00e4 pinta kest\u00e4\u00e4 kosteutta, v\u00e4\u00e4ntymist\u00e4 ja halkeilua, joten se on luotettava valinta erilaisiin projekteihin.<\/li>\n<li>Runsaasti s\u00e4ilytystilaa: Kirjahyllyss\u00e4 on kuutiomuotoisia s\u00e4ilytyslokeroita, jotka sopivat t\u00e4ydellisesti kirjojen, koristeiden ja muiden kodin tavaroiden j\u00e4rjest\u00e4miseen.<\/li>\n<li>Joustavat sijoitusvaihtoehdot: Hylly voidaan sijoittaa joko leveydelt\u00e4\u00e4n tai korkeudeltaan maahan, mik\u00e4 tarjoaa monipuolisia huoneen j\u00e4rjestelyvaihtoehtoja.<\/li>\n<li>Laajat k\u00e4ytt\u00f6tarkoitukset: Hylly-yksikk\u00f6 sopii helposti mihin tahansa huoneeseen. Voit sijoittaa sen olohuoneeseen koristeiden esittelyyn, ty\u00f6huoneeseen kirjojen ja asiakirjojen s\u00e4ilytykseen, makuuhuoneeseen jokap\u00e4iv\u00e4isten tavaroiden s\u00e4ilytt\u00e4mist\u00e4 varten ja kellariin pullojen ja purnukoiden s\u00e4ilytt\u00e4miseen.<\/li>\n<li>Helppohoitoinen: Sile\u00e4n pinnan ansiosta huoneenjakaja on helppo puhdistaa kostealla liinalla ja se tarvitsee vain v\u00e4h\u00e4ist\u00e4 hoitoa.<\/li>\n<\/ul>\n<p>Varoitus:<\/p>\n<ul>\n<li>Kaatumisen est\u00e4miseksi t\u00e4t\u00e4 tuotetta on k\u00e4ytett\u00e4v\u00e4 mukana toimitetun sein\u00e4kiinnityslaitteen kanssa.<\/li>\n<\/ul>\n<p>Hyv\u00e4 tiet\u00e4\u00e4:<\/p>\n<ul>\n<li>Sein\u00e4\u00e4n kiinnitett\u00e4v\u00e4t ruuvit ja tulpat eiv\u00e4t sis\u00e4lly toimitukseen. Suosittelemme sinua etsim\u00e4\u00e4n ja k\u00e4ytt\u00e4m\u00e4\u00e4n sein\u00e4\u00e4si sopivia ruuveja ja tulppia. Jos olet ep\u00e4varma, kysy ammattilaisen neuvoa. Ole hyv\u00e4 ja lue kaikki ohjeet<\/li>\n<\/ul>\n<ul>\n<li>V\u00e4ri: artisaanitammi<\/li>\n<li>Materiaali: Tekninen puu<\/li>\n<li>Kokonaismitat: 143,5 x 29 x 143,5 cm (L x S x K)<\/li>\n<li>Kokonaiskantavuus: 70 kg<\/li>\n<li>Kantavuus per taso: 10 kg<\/li>\n<li>Porrasmainen muotoilu<\/li>\n<li>Toimii my\u00f6s huoneenjakajana<\/li>\n<li>Asennus vaaditaan: Kyll\u00e4<\/li>\n<li>Legal Documents:\n<p><span>Lis\u00e4tietoja huonekalujesi kaatumisen est\u00e4misest\u00e4 voit l\u00f6yt\u00e4\u00e4 <span style=\"text-decoration: underline\"><strong><a title=\"https:\/\/bit.ly\/3bVwkQp\" href=\"https:\/\/bit.ly\/3bVwkQp\" target=\"_blank\">t\u00e4\u00e4lt\u00e4<\/a><\/strong><\/span><\/span><\/p>\n<\/li>\n<\/ul>\n","protected":false},"excerpt":{"rendered":"<ul>\n<li>V\u00e4ri: artisaanitammi<\/li>\n<li>Materiaali: Tekninen puu<\/li>\n<li>Kokonaismitat: 143,5 x 29 x 143,5 cm (L x S x K)<\/li>\n<li>Kokonaiskantavuus: 70 kg<\/li>\n<li>Kantavuus per taso: 10 kg<\/li>\n<li>Porrasmainen muotoilu<\/li>\n<li>Toimii my\u00f6s huoneenjakajana<\/li>\n<li>Asennus vaaditaan: Kyll\u00e4<\/li>\n<li>Legal Documents:\n<p><span>Lis\u00e4tietoja huonekalujesi kaatumisen est\u00e4misest\u00e4 voit l\u00f6yt\u00e4\u00e4 <span style=\"text-decoration: underline\"><strong><a title=\"https:\/\/bit.ly\/3bVwkQp\" href=\"https:\/\/bit.ly\/3bVwkQp\" target=\"_blank\">t\u00e4\u00e4lt\u00e4<\/a><\/strong><\/span><\/span><\/p>\n<\/li>\n<\/ul>\n","protected":false},"featured_media":100000172318,"comment_status":"closed","ping_status":"closed","template":"","meta":[],"product_brand":[],"product_cat":[84,8547],"product_tag":[],"class_list":{"0":"post-172318","1":"product","2":"type-product","3":"status-publish","4":"has-post-thumbnail","6":"product_cat-huonekalut","7":"product_cat-kirjahyllyt","9":"first","10":"instock","11":"taxable","12":"shipping-taxable","13":"purchasable","14":"product-type-simple"},"_links":{"self":[{"href":"https:\/\/www.otiumhome.fi\/index.php\/wp-json\/wp\/v2\/product\/172318","targetHints":{"allow":["GET"]}}],"collection":[{"href":"https:\/\/www.otiumhome.fi\/index.php\/wp-json\/wp\/v2\/product"}],"about":[{"href":"https:\/\/www.otiumhome.fi\/index.php\/wp-json\/wp\/v2\/types\/product"}],"replies":[{"embeddable":true,"href":"https:\/\/www.otiumhome.fi\/index.php\/wp-json\/wp\/v2\/comments?post=172318"}],"wp:featuredmedia":[{"embeddable":true,"href":"https:\/\/www.otiumhome.fi\/index.php\/wp-json\/"}],"wp:attachment":[{"href":"https:\/\/www.otiumhome.fi\/index.php\/wp-json\/wp\/v2\/media?parent=172318"}],"wp:term":[{"taxonomy":"product_brand","embeddable":true,"href":"https:\/\/www.otiumhome.fi\/index.php\/wp-json\/wp\/v2\/product_brand?post=172318"},{"taxonomy":"product_cat","embeddable":true,"href":"https:\/\/www.otiumhome.fi\/index.php\/wp-json\/wp\/v2\/product_cat?post=172318"},{"taxonomy":"product_tag","embeddable":true,"href":"https:\/\/www.otiumhome.fi\/index.php\/wp-json\/wp\/v2\/product_tag?post=172318"}],"curies":[{"name":"wp","href":"https:\/\/api.w.org\/{rel}","templated":true}]}}