{"id":172159,"date":"2025-09-09T23:44:39","date_gmt":"2025-09-09T23:44:39","guid":{"rendered":"https:\/\/www.otiumhome.fi\/?p=172159"},"modified":"2025-12-14T05:39:37","modified_gmt":"2025-12-14T05:39:37","slug":"ruokapoydan-tuolit-2-kpl-musta-kubu-rottinki-ja-mahonkipuu","status":"publish","type":"product","link":"https:\/\/www.otiumhome.fi\/index.php\/tuote\/ruokapoydan-tuolit-2-kpl-musta-kubu-rottinki-ja-mahonkipuu\/","title":{"rendered":"Ruokap\u00f6yd\u00e4n tuolit 2 kpl musta Kubu-rottinki ja mahonkipuu"},"content":{"rendered":"<p>T\u00e4ll\u00e4 yksinkertaisella ja t\u00e4ydellisen yhteensopivan v\u00e4risell\u00e4 Kubu-rottinki ruokatuolisarjalla saat keitti\u00f6si uuteen loistoon.<\/p>\n<\/p>\n<p>mahonkipuurunko ja aito punonta tekev\u00e4t tuoleista tukevarakenteiset, sek\u00e4 esteettiset. Rottinki p\u00e4\u00e4llysteiset istuimet ovat my\u00f6s todella mukavat ja helpot puhdistaa. Jos etsit jotain t\u00e4ydent\u00e4m\u00e4\u00e4n keitti\u00f6n ja ruokasalin sisustusta, n\u00e4m\u00e4 hienot k\u00e4sin punotut rottinkituolit ovat sinun ensimm\u00e4inen valintasi.<\/p>\n<\/p>\n<p>Toimitus sis\u00e4lt\u00e4\u00e4 2 ruokap\u00f6yd\u00e4n tuolia.<\/p>\n<ul>\n<li>V\u00e4ri: musta<\/li>\n<li>Materiaali: Kubu-rottinki ja mahonkipuu<\/li>\n<li>Mustalla viimeistelyll\u00e4<\/li>\n<li>Mitat: 46 x 61 x 93 cm (L x S x K)<\/li>\n<li>Istuimen leveys: 46 cm<\/li>\n<li>Istuimen syvyys: 41,5 cm<\/li>\n<li>Istuimen korkeus maasta: 46 cm<\/li>\n<li>K\u00e4sintehty<\/li>\n<li>Helppo koota<\/li>\n<li>Toimitus sis\u00e4lt\u00e4\u00e4 2 ruokatuolia<\/li>\n<\/ul>\n","protected":false},"excerpt":{"rendered":"<ul>\n<li>V\u00e4ri: musta<\/li>\n<li>Materiaali: Kubu-rottinki ja mahonkipuu<\/li>\n<li>Mustalla viimeistelyll\u00e4<\/li>\n<li>Mitat: 46 x 61 x 93 cm (L x S x K)<\/li>\n<li>Istuimen leveys: 46 cm<\/li>\n<li>Istuimen syvyys: 41,5 cm<\/li>\n<li>Istuimen korkeus maasta: 46 cm<\/li>\n<li>K\u00e4sintehty<\/li>\n<li>Helppo koota<\/li>\n<li>Toimitus sis\u00e4lt\u00e4\u00e4 2 ruokatuolia<\/li>\n<\/ul>\n","protected":false},"featured_media":100000172159,"comment_status":"closed","ping_status":"closed","template":"","meta":[],"product_brand":[],"product_cat":[84,8542],"product_tag":[],"class_list":{"0":"post-172159","1":"product","2":"type-product","3":"status-publish","4":"has-post-thumbnail","6":"product_cat-huonekalut","7":"product_cat-keittion-ruokapoydan-tuolit","9":"first","10":"instock","11":"taxable","12":"shipping-taxable","13":"purchasable","14":"product-type-simple"},"_links":{"self":[{"href":"https:\/\/www.otiumhome.fi\/index.php\/wp-json\/wp\/v2\/product\/172159","targetHints":{"allow":["GET"]}}],"collection":[{"href":"https:\/\/www.otiumhome.fi\/index.php\/wp-json\/wp\/v2\/product"}],"about":[{"href":"https:\/\/www.otiumhome.fi\/index.php\/wp-json\/wp\/v2\/types\/product"}],"replies":[{"embeddable":true,"href":"https:\/\/www.otiumhome.fi\/index.php\/wp-json\/wp\/v2\/comments?post=172159"}],"wp:featuredmedia":[{"embeddable":true,"href":"https:\/\/www.otiumhome.fi\/index.php\/wp-json\/"}],"wp:attachment":[{"href":"https:\/\/www.otiumhome.fi\/index.php\/wp-json\/wp\/v2\/media?parent=172159"}],"wp:term":[{"taxonomy":"product_brand","embeddable":true,"href":"https:\/\/www.otiumhome.fi\/index.php\/wp-json\/wp\/v2\/product_brand?post=172159"},{"taxonomy":"product_cat","embeddable":true,"href":"https:\/\/www.otiumhome.fi\/index.php\/wp-json\/wp\/v2\/product_cat?post=172159"},{"taxonomy":"product_tag","embeddable":true,"href":"https:\/\/www.otiumhome.fi\/index.php\/wp-json\/wp\/v2\/product_tag?post=172159"}],"curies":[{"name":"wp","href":"https:\/\/api.w.org\/{rel}","templated":true}]}}