{"id":172151,"date":"2025-09-09T23:44:31","date_gmt":"2025-09-09T23:44:31","guid":{"rendered":"https:\/\/www.otiumhome.fi\/?p=172151"},"modified":"2025-09-11T06:21:56","modified_gmt":"2025-09-11T06:21:56","slug":"vaatekaappi-corona-55x50x170-cm-taysi-manty","status":"publish","type":"product","link":"https:\/\/www.otiumhome.fi\/index.php\/tuote\/vaatekaappi-corona-55x50x170-cm-taysi-manty\/","title":{"rendered":"Vaatekaappi Corona 55x50x170 cm t\u00e4ysi m\u00e4nty"},"content":{"rendered":"<p>T\u00e4m\u00e4 klassinen puinen vaatekaappi tarjoaa runsaasti tilaa vaatteidesi, kenkiesi ja asusteidesi siistiss\u00e4 j\u00e4rjestyksess\u00e4 pit\u00e4miseen.<\/p>\n<\/p>\n<ul>\n<li>T\u00e4ysi m\u00e4nty: T\u00e4ysi m\u00e4nty on kaunis luonnonmateriaali, jolla on suorat puunsyyt. Sen oksanpaikat antavat materiaalille sen ominaisen rustiikkisen ilmeen. T\u00e4ydest\u00e4 m\u00e4nnyst\u00e4 valmistettu s\u00e4ilytyskaappi on kest\u00e4v\u00e4 ja tukeva.<\/li>\n<li>Runsaasti s\u00e4ilytystilaa: T\u00e4m\u00e4 kaappi tarjoaa reilusti tilaa sek\u00e4 pidemmille asuillesi ett\u00e4 muille laskostetuille vaatteillesi tai asusteillesi, kuten puseroille, farkuille, hatuille, k\u00e4silaukuille, jne.<\/li>\n<li>Metallikahva: Makuuhuoneen vaatekaapissa on metallikahvat, jotka tekev\u00e4t laatikon ja oven avaamisesta sek\u00e4 sulkemisesta helppoa lis\u00e4ten samalla kalusteen kauneutta.<\/li>\n<\/ul>\n<p>Varoitus:<\/p>\n<ul>\n<li>Kaatumisen est\u00e4miseksi t\u00e4t\u00e4 tuotetta on k\u00e4ytett\u00e4v\u00e4 mukana toimitetun sein\u00e4kiinnityslaitteen kanssa.<\/li>\n<\/ul>\n<ul>\n<li>Materiaali: Hunajanruskeaksi vahattu t\u00e4ysi m\u00e4nty, tekninen puu, metalli<\/li>\n<li>Mitat: 55 x 50 x 170 cm (L x S x K)<\/li>\n<li>Laatikon ulkomitat: 41 x 17,5 cm (L x K)<\/li>\n<li>Mallisto: Corona<\/li>\n<li>Asennus vaaditaan: Kyll\u00e4<\/li>\n<li>Legal Documents:\n<p><span>Lis\u00e4tietoja huonekalujesi kaatumisen est\u00e4misest\u00e4 voit l\u00f6yt\u00e4\u00e4 <span style=\"text-decoration: underline\"><strong><a title=\"https:\/\/bit.ly\/3bVwkQp\" href=\"https:\/\/bit.ly\/3bVwkQp\" target=\"_blank\">t\u00e4\u00e4lt\u00e4<\/a><\/strong><\/span><\/span><\/p>\n<\/li>\n<\/ul>\n","protected":false},"excerpt":{"rendered":"<ul>\n<li>Materiaali: Hunajanruskeaksi vahattu t\u00e4ysi m\u00e4nty, tekninen puu, metalli<\/li>\n<li>Mitat: 55 x 50 x 170 cm (L x S x K)<\/li>\n<li>Laatikon ulkomitat: 41 x 17,5 cm (L x K)<\/li>\n<li>Mallisto: Corona<\/li>\n<li>Asennus vaaditaan: Kyll\u00e4<\/li>\n<li>Legal Documents:\n<p><span>Lis\u00e4tietoja huonekalujesi kaatumisen est\u00e4misest\u00e4 voit l\u00f6yt\u00e4\u00e4 <span style=\"text-decoration: underline\"><strong><a title=\"https:\/\/bit.ly\/3bVwkQp\" href=\"https:\/\/bit.ly\/3bVwkQp\" target=\"_blank\">t\u00e4\u00e4lt\u00e4<\/a><\/strong><\/span><\/span><\/p>\n<\/li>\n<\/ul>\n","protected":false},"featured_media":100000172151,"comment_status":"closed","ping_status":"closed","template":"","meta":[],"product_brand":[],"product_cat":[84,8539],"product_tag":[],"class_list":{"0":"post-172151","1":"product","2":"type-product","3":"status-publish","4":"has-post-thumbnail","6":"product_cat-huonekalut","7":"product_cat-kaapit-vaatekaapit","9":"first","10":"instock","11":"taxable","12":"shipping-taxable","13":"purchasable","14":"product-type-simple"},"_links":{"self":[{"href":"https:\/\/www.otiumhome.fi\/index.php\/wp-json\/wp\/v2\/product\/172151","targetHints":{"allow":["GET"]}}],"collection":[{"href":"https:\/\/www.otiumhome.fi\/index.php\/wp-json\/wp\/v2\/product"}],"about":[{"href":"https:\/\/www.otiumhome.fi\/index.php\/wp-json\/wp\/v2\/types\/product"}],"replies":[{"embeddable":true,"href":"https:\/\/www.otiumhome.fi\/index.php\/wp-json\/wp\/v2\/comments?post=172151"}],"wp:featuredmedia":[{"embeddable":true,"href":"https:\/\/www.otiumhome.fi\/index.php\/wp-json\/"}],"wp:attachment":[{"href":"https:\/\/www.otiumhome.fi\/index.php\/wp-json\/wp\/v2\/media?parent=172151"}],"wp:term":[{"taxonomy":"product_brand","embeddable":true,"href":"https:\/\/www.otiumhome.fi\/index.php\/wp-json\/wp\/v2\/product_brand?post=172151"},{"taxonomy":"product_cat","embeddable":true,"href":"https:\/\/www.otiumhome.fi\/index.php\/wp-json\/wp\/v2\/product_cat?post=172151"},{"taxonomy":"product_tag","embeddable":true,"href":"https:\/\/www.otiumhome.fi\/index.php\/wp-json\/wp\/v2\/product_tag?post=172151"}],"curies":[{"name":"wp","href":"https:\/\/api.w.org\/{rel}","templated":true}]}}