{"id":171925,"date":"2025-09-05T16:54:24","date_gmt":"2025-09-05T16:54:24","guid":{"rendered":"https:\/\/www.otiumhome.fi\/?p=171925"},"modified":"2025-09-10T15:28:42","modified_gmt":"2025-09-10T15:28:42","slug":"sangynrunko-ilman-patjaa-valkoinen-150x200-cm-taysi-manty","status":"publish","type":"product","link":"https:\/\/www.otiumhome.fi\/index.php\/tuote\/sangynrunko-ilman-patjaa-valkoinen-150x200-cm-taysi-manty\/","title":{"rendered":"S\u00e4ngynrunko ilman patjaa valkoinen 150&#215;200 cm t\u00e4ysi m\u00e4nty"},"content":{"rendered":"<p>Saat paremmat rauhalliset y\u00f6unet t\u00e4m\u00e4n s\u00e4ngynrungon ansiosta! Se on tervetullut lis\u00e4 mihin tahansa makuuhuoneeseen.<\/p>\n<\/p>\n<ul>\n<li>Vakaa ja pitk\u00e4kestoinen runko: T\u00e4ysi m\u00e4nty tunnetaan lujuudestaan ja kest\u00e4vyydest\u00e4\u00e4n. Sen suorat puunsyyt ja erottuvat oksanpaikat lis\u00e4\u00e4v\u00e4t sen rustiikkista charmia.<\/li>\n<li>K\u00e4ytt\u00e4\u00e4 tilan hy\u00f6dykseen: Seitsem\u00e4ll\u00e4 k\u00e4tev\u00e4ll\u00e4 lokerolla varustettu s\u00e4ngynp\u00e4\u00e4ty on tilaa s\u00e4\u00e4st\u00e4v\u00e4 vaihtoehto, joka voi korvata y\u00f6p\u00f6yd\u00e4n, t\u00e4m\u00e4 auttaa maksimoimaan makuuhuoneen tilan ja tekee siit\u00e4 ihanteellisen pieniin tai rajoitettuihin tiloihin.<\/li>\n<li>Monipuolinen s\u00e4ngynp\u00e4\u00e4ty: T\u00e4m\u00e4 s\u00e4ngynrunko sis\u00e4lt\u00e4\u00e4 s\u00e4ngynp\u00e4\u00e4dyn, joka tarjoaa erinomaisen selk\u00e4tuen, kun istut s\u00e4ngyll\u00e4 lukemassa kirjaa tai katselet TV:t\u00e4. Samalla se toimii koristeellisena elementtin\u00e4.<\/li>\n<li>S\u00e4lepohja optimaaliseen tukeen: S\u00e4ngyn runko on varustettu s\u00e4lepohjalla, joka tukee patjaasi ja on hengitt\u00e4v\u00e4.<\/li>\n<\/ul>\n<p>Hyv\u00e4 tiet\u00e4\u00e4:<\/p>\n<ul>\n<li>Patja ei sis\u00e4lly t\u00e4h\u00e4n s\u00e4nkyyn. Tarjoamme monipuolisen valikoiman patjoja, jotka l\u00f6yd\u00e4t tarkistamalla myym\u00e4l\u00e4mme valikoiman.<\/li>\n<\/ul>\n<ul>\n<li>V\u00e4ri: Valkoinen<\/li>\n<li>Materiaali: t\u00e4ysi m\u00e4nty, vaneri<\/li>\n<li>Kokonaismitat: 227,5 x 156 x 82 cm (P x L x K)<\/li>\n<li>Sopiva patjan koko: 150 x 200 cm (L x P) (patja ei mukana)<\/li>\n<li>Maksimikantavuus (patjan kanssa): 180 kg<\/li>\n<li>S\u00e4lepohjalla<\/li>\n<li>S\u00e4ilytyslokeroilla<\/li>\n<li>Asennus vaaditaan: Kyll\u00e4<\/li>\n<li> <\/li>\n<li><strong>Toimitus sis\u00e4lt\u00e4\u00e4:<\/strong><\/li>\n<li>1 x s\u00e4ngyn runko<\/li>\n<li>1 x P\u00e4\u00e4tylevy<\/li>\n<\/ul>\n","protected":false},"excerpt":{"rendered":"<ul>\n<li>V\u00e4ri: Valkoinen<\/li>\n<li>Materiaali: t\u00e4ysi m\u00e4nty, vaneri<\/li>\n<li>Kokonaismitat: 227,5 x 156 x 82 cm (P x L x K)<\/li>\n<li>Sopiva patjan koko: 150 x 200 cm (L x P) (patja ei mukana)<\/li>\n<li>Maksimikantavuus (patjan kanssa): 180 kg<\/li>\n<li>S\u00e4lepohjalla<\/li>\n<li>S\u00e4ilytyslokeroilla<\/li>\n<li>Asennus vaaditaan: Kyll\u00e4<\/li>\n<li> <\/li>\n<li><strong>Toimitus sis\u00e4lt\u00e4\u00e4:<\/strong><\/li>\n<li>1 x s\u00e4ngyn runko<\/li>\n<li>1 x P\u00e4\u00e4tylevy<\/li>\n<\/ul>\n","protected":false},"featured_media":100000171925,"comment_status":"closed","ping_status":"closed","template":"","meta":[],"product_brand":[],"product_cat":[84,8638],"product_tag":[],"class_list":{"0":"post-171925","1":"product","2":"type-product","3":"status-publish","4":"has-post-thumbnail","6":"product_cat-huonekalut","7":"product_cat-sangyt-sangynrungot","9":"first","10":"instock","11":"taxable","12":"shipping-taxable","13":"purchasable","14":"product-type-simple"},"_links":{"self":[{"href":"https:\/\/www.otiumhome.fi\/index.php\/wp-json\/wp\/v2\/product\/171925","targetHints":{"allow":["GET"]}}],"collection":[{"href":"https:\/\/www.otiumhome.fi\/index.php\/wp-json\/wp\/v2\/product"}],"about":[{"href":"https:\/\/www.otiumhome.fi\/index.php\/wp-json\/wp\/v2\/types\/product"}],"replies":[{"embeddable":true,"href":"https:\/\/www.otiumhome.fi\/index.php\/wp-json\/wp\/v2\/comments?post=171925"}],"wp:featuredmedia":[{"embeddable":true,"href":"https:\/\/www.otiumhome.fi\/index.php\/wp-json\/"}],"wp:attachment":[{"href":"https:\/\/www.otiumhome.fi\/index.php\/wp-json\/wp\/v2\/media?parent=171925"}],"wp:term":[{"taxonomy":"product_brand","embeddable":true,"href":"https:\/\/www.otiumhome.fi\/index.php\/wp-json\/wp\/v2\/product_brand?post=171925"},{"taxonomy":"product_cat","embeddable":true,"href":"https:\/\/www.otiumhome.fi\/index.php\/wp-json\/wp\/v2\/product_cat?post=171925"},{"taxonomy":"product_tag","embeddable":true,"href":"https:\/\/www.otiumhome.fi\/index.php\/wp-json\/wp\/v2\/product_tag?post=171925"}],"curies":[{"name":"wp","href":"https:\/\/api.w.org\/{rel}","templated":true}]}}