{"id":171901,"date":"2025-09-05T16:49:01","date_gmt":"2025-09-05T16:49:01","guid":{"rendered":"https:\/\/www.otiumhome.fi\/?p=171901"},"modified":"2025-09-10T15:19:34","modified_gmt":"2025-09-10T15:19:34","slug":"sanky-kirjahyllylla-ilman-patjaa-vahanrusk-100x200-cm-taysi-puu","status":"publish","type":"product","link":"https:\/\/www.otiumhome.fi\/index.php\/tuote\/sanky-kirjahyllylla-ilman-patjaa-vahanrusk-100x200-cm-taysi-puu\/","title":{"rendered":"S\u00e4nky kirjahyllyll\u00e4 ilman patjaa vahanrusk 100&#215;200 cm t\u00e4ysi puu"},"content":{"rendered":"<p>Saat paremmat rauhalliset y\u00f6unet t\u00e4m\u00e4n kirjahyllyll\u00e4 varustetun s\u00e4ngyn ansiosta! Se on tervetullut lis\u00e4 mihin tahansa makuuhuoneeseen.<\/p>\n<\/p>\n<ul>\n<li> Vakaa ja pitk\u00e4kestoinen runko: T\u00e4ysi m\u00e4nty tunnetaan lujuudestaan ja kest\u00e4vyydest\u00e4\u00e4n. Sen suorat puunsyyt ja erottuvat oksanpaikat lis\u00e4\u00e4v\u00e4t sen rustiikkista charmia. <\/li>\n<li> S\u00e4lepohja optimaaliseen tukeen: S\u00e4ngyn runko on varustettu s\u00e4lepohjalla, joka tukee patjaasi ja on hengitt\u00e4v\u00e4. <\/li>\n<li> Runsaasti s\u00e4ilytystilaa: T\u00e4m\u00e4 kirjahylly s\u00e4ngynp\u00e4\u00e4ty tarjoaa runsaasti s\u00e4ilytystilaa kirjojen, koriste-esineiden tai henkil\u00f6kohtaisten tavaroiden pit\u00e4miseen helposti ulottuvilla, se v\u00e4hent\u00e4\u00e4 sotkua makuuhuoneessa. <\/li>\n<li>K\u00e4yt\u00e4nn\u00f6llinen jalkalevy: Jalkalevy ei vain lis\u00e4\u00e4 s\u00e4ngynrungon yleisvakautta, se tarjoaa my\u00f6s turvallisen nukkumisymp\u00e4rist\u00f6n, kiinnitt\u00e4\u00e4 patjasi paikalleen ja est\u00e4\u00e4 peittoja, lakanoita ja muita vuodevaatteita putoamasta s\u00e4ngynp\u00e4\u00e4st\u00e4 pit\u00e4en siistin ulkon\u00e4\u00f6n. <\/li>\n<li>Tilaa s\u00e4\u00e4st\u00e4v\u00e4: T\u00e4m\u00e4 s\u00e4ngynp\u00e4\u00e4ty on tilaa s\u00e4\u00e4st\u00e4v\u00e4 vaihtoehto, joka voi korvata y\u00f6p\u00f6yd\u00e4n, t\u00e4m\u00e4 auttaa maksimoimaan makuuhuoneen tilan ja tekee siit\u00e4 ihanteellisen pieniin tai rajoitettuihin tiloihin. <\/li>\n<\/ul>\n<p>Hyv\u00e4 tiet\u00e4\u00e4:<\/p>\n<ul>\n<li>Patja ei sis\u00e4lly t\u00e4h\u00e4n s\u00e4nkyyn. Tarjoamme monipuolisen valikoiman patjoja, jotka l\u00f6yd\u00e4t tarkistamalla myym\u00e4l\u00e4mme valikoiman.<\/li>\n<\/ul>\n<ul>\n<li>V\u00e4ri: Vahanruskea<\/li>\n<li>Materiaali: T\u00e4ysi m\u00e4nty<\/li>\n<li>Kokonaismitat: 226,5 x 106 x 110 cm (P x L x K)<\/li>\n<li>Asennus vaaditaan: Kyll\u00e4<\/li>\n<li><strong>S\u00e4ngyn runko:<\/strong><\/li>\n<li>Kokonaismitat: 203,5 x 103,5 x 52,5 cm (P x L x K)<\/li>\n<li>Sopiva patjan koko: 100 x 200 cm (L x P) (patja ei mukana)<\/li>\n<li>S\u00e4lepohjalla<\/li>\n<li><strong>Kirjahylly s\u00e4ngynp\u00e4\u00e4ty:<\/strong><\/li>\n<li>Mitat: 106 x 23 x 110 cm (L x S x K)<\/li>\n<li>Sopiva patjan leveys: 100 cm<\/li>\n<li>S\u00e4ilytyslokeroilla<\/li>\n<li><strong>Toimitus sis\u00e4lt\u00e4\u00e4:<\/strong><\/li>\n<li>1 x s\u00e4ngyn runko<\/li>\n<li>1 x Kirjahylly s\u00e4ngynp\u00e4\u00e4ty<\/li>\n<\/ul>\n","protected":false},"excerpt":{"rendered":"<ul>\n<li>V\u00e4ri: Vahanruskea<\/li>\n<li>Materiaali: T\u00e4ysi m\u00e4nty<\/li>\n<li>Kokonaismitat: 226,5 x 106 x 110 cm (P x L x K)<\/li>\n<li>Asennus vaaditaan: Kyll\u00e4<\/li>\n<li><strong>S\u00e4ngyn runko:<\/strong><\/li>\n<li>Kokonaismitat: 203,5 x 103,5 x 52,5 cm (P x L x K)<\/li>\n<li>Sopiva patjan koko: 100 x 200 cm (L x P) (patja ei mukana)<\/li>\n<li>S\u00e4lepohjalla<\/li>\n<li><strong>Kirjahylly s\u00e4ngynp\u00e4\u00e4ty:<\/strong><\/li>\n<li>Mitat: 106 x 23 x 110 cm (L x S x K)<\/li>\n<li>Sopiva patjan leveys: 100 cm<\/li>\n<li>S\u00e4ilytyslokeroilla<\/li>\n<li><strong>Toimitus sis\u00e4lt\u00e4\u00e4:<\/strong><\/li>\n<li>1 x s\u00e4ngyn runko<\/li>\n<li>1 x Kirjahylly s\u00e4ngynp\u00e4\u00e4ty<\/li>\n<\/ul>\n","protected":false},"featured_media":100000171901,"comment_status":"closed","ping_status":"closed","template":"","meta":[],"product_brand":[],"product_cat":[84,8638],"product_tag":[],"class_list":{"0":"post-171901","1":"product","2":"type-product","3":"status-publish","4":"has-post-thumbnail","6":"product_cat-huonekalut","7":"product_cat-sangyt-sangynrungot","9":"first","10":"instock","11":"taxable","12":"shipping-taxable","13":"purchasable","14":"product-type-simple"},"_links":{"self":[{"href":"https:\/\/www.otiumhome.fi\/index.php\/wp-json\/wp\/v2\/product\/171901","targetHints":{"allow":["GET"]}}],"collection":[{"href":"https:\/\/www.otiumhome.fi\/index.php\/wp-json\/wp\/v2\/product"}],"about":[{"href":"https:\/\/www.otiumhome.fi\/index.php\/wp-json\/wp\/v2\/types\/product"}],"replies":[{"embeddable":true,"href":"https:\/\/www.otiumhome.fi\/index.php\/wp-json\/wp\/v2\/comments?post=171901"}],"wp:featuredmedia":[{"embeddable":true,"href":"https:\/\/www.otiumhome.fi\/index.php\/wp-json\/"}],"wp:attachment":[{"href":"https:\/\/www.otiumhome.fi\/index.php\/wp-json\/wp\/v2\/media?parent=171901"}],"wp:term":[{"taxonomy":"product_brand","embeddable":true,"href":"https:\/\/www.otiumhome.fi\/index.php\/wp-json\/wp\/v2\/product_brand?post=171901"},{"taxonomy":"product_cat","embeddable":true,"href":"https:\/\/www.otiumhome.fi\/index.php\/wp-json\/wp\/v2\/product_cat?post=171901"},{"taxonomy":"product_tag","embeddable":true,"href":"https:\/\/www.otiumhome.fi\/index.php\/wp-json\/wp\/v2\/product_tag?post=171901"}],"curies":[{"name":"wp","href":"https:\/\/api.w.org\/{rel}","templated":true}]}}