{"id":170735,"date":"2025-09-05T13:56:41","date_gmt":"2025-09-05T13:56:41","guid":{"rendered":"https:\/\/www.otiumhome.fi\/?p=170735"},"modified":"2025-09-10T11:31:17","modified_gmt":"2025-09-10T11:31:17","slug":"sangynrunko-paadylla-harmaa-200x200-cm-taysi-puu","status":"publish","type":"product","link":"https:\/\/www.otiumhome.fi\/index.php\/tuote\/sangynrunko-paadylla-harmaa-200x200-cm-taysi-puu\/","title":{"rendered":"S\u00e4ngynrunko p\u00e4\u00e4dyll\u00e4 harmaa 200&#215;200 cm t\u00e4ysi puu"},"content":{"rendered":"<p>Nauti hyvist\u00e4 y\u00f6unista t\u00e4ll\u00e4 puisella s\u00e4ngynrungolla.<\/p>\n<\/p>\n<ul>\n<li>Kest\u00e4v\u00e4 materiaali: T\u00e4ysi m\u00e4nty on kaunis luonnonmateriaali. M\u00e4nnyll\u00e4 on suorat puunsyyt ja sen oksanpaikat antavat materiaalille sen ominaisen, rustiikkisen ilmeen. T\u00e4ydest\u00e4 m\u00e4nnyst\u00e4 valmistettu vuode on tukeva ja kest\u00e4v\u00e4.<\/li>\n<li>Vaneris\u00e4leet: Vaneris\u00e4leet tarjoavat hyv\u00e4n painonjakautumisen, taaten patjalle paljon kaivattua tukea ja hengitt\u00e4vyytt\u00e4.<\/li>\n<li>Toimivat s\u00e4ngynp\u00e4\u00e4dyt: Puisen s\u00e4ngynrungon s\u00e4ngynp\u00e4\u00e4ty ja jalkop\u00e4\u00e4ty pit\u00e4v\u00e4t patjan paikoillaan. S\u00e4ngyn p\u00e4\u00e4tylevy tarjoaa sel\u00e4lle erinomaisen tuen s\u00e4ngyll\u00e4 istuessasi, kirjaa lukiessasi tai televisiota katsellessasi.<\/li>\n<\/ul>\n<p>Hyv\u00e4 tiet\u00e4\u00e4:<\/p>\n<ul>\n<li> Patja ei sis\u00e4lly t\u00e4h\u00e4n s\u00e4nkyyn. Tarjoamme monipuolisen valikoiman patjoja, jotka l\u00f6yd\u00e4t tarkistamalla myym\u00e4l\u00e4mme valikoiman.<\/li>\n<li>Jotkut s\u00e4ngynp\u00e4\u00e4dyn osat on pakattu s\u00e4ngynrungon laatikoihin tilarajoitusten vuoksi.<\/li>\n<\/ul>\n<ul>\n<li>V\u00e4ri: Harmaa<\/li>\n<li>Materiaali: T\u00e4ysi m\u00e4nty<\/li>\n<li>S\u00e4lemateriaali: Vaneri<\/li>\n<li>S\u00e4ngyn kokonaismitat: 205,5 x 205,5 x 100 cm (P x L x K)<\/li>\n<li>Vapaa korkeus s\u00e4ngyn alla: 21 cm<\/li>\n<li>Sopiva patjan koko (patja ei sis\u00e4lly toimitukseen): 200 x 200 cm (L x P)<\/li>\n<li>Asennus vaaditaan: kyll\u00e4<\/li>\n<\/ul>\n","protected":false},"excerpt":{"rendered":"<ul>\n<li>V\u00e4ri: Harmaa<\/li>\n<li>Materiaali: T\u00e4ysi m\u00e4nty<\/li>\n<li>S\u00e4lemateriaali: Vaneri<\/li>\n<li>S\u00e4ngyn kokonaismitat: 205,5 x 205,5 x 100 cm (P x L x K)<\/li>\n<li>Vapaa korkeus s\u00e4ngyn alla: 21 cm<\/li>\n<li>Sopiva patjan koko (patja ei sis\u00e4lly toimitukseen): 200 x 200 cm (L x P)<\/li>\n<li>Asennus vaaditaan: kyll\u00e4<\/li>\n<\/ul>\n","protected":false},"featured_media":100000170735,"comment_status":"closed","ping_status":"closed","template":"","meta":[],"product_brand":[],"product_cat":[84,8638],"product_tag":[],"class_list":{"0":"post-170735","1":"product","2":"type-product","3":"status-publish","4":"has-post-thumbnail","6":"product_cat-huonekalut","7":"product_cat-sangyt-sangynrungot","9":"first","10":"instock","11":"taxable","12":"shipping-taxable","13":"purchasable","14":"product-type-simple"},"_links":{"self":[{"href":"https:\/\/www.otiumhome.fi\/index.php\/wp-json\/wp\/v2\/product\/170735","targetHints":{"allow":["GET"]}}],"collection":[{"href":"https:\/\/www.otiumhome.fi\/index.php\/wp-json\/wp\/v2\/product"}],"about":[{"href":"https:\/\/www.otiumhome.fi\/index.php\/wp-json\/wp\/v2\/types\/product"}],"replies":[{"embeddable":true,"href":"https:\/\/www.otiumhome.fi\/index.php\/wp-json\/wp\/v2\/comments?post=170735"}],"wp:featuredmedia":[{"embeddable":true,"href":"https:\/\/www.otiumhome.fi\/index.php\/wp-json\/"}],"wp:attachment":[{"href":"https:\/\/www.otiumhome.fi\/index.php\/wp-json\/wp\/v2\/media?parent=170735"}],"wp:term":[{"taxonomy":"product_brand","embeddable":true,"href":"https:\/\/www.otiumhome.fi\/index.php\/wp-json\/wp\/v2\/product_brand?post=170735"},{"taxonomy":"product_cat","embeddable":true,"href":"https:\/\/www.otiumhome.fi\/index.php\/wp-json\/wp\/v2\/product_cat?post=170735"},{"taxonomy":"product_tag","embeddable":true,"href":"https:\/\/www.otiumhome.fi\/index.php\/wp-json\/wp\/v2\/product_tag?post=170735"}],"curies":[{"name":"wp","href":"https:\/\/api.w.org\/{rel}","templated":true}]}}