{"id":170692,"date":"2025-09-05T12:12:31","date_gmt":"2025-09-05T12:12:31","guid":{"rendered":"https:\/\/www.otiumhome.fi\/?p=170692"},"modified":"2025-09-05T22:39:44","modified_gmt":"2025-09-05T22:39:44","slug":"puutarhan-varastokaappi-musta-65x45x88-cm-pp-rottinki","status":"publish","type":"product","link":"https:\/\/www.otiumhome.fi\/index.php\/tuote\/puutarhan-varastokaappi-musta-65x45x88-cm-pp-rottinki\/","title":{"rendered":"Puutarhan varastokaappi musta 65x45x88 cm PP rottinki"},"content":{"rendered":"<p>T\u00e4m\u00e4 k\u00e4yt\u00e4nn\u00f6llisell\u00e4 muotoilulla varustettu s\u00e4ilytyskaappi on todellinen katseiden vangitsija kotisi sisustuksessa.<\/p>\n<\/p>\n<p>T\u00e4m\u00e4 kest\u00e4v\u00e4 ja helposti puhdistettava s\u00e4ilytysteline on valmistettu 100 % PP:st\u00e4 (polypropeenista). Kahdella hyllyll\u00e4\u00e4n t\u00e4m\u00e4 varastokaappi tarjoaa runsaasti tilaa t\u00e4rkeiden tavaroidesi, kuten nen\u00e4liinojen, pyykinpesuaineiden, harjojen ja monien muiden j\u00e4rjest\u00e4miseen. Monipuolisena kaappina, t\u00e4m\u00e4 terassikaappi kohtaa moninaiset tarpeesi.<\/p>\n<\/p>\n<p>Varoitus: kaatumisen est\u00e4miseksi on t\u00e4t\u00e4 tuotetta k\u00e4ytett\u00e4v\u00e4 sein\u00e4kiinnityslaitteen kanssa (ei mukana).<\/p>\n<ul>\n<li>V\u00e4ri: musta<\/li>\n<li>Materiaali: 100 % polypropeeni (PP) rottinkityyli<\/li>\n<li>Mitat: 65 x 45 x 88 cm (L x S x K)<\/li>\n<li>Kaksi hylly\u00e4<\/li>\n<li>Rottinkinen muotoilu<\/li>\n<li>Asennus vaaditaan: kyll\u00e4<\/li>\n<li>Legal Documents:\n<p><span>Lis\u00e4tietoja huonekalujesi kaatumisen est\u00e4misest\u00e4 voit l\u00f6yt\u00e4\u00e4 <span style=\"text-decoration: underline\"><strong><a title=\"https:\/\/bit.ly\/3bVwkQp\" href=\"https:\/\/bit.ly\/3bVwkQp\" target=\"_blank\">t\u00e4\u00e4lt\u00e4<\/a><\/strong><\/span><\/span><\/p>\n<\/li>\n<\/ul>\n","protected":false},"excerpt":{"rendered":"<ul>\n<li>V\u00e4ri: musta<\/li>\n<li>Materiaali: 100 % polypropeeni (PP) rottinkityyli<\/li>\n<li>Mitat: 65 x 45 x 88 cm (L x S x K)<\/li>\n<li>Kaksi hylly\u00e4<\/li>\n<li>Rottinkinen muotoilu<\/li>\n<li>Asennus vaaditaan: kyll\u00e4<\/li>\n<li>Legal Documents:\n<p><span>Lis\u00e4tietoja huonekalujesi kaatumisen est\u00e4misest\u00e4 voit l\u00f6yt\u00e4\u00e4 <span style=\"text-decoration: underline\"><strong><a title=\"https:\/\/bit.ly\/3bVwkQp\" href=\"https:\/\/bit.ly\/3bVwkQp\" target=\"_blank\">t\u00e4\u00e4lt\u00e4<\/a><\/strong><\/span><\/span><\/p>\n<\/li>\n<\/ul>\n","protected":false},"featured_media":100000170692,"comment_status":"closed","ping_status":"closed","template":"","meta":[],"product_brand":[],"product_cat":[84,8635],"product_tag":[],"class_list":{"0":"post-170692","1":"product","2":"type-product","3":"status-publish","4":"has-post-thumbnail","6":"product_cat-huonekalut","7":"product_cat-sailytys-lukkokaapit","9":"first","10":"instock","11":"taxable","12":"shipping-taxable","13":"purchasable","14":"product-type-simple"},"_links":{"self":[{"href":"https:\/\/www.otiumhome.fi\/index.php\/wp-json\/wp\/v2\/product\/170692","targetHints":{"allow":["GET"]}}],"collection":[{"href":"https:\/\/www.otiumhome.fi\/index.php\/wp-json\/wp\/v2\/product"}],"about":[{"href":"https:\/\/www.otiumhome.fi\/index.php\/wp-json\/wp\/v2\/types\/product"}],"replies":[{"embeddable":true,"href":"https:\/\/www.otiumhome.fi\/index.php\/wp-json\/wp\/v2\/comments?post=170692"}],"wp:featuredmedia":[{"embeddable":true,"href":"https:\/\/www.otiumhome.fi\/index.php\/wp-json\/"}],"wp:attachment":[{"href":"https:\/\/www.otiumhome.fi\/index.php\/wp-json\/wp\/v2\/media?parent=170692"}],"wp:term":[{"taxonomy":"product_brand","embeddable":true,"href":"https:\/\/www.otiumhome.fi\/index.php\/wp-json\/wp\/v2\/product_brand?post=170692"},{"taxonomy":"product_cat","embeddable":true,"href":"https:\/\/www.otiumhome.fi\/index.php\/wp-json\/wp\/v2\/product_cat?post=170692"},{"taxonomy":"product_tag","embeddable":true,"href":"https:\/\/www.otiumhome.fi\/index.php\/wp-json\/wp\/v2\/product_tag?post=170692"}],"curies":[{"name":"wp","href":"https:\/\/api.w.org\/{rel}","templated":true}]}}