{"id":170646,"date":"2025-09-05T11:21:20","date_gmt":"2025-09-05T11:21:20","guid":{"rendered":"https:\/\/www.otiumhome.fi\/?p=170646"},"modified":"2025-09-30T00:12:33","modified_gmt":"2025-09-30T00:12:33","slug":"2-kerroksinen-seinahylly-sonoma-tammi-60x21x51-cm-tekopuu","status":"publish","type":"product","link":"https:\/\/www.otiumhome.fi\/index.php\/tuote\/2-kerroksinen-seinahylly-sonoma-tammi-60x21x51-cm-tekopuu\/","title":{"rendered":"2-kerroksinen sein\u00e4hylly Sonoma-tammi 60x21x51 cm tekopuu"},"content":{"rendered":"<p>Luo ylim\u00e4\u00e4r\u00e4ist\u00e4 s\u00e4ilytystilaa rajoitettuun tilaan t\u00e4ll\u00e4 kaksikerroksisella sein\u00e4hyllyll\u00e4!<\/p>\n<\/p>\n<ul>\n<li>Kest\u00e4v\u00e4 materiaali: T\u00e4m\u00e4 kelluva hylly on valmistettu tekopuusta. Tekopuu on poikkeuksellisen laadukasta ja sile\u00e4pintaista, ja se on my\u00f6s kest\u00e4v\u00e4, vakaa ja kest\u00e4\u00e4 kosteutta.<\/li>\n<li>Runsaasti s\u00e4ilytystilaa: Sein\u00e4hyllyss\u00e4 on kaksi hylly\u00e4, jotka tarjoavat runsaasti tilaa kirjojen, kasvien, valokuvakehysten ja muiden tavaroiden s\u00e4ilytt\u00e4miseen.<\/li>\n<li>Sein\u00e4\u00e4n kiinnitett\u00e4v\u00e4 muotoilu: N\u00e4yttelyhylly ei vie lattiatilaa. Voit ripustaa sen helposti sein\u00e4lle.<\/li>\n<li>Laaja k\u00e4ytt\u00f6alue: K\u00e4yt\u00e4nn\u00f6llinen riippuva hylly sopii t\u00e4ydellisesti kotiisi ja toimistoosi, kuten olohuoneeseen, kylpyhuoneeseen, makuuhuoneeseen, parvekkeelle jne.<\/li>\n<\/ul>\n<p>Hyv\u00e4 tiet\u00e4\u00e4:<\/p>\n<ul>\n<li>Sein\u00e4n sis\u00e4puolelle tarkoitetut ruuvit ja tulpat eiv\u00e4t sis\u00e4lly toimitukseen. Suosittelemme etsim\u00e4\u00e4n ja k\u00e4ytt\u00e4m\u00e4\u00e4n seiniisi sopivia ruuveja ja tulppia. Jos et ole varma, voit ottaa yhteytt\u00e4 ammattilaiseen. Lue ja noudata ohjeiden jokaista vaihetta.<\/li>\n<\/ul>\n<ul>\n<li>V\u00e4ri: Sonoma-tammi<\/li>\n<li>Materiaali: Puusep\u00e4nty\u00f6t, ter\u00e4s<\/li>\n<li>Mitat: 60 x 21 x 51 cm (L x S x K)<\/li>\n<li>Kokoaminen vaaditaan: Kyll\u00e4<\/li>\n<\/ul>\n","protected":false},"excerpt":{"rendered":"<ul>\n<li>V\u00e4ri: Sonoma-tammi<\/li>\n<li>Materiaali: Puusep\u00e4nty\u00f6t, ter\u00e4s<\/li>\n<li>Mitat: 60 x 21 x 51 cm (L x S x K)<\/li>\n<li>Kokoaminen vaaditaan: Kyll\u00e4<\/li>\n<\/ul>\n","protected":false},"featured_media":100000170646,"comment_status":"closed","ping_status":"closed","template":"","meta":[],"product_brand":[],"product_cat":[84,8634],"product_tag":[],"class_list":{"0":"post-170646","1":"product","2":"type-product","3":"status-publish","4":"has-post-thumbnail","6":"product_cat-huonekalut","7":"product_cat-seinahyllyt","9":"first","10":"instock","11":"taxable","12":"shipping-taxable","13":"purchasable","14":"product-type-simple"},"_links":{"self":[{"href":"https:\/\/www.otiumhome.fi\/index.php\/wp-json\/wp\/v2\/product\/170646","targetHints":{"allow":["GET"]}}],"collection":[{"href":"https:\/\/www.otiumhome.fi\/index.php\/wp-json\/wp\/v2\/product"}],"about":[{"href":"https:\/\/www.otiumhome.fi\/index.php\/wp-json\/wp\/v2\/types\/product"}],"replies":[{"embeddable":true,"href":"https:\/\/www.otiumhome.fi\/index.php\/wp-json\/wp\/v2\/comments?post=170646"}],"wp:featuredmedia":[{"embeddable":true,"href":"https:\/\/www.otiumhome.fi\/index.php\/wp-json\/"}],"wp:attachment":[{"href":"https:\/\/www.otiumhome.fi\/index.php\/wp-json\/wp\/v2\/media?parent=170646"}],"wp:term":[{"taxonomy":"product_brand","embeddable":true,"href":"https:\/\/www.otiumhome.fi\/index.php\/wp-json\/wp\/v2\/product_brand?post=170646"},{"taxonomy":"product_cat","embeddable":true,"href":"https:\/\/www.otiumhome.fi\/index.php\/wp-json\/wp\/v2\/product_cat?post=170646"},{"taxonomy":"product_tag","embeddable":true,"href":"https:\/\/www.otiumhome.fi\/index.php\/wp-json\/wp\/v2\/product_tag?post=170646"}],"curies":[{"name":"wp","href":"https:\/\/api.w.org\/{rel}","templated":true}]}}