{"id":170428,"date":"2025-09-05T10:34:49","date_gmt":"2025-09-05T10:34:49","guid":{"rendered":"https:\/\/www.otiumhome.fi\/?p=170428"},"modified":"2025-09-06T00:01:05","modified_gmt":"2025-09-06T00:01:05","slug":"tv-seinakaappi-savutammi-60x26x185-cm-tekninen-puu","status":"publish","type":"product","link":"https:\/\/www.otiumhome.fi\/index.php\/tuote\/tv-seinakaappi-savutammi-60x26x185-cm-tekninen-puu\/","title":{"rendered":"TV-sein\u00e4kaappi savutammi 60x26x18,5 cm tekninen puu"},"content":{"rendered":"<p>T\u00e4m\u00e4 k\u00e4tev\u00e4 sein\u00e4kaappi on helppo kiinnitt\u00e4\u00e4 sein\u00e4\u00e4n. Se on koristeellinen ja k\u00e4yt\u00e4nn\u00f6llinen lis\u00e4 kotisi sisustukseesi.<\/p>\n<\/p>\n<ul>\n<li>Tukeva runko: Tekninen puu on poikkeuksellisen laadukasta ja sile\u00e4pintaista. Se on my\u00f6s luja, vakaa ja kosteudelle vastustuskykyinen.<\/li>\n<li>Runsaasti s\u00e4ilytystilaa: T\u00e4ss\u00e4 TV-sein\u00e4kaapissa on kaksi laatikkoa, jotka tarjoavat kotiisi runsaasti s\u00e4ilytystilaa viem\u00e4tt\u00e4 paljon lattiatilaa. Voit j\u00e4rjest\u00e4\u00e4 siihen my\u00f6s tavaroita, kuten mediasoittimia, lehti\u00e4 ja muita.<\/li>\n<li>Tyylik\u00e4s suunnittelu: Yksinkertainen suunnittelu saa t\u00e4m\u00e4n kelluvan TV-yksik\u00f6n sopimaan mihin tahansa huoneeseen ja mink\u00e4 tahansa tyylisten kalusteiden kanssa. Se lis\u00e4\u00e4 ripauksen eleganssia ja eloisuutta kotiisi.<\/li>\n<\/ul>\n<p>Huomioi:<\/p>\n<ul>\n<li>Sein\u00e4\u00e4n kiinnitett\u00e4v\u00e4t ruuvit ja tulpat eiv\u00e4t sis\u00e4lly toimitukseen. Etsi ja k\u00e4yt\u00e4 sein\u00e4\u00e4si sopivia ruuveja ja tulppia. Jos olet ep\u00e4varma, kysy ammattilaisen neuvoa. Lue ja seuraa asennusohjeiden jokaista vaihetta huolella.<\/li>\n<\/ul>\n<ul>\n<li>V\u00e4ri: savutammi<\/li>\n<li>Materiaali: tekninen puu<\/li>\n<li>Mitat: 60 x 26 x 18,5 cm (L x S x K)<\/li>\n<li>Maksimikantavuus (yhteens\u00e4): 50 kg<\/li>\n<li>Asennus vaaditaan: kyll\u00e4<\/li>\n<\/ul>\n","protected":false},"excerpt":{"rendered":"<ul>\n<li>V\u00e4ri: savutammi<\/li>\n<li>Materiaali: tekninen puu<\/li>\n<li>Mitat: 60 x 26 x 18,5 cm (L x S x K)<\/li>\n<li>Maksimikantavuus (yhteens\u00e4): 50 kg<\/li>\n<li>Asennus vaaditaan: kyll\u00e4<\/li>\n<\/ul>\n","protected":false},"featured_media":100000170428,"comment_status":"closed","ping_status":"closed","template":"","meta":[],"product_brand":[],"product_cat":[84,8634],"product_tag":[],"class_list":{"0":"post-170428","1":"product","2":"type-product","3":"status-publish","4":"has-post-thumbnail","6":"product_cat-huonekalut","7":"product_cat-seinahyllyt","9":"first","10":"instock","11":"taxable","12":"shipping-taxable","13":"purchasable","14":"product-type-simple"},"_links":{"self":[{"href":"https:\/\/www.otiumhome.fi\/index.php\/wp-json\/wp\/v2\/product\/170428","targetHints":{"allow":["GET"]}}],"collection":[{"href":"https:\/\/www.otiumhome.fi\/index.php\/wp-json\/wp\/v2\/product"}],"about":[{"href":"https:\/\/www.otiumhome.fi\/index.php\/wp-json\/wp\/v2\/types\/product"}],"replies":[{"embeddable":true,"href":"https:\/\/www.otiumhome.fi\/index.php\/wp-json\/wp\/v2\/comments?post=170428"}],"wp:featuredmedia":[{"embeddable":true,"href":"https:\/\/www.otiumhome.fi\/index.php\/wp-json\/"}],"wp:attachment":[{"href":"https:\/\/www.otiumhome.fi\/index.php\/wp-json\/wp\/v2\/media?parent=170428"}],"wp:term":[{"taxonomy":"product_brand","embeddable":true,"href":"https:\/\/www.otiumhome.fi\/index.php\/wp-json\/wp\/v2\/product_brand?post=170428"},{"taxonomy":"product_cat","embeddable":true,"href":"https:\/\/www.otiumhome.fi\/index.php\/wp-json\/wp\/v2\/product_cat?post=170428"},{"taxonomy":"product_tag","embeddable":true,"href":"https:\/\/www.otiumhome.fi\/index.php\/wp-json\/wp\/v2\/product_tag?post=170428"}],"curies":[{"name":"wp","href":"https:\/\/api.w.org\/{rel}","templated":true}]}}