{"id":170348,"date":"2025-09-05T10:29:30","date_gmt":"2025-09-05T10:29:30","guid":{"rendered":"https:\/\/www.otiumhome.fi\/?p=170348"},"modified":"2025-09-05T23:55:21","modified_gmt":"2025-09-05T23:55:21","slug":"seinakaapit-2-kpl-valkoinen-68x30x20-cm-tekninen-puu","status":"publish","type":"product","link":"https:\/\/www.otiumhome.fi\/index.php\/tuote\/seinakaapit-2-kpl-valkoinen-68x30x20-cm-tekninen-puu\/","title":{"rendered":"Sein\u00e4kaapit 2 kpl valkoinen 68x30x20 cm tekninen puu"},"content":{"rendered":"<p>N\u00e4m\u00e4 klassiset sein\u00e4kaapit ovat t\u00e4ydellinen ratkaisu asuintilaasi s\u00e4ilytystilan maksimoimiseksi ja lattiatilojen siistin\u00e4 pit\u00e4miseksi.<\/p>\n<\/p>\n<ul>\n<li>Ensiluokkainen materiaali: Tekninen puu on poikkeuksellisen laadukasta ja sile\u00e4pintaista. Se on my\u00f6s luja, vakaa ja kosteudelle vastustuskykyinen.<\/li>\n<li>Tyylik\u00e4s muotoilu: N\u00e4m\u00e4 tyylikk\u00e4\u00e4t TV-tasot ovat sein\u00e4kiinnitett\u00e4v\u00e4\u00e4 mallia, mik\u00e4 tekee niist\u00e4 ajattoman lis\u00e4n kotiisi. <\/li>\n<li>Runsaasti s\u00e4ilytystilaa: Ripustettavat kaapit sis\u00e4lt\u00e4v\u00e4t my\u00f6s laatikoita, joka tekee niist\u00e4 ihanteellisen paikan tavaroiden j\u00e4rjestyksess\u00e4 pit\u00e4miseen. <\/li>\n<\/ul>\n<p>Huomioi:<\/p>\n<ul>\n<li>Sein\u00e4\u00e4n kiinnitett\u00e4v\u00e4t ruuvit ja tulpat eiv\u00e4t sis\u00e4lly toimitukseen. Etsi ja k\u00e4yt\u00e4 sein\u00e4\u00e4si sopivia ruuveja ja tulppia. Jos olet ep\u00e4varma, kysy ammattilaisen neuvoa. Lue ja seuraa asennusohjeiden jokaista vaihetta huolella.<\/li>\n<\/ul>\n<ul>\n<li>V\u00e4ri: Valkoinen<\/li>\n<li>Materiaali: tekninen puu<\/li>\n<li>Mitat (kukin): 68 x 30 x 20 cm (L x S x K)<\/li>\n<li>Asennus vaaditaan: kyll\u00e4<\/li>\n<p><strong>Toimitus sis\u00e4lt\u00e4\u00e4:<\/strong><\/p>\n<li>2 x sein\u00e4kaappi<\/li>\n<\/ul>\n","protected":false},"excerpt":{"rendered":"<ul>\n<li>V\u00e4ri: Valkoinen<\/li>\n<li>Materiaali: tekninen puu<\/li>\n<li>Mitat (kukin): 68 x 30 x 20 cm (L x S x K)<\/li>\n<li>Asennus vaaditaan: kyll\u00e4<\/li>\n<p><strong>Toimitus sis\u00e4lt\u00e4\u00e4:<\/strong><\/p>\n<li>2 x sein\u00e4kaappi<\/li>\n<\/ul>\n","protected":false},"featured_media":100000170348,"comment_status":"closed","ping_status":"closed","template":"","meta":[],"product_brand":[],"product_cat":[84,8634],"product_tag":[],"class_list":{"0":"post-170348","1":"product","2":"type-product","3":"status-publish","4":"has-post-thumbnail","6":"product_cat-huonekalut","7":"product_cat-seinahyllyt","9":"first","10":"instock","11":"taxable","12":"shipping-taxable","13":"purchasable","14":"product-type-simple"},"_links":{"self":[{"href":"https:\/\/www.otiumhome.fi\/index.php\/wp-json\/wp\/v2\/product\/170348","targetHints":{"allow":["GET"]}}],"collection":[{"href":"https:\/\/www.otiumhome.fi\/index.php\/wp-json\/wp\/v2\/product"}],"about":[{"href":"https:\/\/www.otiumhome.fi\/index.php\/wp-json\/wp\/v2\/types\/product"}],"replies":[{"embeddable":true,"href":"https:\/\/www.otiumhome.fi\/index.php\/wp-json\/wp\/v2\/comments?post=170348"}],"wp:featuredmedia":[{"embeddable":true,"href":"https:\/\/www.otiumhome.fi\/index.php\/wp-json\/"}],"wp:attachment":[{"href":"https:\/\/www.otiumhome.fi\/index.php\/wp-json\/wp\/v2\/media?parent=170348"}],"wp:term":[{"taxonomy":"product_brand","embeddable":true,"href":"https:\/\/www.otiumhome.fi\/index.php\/wp-json\/wp\/v2\/product_brand?post=170348"},{"taxonomy":"product_cat","embeddable":true,"href":"https:\/\/www.otiumhome.fi\/index.php\/wp-json\/wp\/v2\/product_cat?post=170348"},{"taxonomy":"product_tag","embeddable":true,"href":"https:\/\/www.otiumhome.fi\/index.php\/wp-json\/wp\/v2\/product_tag?post=170348"}],"curies":[{"name":"wp","href":"https:\/\/api.w.org\/{rel}","templated":true}]}}