{"id":170347,"date":"2025-09-05T10:29:30","date_gmt":"2025-09-05T10:29:30","guid":{"rendered":"https:\/\/www.otiumhome.fi\/?p=170347"},"modified":"2025-09-05T23:22:47","modified_gmt":"2025-09-05T23:22:47","slug":"seinahylly-kirjoille-dvd-levyille-2-kpl-mdf-valkoinen","status":"publish","type":"product","link":"https:\/\/www.otiumhome.fi\/index.php\/tuote\/seinahylly-kirjoille-dvd-levyille-2-kpl-mdf-valkoinen\/","title":{"rendered":"Sein\u00e4hylly kirjoille\/DVD-levyille 2 kpl MDF valkoinen"},"content":{"rendered":"<p>T\u00e4m\u00e4 sarja koostuu 2:sta hyllyst\u00e4, joista tulee keskipiste kodissasi. N\u00e4kym\u00e4tt\u00f6m\u00e4ll\u00e4 kiinnitysj\u00e4rjestelm\u00e4ll\u00e4, n\u00e4m\u00e4 sein\u00e4hyllyt on helppo asentaa ja ne toimivat paikkana esineille, kuten palkinnot, kirjat, ker\u00e4ilyesineet, veistokset, jne.<\/p>\n<\/p>\n<p>N\u00e4m\u00e4 sein\u00e4hyllyt sopivat mihin tahansa sisustukseen ja ne tekev\u00e4t tyhj\u00e4st\u00e4 sein\u00e4st\u00e4 ominaisuuden! N\u00e4m\u00e4 hyllyt on valmistettu mattapinnoitetusta MDF:st\u00e4.<\/p>\n<\/p>\n<p>Toimitukseen sis\u00e4ltyy 2 sein\u00e4hylly\u00e4, ruuvit ja sein\u00e4tapit.<\/p>\n<ul>\n<li>V\u00e4ri: valkoinen<\/li>\n<li>Materiaali: mattapintainen MDF<\/li>\n<li>Hyllyn koko: 100 x 20 x 3,8 cm (L x S x K)<\/li>\n<li>N\u00e4kym\u00e4t\u00f6n sein\u00e4liit\u00e4nt\u00e4<\/li>\n<li>Toimitukseen sis\u00e4ltyy 2 sein\u00e4hylly\u00e4, ruuvit ja sein\u00e4tapit.<\/li>\n<li>Enimm\u00e4iskantavuus per hylly: 5 kg<\/li>\n<\/ul>\n","protected":false},"excerpt":{"rendered":"<ul>\n<li>V\u00e4ri: valkoinen<\/li>\n<li>Materiaali: mattapintainen MDF<\/li>\n<li>Hyllyn koko: 100 x 20 x 3,8 cm (L x S x K)<\/li>\n<li>N\u00e4kym\u00e4t\u00f6n sein\u00e4liit\u00e4nt\u00e4<\/li>\n<li>Toimitukseen sis\u00e4ltyy 2 sein\u00e4hylly\u00e4, ruuvit ja sein\u00e4tapit.<\/li>\n<li>Enimm\u00e4iskantavuus per hylly: 5 kg<\/li>\n<\/ul>\n","protected":false},"featured_media":100000170347,"comment_status":"closed","ping_status":"closed","template":"","meta":[],"product_brand":[],"product_cat":[84,8634],"product_tag":[],"class_list":{"0":"post-170347","1":"product","2":"type-product","3":"status-publish","4":"has-post-thumbnail","6":"product_cat-huonekalut","7":"product_cat-seinahyllyt","9":"first","10":"instock","11":"taxable","12":"shipping-taxable","13":"purchasable","14":"product-type-simple"},"_links":{"self":[{"href":"https:\/\/www.otiumhome.fi\/index.php\/wp-json\/wp\/v2\/product\/170347","targetHints":{"allow":["GET"]}}],"collection":[{"href":"https:\/\/www.otiumhome.fi\/index.php\/wp-json\/wp\/v2\/product"}],"about":[{"href":"https:\/\/www.otiumhome.fi\/index.php\/wp-json\/wp\/v2\/types\/product"}],"replies":[{"embeddable":true,"href":"https:\/\/www.otiumhome.fi\/index.php\/wp-json\/wp\/v2\/comments?post=170347"}],"wp:featuredmedia":[{"embeddable":true,"href":"https:\/\/www.otiumhome.fi\/index.php\/wp-json\/"}],"wp:attachment":[{"href":"https:\/\/www.otiumhome.fi\/index.php\/wp-json\/wp\/v2\/media?parent=170347"}],"wp:term":[{"taxonomy":"product_brand","embeddable":true,"href":"https:\/\/www.otiumhome.fi\/index.php\/wp-json\/wp\/v2\/product_brand?post=170347"},{"taxonomy":"product_cat","embeddable":true,"href":"https:\/\/www.otiumhome.fi\/index.php\/wp-json\/wp\/v2\/product_cat?post=170347"},{"taxonomy":"product_tag","embeddable":true,"href":"https:\/\/www.otiumhome.fi\/index.php\/wp-json\/wp\/v2\/product_tag?post=170347"}],"curies":[{"name":"wp","href":"https:\/\/api.w.org\/{rel}","templated":true}]}}