{"id":170211,"date":"2025-09-05T10:20:25","date_gmt":"2025-09-05T10:20:25","guid":{"rendered":"https:\/\/www.otiumhome.fi\/?p=170211"},"modified":"2025-09-05T23:22:39","modified_gmt":"2025-09-05T23:22:39","slug":"kelluva-kulmahylly-korkeakiilto-valkoinen-35x35x38-cm-mdf","status":"publish","type":"product","link":"https:\/\/www.otiumhome.fi\/index.php\/tuote\/kelluva-kulmahylly-korkeakiilto-valkoinen-35x35x38-cm-mdf\/","title":{"rendered":"Kelluva kulmahylly korkeakiilto valkoinen 35x35x3,8 cm MDF"},"content":{"rendered":"<p>T\u00e4m\u00e4 tyylik\u00e4s kulmahylly on ihanteellinen paikka, jolla voit pit\u00e4\u00e4 n\u00e4ytill\u00e4 lempikirjojasi, koriste-esineit\u00e4, valokuvia, palkintoja jne.<\/p>\n<\/p>\n<p>T\u00e4m\u00e4 hylly on valmistettu kennorakenteisesta MDF:st\u00e4 ja vahvasta metallista, tehden siit\u00e4 vakaan ja kest\u00e4v\u00e4n. N\u00e4kym\u00e4tt\u00f6m\u00e4n kiinnitysj\u00e4rjestelm\u00e4n avulla sein\u00e4hylly on helppo asentaa ja se on t\u00e4ydellinen paikka palkintojen, kirjojen, ker\u00e4ilyesineiden, koriste-esineiden jne. esille laittoon. T\u00e4m\u00e4 kelluva hylly sopii mihin tahansa sisustukseen ja tekee tyhj\u00e4st\u00e4 sein\u00e4st\u00e4 designominaisuuden!<\/p>\n<ul>\n<li>V\u00e4ri: valkoinen korkeakiilto<\/li>\n<li>Materiaali: kennomainen MDF, metalli<\/li>\n<li>Mitat: 35 x 35 x 3,8 cm (P x L x K)<\/li>\n<li>Maksimikantavuus: 5 kg<\/li>\n<li>N\u00e4kym\u00e4t\u00f6n sein\u00e4liit\u00e4nt\u00e4<\/li>\n<li>Asennus vaaditaan: kyll\u00e4<\/li>\n<\/ul>\n","protected":false},"excerpt":{"rendered":"<ul>\n<li>V\u00e4ri: valkoinen korkeakiilto<\/li>\n<li>Materiaali: kennomainen MDF, metalli<\/li>\n<li>Mitat: 35 x 35 x 3,8 cm (P x L x K)<\/li>\n<li>Maksimikantavuus: 5 kg<\/li>\n<li>N\u00e4kym\u00e4t\u00f6n sein\u00e4liit\u00e4nt\u00e4<\/li>\n<li>Asennus vaaditaan: kyll\u00e4<\/li>\n<\/ul>\n","protected":false},"featured_media":100000170211,"comment_status":"closed","ping_status":"closed","template":"","meta":[],"product_brand":[],"product_cat":[84,8634],"product_tag":[],"class_list":{"0":"post-170211","1":"product","2":"type-product","3":"status-publish","4":"has-post-thumbnail","6":"product_cat-huonekalut","7":"product_cat-seinahyllyt","9":"first","10":"instock","11":"taxable","12":"shipping-taxable","13":"purchasable","14":"product-type-simple"},"_links":{"self":[{"href":"https:\/\/www.otiumhome.fi\/index.php\/wp-json\/wp\/v2\/product\/170211","targetHints":{"allow":["GET"]}}],"collection":[{"href":"https:\/\/www.otiumhome.fi\/index.php\/wp-json\/wp\/v2\/product"}],"about":[{"href":"https:\/\/www.otiumhome.fi\/index.php\/wp-json\/wp\/v2\/types\/product"}],"replies":[{"embeddable":true,"href":"https:\/\/www.otiumhome.fi\/index.php\/wp-json\/wp\/v2\/comments?post=170211"}],"wp:featuredmedia":[{"embeddable":true,"href":"https:\/\/www.otiumhome.fi\/index.php\/wp-json\/"}],"wp:attachment":[{"href":"https:\/\/www.otiumhome.fi\/index.php\/wp-json\/wp\/v2\/media?parent=170211"}],"wp:term":[{"taxonomy":"product_brand","embeddable":true,"href":"https:\/\/www.otiumhome.fi\/index.php\/wp-json\/wp\/v2\/product_brand?post=170211"},{"taxonomy":"product_cat","embeddable":true,"href":"https:\/\/www.otiumhome.fi\/index.php\/wp-json\/wp\/v2\/product_cat?post=170211"},{"taxonomy":"product_tag","embeddable":true,"href":"https:\/\/www.otiumhome.fi\/index.php\/wp-json\/wp\/v2\/product_tag?post=170211"}],"curies":[{"name":"wp","href":"https:\/\/api.w.org\/{rel}","templated":true}]}}