{"id":170210,"date":"2025-09-05T10:20:25","date_gmt":"2025-09-05T10:20:25","guid":{"rendered":"https:\/\/www.otiumhome.fi\/?p=170210"},"modified":"2025-09-10T07:57:56","modified_gmt":"2025-09-10T07:57:56","slug":"kelluvat-hyllyt-2-kpl-lasi-60x20-cm-8-mm","status":"publish","type":"product","link":"https:\/\/www.otiumhome.fi\/index.php\/tuote\/kelluvat-hyllyt-2-kpl-lasi-60x20-cm-8-mm\/","title":{"rendered":"Kelluvat hyllyt 2 kpl lasi 60&#215;20 cm 8 mm"},"content":{"rendered":"<p>T\u00e4m\u00e4 kelluva sein\u00e4hylly ei ole vain tyylik\u00e4s, vaan my\u00f6s eritt\u00e4in k\u00e4yt\u00e4nn\u00f6llinen, ja se on upea lis\u00e4 olohuoneeseesi, makuuhuoneeseesi, kylpyhuoneeseesi jne. T\u00e4m\u00e4 sein\u00e4hylly on t\u00e4ydellinen puuvillapallojen, saippuan ja muiden tarvikkeiden s\u00e4ilytt\u00e4miseen kylpyhuoneessasi tai koriste-esineiden esille asettamiseen mihin tahansa huoneeseen, jonne haluat modernin ilmeen.<\/p>\n<\/p>\n<p>T\u00e4m\u00e4 lasihylly koostuu kahdesta sinkkisekoituksesta tehdyist\u00e4 kiinnikkeist\u00e4 ja k\u00e4sitellyst\u00e4 suojalasista, joiden paksuus on 8 mm. Hyllyn kantavuus on 10 kg. Kiinnityslaitteisto on mukana ja kokoonpano on helppoa.<\/p>\n<ul>\n<li>V\u00e4ri: Huurre<\/li>\n<li>Hyllymateriaali: k\u00e4sitelty turvalasi<\/li>\n<li>Kiinnittimen materiaali: sinkkiseos<\/li>\n<li>Hyllyn koko: 60 x 20 cm (P x L)<\/li>\n<li>Lasin paksuus: 8 mm<\/li>\n<li>Kantavuus: 10 kg<\/li>\n<li>Helppo koota<\/li>\n<li><strong>Toimitus sis\u00e4lt\u00e4\u00e4:<\/strong><\/li>\n<li>2 x hylly<\/li>\n<li>4 x tavallinen klipsikiinnike<\/li>\n<li>2 x asennustarvikesarjapussi<\/li>\n<\/ul>\n","protected":false},"excerpt":{"rendered":"<ul>\n<li>V\u00e4ri: Huurre<\/li>\n<li>Hyllymateriaali: k\u00e4sitelty turvalasi<\/li>\n<li>Kiinnittimen materiaali: sinkkiseos<\/li>\n<li>Hyllyn koko: 60 x 20 cm (P x L)<\/li>\n<li>Lasin paksuus: 8 mm<\/li>\n<li>Kantavuus: 10 kg<\/li>\n<li>Helppo koota<\/li>\n<li><strong>Toimitus sis\u00e4lt\u00e4\u00e4:<\/strong><\/li>\n<li>2 x hylly<\/li>\n<li>4 x tavallinen klipsikiinnike<\/li>\n<li>2 x asennustarvikesarjapussi<\/li>\n<\/ul>\n","protected":false},"featured_media":100000170210,"comment_status":"closed","ping_status":"closed","template":"","meta":[],"product_brand":[],"product_cat":[84,8634],"product_tag":[],"class_list":{"0":"post-170210","1":"product","2":"type-product","3":"status-publish","4":"has-post-thumbnail","6":"product_cat-huonekalut","7":"product_cat-seinahyllyt","9":"first","10":"instock","11":"taxable","12":"shipping-taxable","13":"purchasable","14":"product-type-simple"},"_links":{"self":[{"href":"https:\/\/www.otiumhome.fi\/index.php\/wp-json\/wp\/v2\/product\/170210","targetHints":{"allow":["GET"]}}],"collection":[{"href":"https:\/\/www.otiumhome.fi\/index.php\/wp-json\/wp\/v2\/product"}],"about":[{"href":"https:\/\/www.otiumhome.fi\/index.php\/wp-json\/wp\/v2\/types\/product"}],"replies":[{"embeddable":true,"href":"https:\/\/www.otiumhome.fi\/index.php\/wp-json\/wp\/v2\/comments?post=170210"}],"wp:featuredmedia":[{"embeddable":true,"href":"https:\/\/www.otiumhome.fi\/index.php\/wp-json\/"}],"wp:attachment":[{"href":"https:\/\/www.otiumhome.fi\/index.php\/wp-json\/wp\/v2\/media?parent=170210"}],"wp:term":[{"taxonomy":"product_brand","embeddable":true,"href":"https:\/\/www.otiumhome.fi\/index.php\/wp-json\/wp\/v2\/product_brand?post=170210"},{"taxonomy":"product_cat","embeddable":true,"href":"https:\/\/www.otiumhome.fi\/index.php\/wp-json\/wp\/v2\/product_cat?post=170210"},{"taxonomy":"product_tag","embeddable":true,"href":"https:\/\/www.otiumhome.fi\/index.php\/wp-json\/wp\/v2\/product_tag?post=170210"}],"curies":[{"name":"wp","href":"https:\/\/api.w.org\/{rel}","templated":true}]}}