{"id":170208,"date":"2025-09-05T10:20:24","date_gmt":"2025-09-05T10:20:24","guid":{"rendered":"https:\/\/www.otiumhome.fi\/?p=170208"},"modified":"2025-09-05T23:30:31","modified_gmt":"2025-09-05T23:30:31","slug":"hyllylevy-40x20x15-cm-kasittelematon-taysi-tammi","status":"publish","type":"product","link":"https:\/\/www.otiumhome.fi\/index.php\/tuote\/hyllylevy-40x20x15-cm-kasittelematon-taysi-tammi\/","title":{"rendered":"Hyllylevy 40x20x1,5 cm k\u00e4sittelem\u00e4t\u00f6n t\u00e4ysi tammi"},"content":{"rendered":"<p>Tarvitsetko lis\u00e4\u00e4 s\u00e4ilytysvaihtoehtoja, mutta sinulla ei ole ylim\u00e4\u00e4r\u00e4ist\u00e4 tilaa? T\u00e4m\u00e4 hyllylevy on t\u00e4ydellinen ratkaisu.<\/p>\n<\/p>\n<ul>\n<li>T\u00e4ysi tammi: T\u00e4ysi tammi on kaunis luonnollinen materiaali. Tammipuu on keskiruskean v\u00e4rist\u00e4 ja sill\u00e4 on tihe\u00e4t puunsyyt, mik\u00e4 lis\u00e4\u00e4 sen ainutlaatuista ulkon\u00e4k\u00f6\u00e4.<\/li>\n<li>Ylim\u00e4\u00e4r\u00e4ist\u00e4 s\u00e4ilytystilaa: Varastohylly lis\u00e4\u00e4 ylim\u00e4\u00e4r\u00e4ist\u00e4 s\u00e4ilytys- tai n\u00e4ytt\u00f6tilaa kotiisi ja vastaa erilaisiin tarpeisiin.<\/li>\n<li>Ihanteellinen vaihtokappale: Voit vaihtaa t\u00e4m\u00e4n esittelyhyllyn vanhan, jostain syyst\u00e4 kuluneen tai vaurioituneen hyllyn tilalle.<\/li>\n<li>K\u00e4sittelem\u00e4t\u00f6n pinta: Koska hyllylevy on valmistettu viimeistelem\u00e4tt\u00f6m\u00e4st\u00e4 t\u00e4ystammesta, voit s\u00e4ilytt\u00e4\u00e4 sen luonnollisen v\u00e4rin, mutta voit my\u00f6s maalata tai lakata sen haluamallasi tavalla.<\/li>\n<\/ul>\n<ul>\n<li>Materiaali: T\u00e4ysi tammi (k\u00e4sittelem\u00e4t\u00f6n)<\/li>\n<li>Mitat: 40 x 20 x 1,5 cm (L x S x K)<\/li>\n<\/ul>\n","protected":false},"excerpt":{"rendered":"<ul>\n<li>Materiaali: T\u00e4ysi tammi (k\u00e4sittelem\u00e4t\u00f6n)<\/li>\n<li>Mitat: 40 x 20 x 1,5 cm (L x S x K)<\/li>\n<\/ul>\n","protected":false},"featured_media":100000170208,"comment_status":"closed","ping_status":"closed","template":"","meta":[],"product_brand":[],"product_cat":[84,8634],"product_tag":[],"class_list":{"0":"post-170208","1":"product","2":"type-product","3":"status-publish","4":"has-post-thumbnail","6":"product_cat-huonekalut","7":"product_cat-seinahyllyt","9":"first","10":"instock","11":"taxable","12":"shipping-taxable","13":"purchasable","14":"product-type-simple"},"_links":{"self":[{"href":"https:\/\/www.otiumhome.fi\/index.php\/wp-json\/wp\/v2\/product\/170208","targetHints":{"allow":["GET"]}}],"collection":[{"href":"https:\/\/www.otiumhome.fi\/index.php\/wp-json\/wp\/v2\/product"}],"about":[{"href":"https:\/\/www.otiumhome.fi\/index.php\/wp-json\/wp\/v2\/types\/product"}],"replies":[{"embeddable":true,"href":"https:\/\/www.otiumhome.fi\/index.php\/wp-json\/wp\/v2\/comments?post=170208"}],"wp:featuredmedia":[{"embeddable":true,"href":"https:\/\/www.otiumhome.fi\/index.php\/wp-json\/"}],"wp:attachment":[{"href":"https:\/\/www.otiumhome.fi\/index.php\/wp-json\/wp\/v2\/media?parent=170208"}],"wp:term":[{"taxonomy":"product_brand","embeddable":true,"href":"https:\/\/www.otiumhome.fi\/index.php\/wp-json\/wp\/v2\/product_brand?post=170208"},{"taxonomy":"product_cat","embeddable":true,"href":"https:\/\/www.otiumhome.fi\/index.php\/wp-json\/wp\/v2\/product_cat?post=170208"},{"taxonomy":"product_tag","embeddable":true,"href":"https:\/\/www.otiumhome.fi\/index.php\/wp-json\/wp\/v2\/product_tag?post=170208"}],"curies":[{"name":"wp","href":"https:\/\/api.w.org\/{rel}","templated":true}]}}