{"id":170163,"date":"2025-09-05T10:16:56","date_gmt":"2025-09-05T10:16:56","guid":{"rendered":"https:\/\/www.otiumhome.fi\/?p=170163"},"modified":"2025-09-06T06:42:18","modified_gmt":"2025-09-06T06:42:18","slug":"seinahyllyt-2-kpl-110x10x10-cm-taysi-tiikki","status":"publish","type":"product","link":"https:\/\/www.otiumhome.fi\/index.php\/tuote\/seinahyllyt-2-kpl-110x10x10-cm-taysi-tiikki\/","title":{"rendered":"Sein\u00e4hyllyt 2 kpl 110x10x10 cm t\u00e4ysi tiikki"},"content":{"rendered":"<p>N\u00e4m\u00e4 sein\u00e4hyllyt ovat ihanteellinen valinta kylpy-, olo-, tai makuuhuoneeseen, miss\u00e4 vain tarvitset paikan p\u00e4ivitt\u00e4istarvikkeillesi.<\/p>\n<\/p>\n<ul>\n<li>T\u00e4ysi tiikki: T\u00e4ysi tiikki on kaunis luonnonmateriaali. Se on vanhennettu, uunikuivattu ja hienohiottu eritt\u00e4in sile\u00e4n ulkon\u00e4\u00f6n aikaansaamiseksi. Tiikki on tunnettu erinomaisesta vahvuudestaan ja s\u00e4\u00e4nkest\u00e4vyydest\u00e4\u00e4n.<\/li>\n<li>Tukeva runko: Puurunko takaa tukevuuden ja vakauden. Tiikkipuu on t\u00e4ydellinen valinta, jos haluat ostaa pitk\u00e4ik\u00e4isen kalusteen.<\/li>\n<li>Laaja k\u00e4ytt\u00f6: N\u00e4m\u00e4 t\u00e4yspuuhyllyt sopivat useimpiin sisustuksiin ja muuttavat tyhj\u00e4n sein\u00e4n sisustusominaisuudeksi. Ne voidaan yhdist\u00e4\u00e4 suuremmaksi hyllyksi tai k\u00e4ytt\u00e4\u00e4 yksitt\u00e4in tarpeidesi mukaan.<\/li>\n<li>Ylim\u00e4\u00e4r\u00e4inen s\u00e4ilytystila: N\u00e4m\u00e4 ripustettavat hyllyt tarjoavat ylim\u00e4\u00e4r\u00e4ist\u00e4 s\u00e4ilytystilaa, jossa voit pit\u00e4\u00e4 erilaiset t\u00e4rke\u00e4t tarvikkeesi siististi j\u00e4rjestyksess\u00e4.<\/li>\n<\/ul>\n<p>Huomioi:<\/p>\n<ul>\n<li>Sein\u00e4\u00e4n kiinnitett\u00e4v\u00e4t ruuvit ja tulpat eiv\u00e4t sis\u00e4lly toimitukseen. Etsi ja k\u00e4yt\u00e4 sein\u00e4\u00e4si sopivia ruuveja ja tulppia. Jos olet ep\u00e4varma, kysy ammattilaisen neuvoa. Lue ja seuraa asennusohjeiden jokaista vaihetta huolella.<\/li>\n<li>Kaunis v\u00e4ri ja pintakuviot saattavat vaihdella kappaleesta toiseen, mik\u00e4 tekee jokaisesta puisesta sein\u00e4hyllyst\u00e4 ainutlaatuisen ja hieman erilaisen kuin muut.<\/li>\n<li>Suosittelemme k\u00e4sittelem\u00e4\u00e4n tuotteen tiikki\u00f6ljyll\u00e4 tai vesipohjaisella pinnoitteella sen k\u00e4ytt\u00f6i\u00e4n pident\u00e4miseksi.<\/li>\n<\/ul>\n<ul>\n<li>Materiaali: luonnollisesti viimeistelty tiikki<\/li>\n<li>Mitat (per hylly): 110 x 10 x 10 cm (P x L x K)<\/li>\n<li>Kokoonpano vaaditaan: Ei<\/li>\n<li><strong>Toimitus sis\u00e4lt\u00e4\u00e4:<\/strong><\/li>\n<li>2 x sein\u00e4hylly<\/li>\n<\/ul>\n","protected":false},"excerpt":{"rendered":"<ul>\n<li>Materiaali: luonnollisesti viimeistelty tiikki<\/li>\n<li>Mitat (per hylly): 110 x 10 x 10 cm (P x L x K)<\/li>\n<li>Kokoonpano vaaditaan: Ei<\/li>\n<li><strong>Toimitus sis\u00e4lt\u00e4\u00e4:<\/strong><\/li>\n<li>2 x sein\u00e4hylly<\/li>\n<\/ul>\n","protected":false},"featured_media":100000170163,"comment_status":"closed","ping_status":"closed","template":"","meta":[],"product_brand":[],"product_cat":[84,8634],"product_tag":[],"class_list":{"0":"post-170163","1":"product","2":"type-product","3":"status-publish","4":"has-post-thumbnail","6":"product_cat-huonekalut","7":"product_cat-seinahyllyt","9":"first","10":"instock","11":"taxable","12":"shipping-taxable","13":"purchasable","14":"product-type-simple"},"_links":{"self":[{"href":"https:\/\/www.otiumhome.fi\/index.php\/wp-json\/wp\/v2\/product\/170163","targetHints":{"allow":["GET"]}}],"collection":[{"href":"https:\/\/www.otiumhome.fi\/index.php\/wp-json\/wp\/v2\/product"}],"about":[{"href":"https:\/\/www.otiumhome.fi\/index.php\/wp-json\/wp\/v2\/types\/product"}],"replies":[{"embeddable":true,"href":"https:\/\/www.otiumhome.fi\/index.php\/wp-json\/wp\/v2\/comments?post=170163"}],"wp:featuredmedia":[{"embeddable":true,"href":"https:\/\/www.otiumhome.fi\/index.php\/wp-json\/"}],"wp:attachment":[{"href":"https:\/\/www.otiumhome.fi\/index.php\/wp-json\/wp\/v2\/media?parent=170163"}],"wp:term":[{"taxonomy":"product_brand","embeddable":true,"href":"https:\/\/www.otiumhome.fi\/index.php\/wp-json\/wp\/v2\/product_brand?post=170163"},{"taxonomy":"product_cat","embeddable":true,"href":"https:\/\/www.otiumhome.fi\/index.php\/wp-json\/wp\/v2\/product_cat?post=170163"},{"taxonomy":"product_tag","embeddable":true,"href":"https:\/\/www.otiumhome.fi\/index.php\/wp-json\/wp\/v2\/product_tag?post=170163"}],"curies":[{"name":"wp","href":"https:\/\/api.w.org\/{rel}","templated":true}]}}