{"id":170157,"date":"2025-09-05T10:16:54","date_gmt":"2025-09-05T10:16:54","guid":{"rendered":"https:\/\/www.otiumhome.fi\/?p=170157"},"modified":"2025-09-06T06:36:10","modified_gmt":"2025-09-06T06:36:10","slug":"seinahyllyt-2-kpl-110x20x18-cm-taysi-akasiapuu","status":"publish","type":"product","link":"https:\/\/www.otiumhome.fi\/index.php\/tuote\/seinahyllyt-2-kpl-110x20x18-cm-taysi-akasiapuu\/","title":{"rendered":"Sein\u00e4hyllyt 2 kpl 110x20x18 cm t\u00e4ysi akasiapuu"},"content":{"rendered":"<p>N\u00e4m\u00e4 klassiset sein\u00e4hyllyt huokuvat maalaismaista charmia. Ne on tarkoitettu olemaan huomion keskipisteen\u00e4 nykyisess\u00e4 sisustuksessasi.<\/p>\n<\/p>\n<p>N\u00e4m\u00e4 sein\u00e4hyllyt on valmistettu luonnollisesti viimeistellyst\u00e4, kauniin n\u00e4k\u00f6isest\u00e4, t\u00e4ydest\u00e4 akasiapuusta. N\u00e4m\u00e4 sein\u00e4hyllyt ovat t\u00e4ysin k\u00e4sintehtyj\u00e4. Hieno k\u00e4sity\u00f6taito sek\u00e4 hienostuneet puun pintakuviot tekev\u00e4t jokaisesta huonekalusta erottuvan ja hieman toisistaan eroavan. Lis\u00e4ksi t\u00e4ydellinen ammattitaito takaa, ett\u00e4 prosessin kaikki vaiheet suoritetaan eritt\u00e4in huolellisesti, olipa kyse sitten kiillotuksesta, maalaamisesta tai lakkaamisesta. N\u00e4m\u00e4 puiset hyllyt toimivat ihanteellisena ratkaisuna kirjakokoelmasi, aikakauslehtien, asiakirjojen sek\u00e4 koriste-esineiden, kuten valokuvakehysten ja ker\u00e4ilyesineiden, s\u00e4ilytt\u00e4miseen ja esille laittamiseen.<\/p>\n<\/p>\n<p>Hyv\u00e4 tiet\u00e4\u00e4: Jokainen kappale on ainutlaatuinen eroavilla v\u00e4reill\u00e4\u00e4n, pintakuvioillaan ja muodoillaan. Toimitus on sattumanvarainen, t\u00e4m\u00e4 takaa tuotteesi erityisyyden ja ainutlaatuisuuden.<\/p>\n<ul>\n<li>Materiaali: t\u00e4ysi akaasiapuu<\/li>\n<li>Mitat: 110 x 20 x 18 cm (L x S x K)<\/li>\n<li>Viimeistely: hiottu, maalattu ja lakattu<\/li>\n<li>Asennus vaaditaan: kyll\u00e4<\/li>\n<li><strong>Toimitus sis\u00e4lt\u00e4\u00e4:<\/strong><\/li>\n<li>2 x sein\u00e4hylly<\/li>\n<\/ul>\n","protected":false},"excerpt":{"rendered":"<ul>\n<li>Materiaali: t\u00e4ysi akaasiapuu<\/li>\n<li>Mitat: 110 x 20 x 18 cm (L x S x K)<\/li>\n<li>Viimeistely: hiottu, maalattu ja lakattu<\/li>\n<li>Asennus vaaditaan: kyll\u00e4<\/li>\n<li><strong>Toimitus sis\u00e4lt\u00e4\u00e4:<\/strong><\/li>\n<li>2 x sein\u00e4hylly<\/li>\n<\/ul>\n","protected":false},"featured_media":100000170157,"comment_status":"closed","ping_status":"closed","template":"","meta":[],"product_brand":[],"product_cat":[84,8634],"product_tag":[],"class_list":{"0":"post-170157","1":"product","2":"type-product","3":"status-publish","4":"has-post-thumbnail","6":"product_cat-huonekalut","7":"product_cat-seinahyllyt","9":"first","10":"instock","11":"taxable","12":"shipping-taxable","13":"purchasable","14":"product-type-simple"},"_links":{"self":[{"href":"https:\/\/www.otiumhome.fi\/index.php\/wp-json\/wp\/v2\/product\/170157","targetHints":{"allow":["GET"]}}],"collection":[{"href":"https:\/\/www.otiumhome.fi\/index.php\/wp-json\/wp\/v2\/product"}],"about":[{"href":"https:\/\/www.otiumhome.fi\/index.php\/wp-json\/wp\/v2\/types\/product"}],"replies":[{"embeddable":true,"href":"https:\/\/www.otiumhome.fi\/index.php\/wp-json\/wp\/v2\/comments?post=170157"}],"wp:featuredmedia":[{"embeddable":true,"href":"https:\/\/www.otiumhome.fi\/index.php\/wp-json\/"}],"wp:attachment":[{"href":"https:\/\/www.otiumhome.fi\/index.php\/wp-json\/wp\/v2\/media?parent=170157"}],"wp:term":[{"taxonomy":"product_brand","embeddable":true,"href":"https:\/\/www.otiumhome.fi\/index.php\/wp-json\/wp\/v2\/product_brand?post=170157"},{"taxonomy":"product_cat","embeddable":true,"href":"https:\/\/www.otiumhome.fi\/index.php\/wp-json\/wp\/v2\/product_cat?post=170157"},{"taxonomy":"product_tag","embeddable":true,"href":"https:\/\/www.otiumhome.fi\/index.php\/wp-json\/wp\/v2\/product_tag?post=170157"}],"curies":[{"name":"wp","href":"https:\/\/api.w.org\/{rel}","templated":true}]}}