{"id":169921,"date":"2025-09-05T10:01:29","date_gmt":"2025-09-05T10:01:29","guid":{"rendered":"https:\/\/www.otiumhome.fi\/?p=169921"},"modified":"2025-09-06T05:27:46","modified_gmt":"2025-09-06T05:27:46","slug":"seinahyllyt-2-kpl-valkoinen-ja-sonoma-tammi-115x9x3-cm","status":"publish","type":"product","link":"https:\/\/www.otiumhome.fi\/index.php\/tuote\/seinahyllyt-2-kpl-valkoinen-ja-sonoma-tammi-115x9x3-cm\/","title":{"rendered":"Sein\u00e4hyllyt 2 kpl valkoinen ja Sonoma-tammi 115x9x3 cm"},"content":{"rendered":"<p>Maksimoi sis\u00e4tilojesi s\u00e4ilytystilat ja muuta sein\u00e4si vieh\u00e4tt\u00e4v\u00e4ksi n\u00e4iden k\u00e4yt\u00e4nn\u00f6llisten ja koristeellisten sein\u00e4hyllyjen avulla!<\/p>\n<\/p>\n<p>Sein\u00e4kiinnitett\u00e4v\u00e4 hylly on valmistettu MDF:st\u00e4, tehden siit\u00e4 tukevan ja kest\u00e4v\u00e4n. Se voi palvella t\u00e4ydellisen\u00e4 paikkana mehikasvien, kirjojen, kokoelmien, koriste-esineiden jne. s\u00e4ilytykseen. Voit kiinnitt\u00e4\u00e4 hyllyn kaapin, sohvan tai p\u00f6yd\u00e4n yl\u00e4puolelle saadaksesi huoneen n\u00e4ytt\u00e4m\u00e4\u00e4n raikkaalta ja luodaksesi ylellisen ilmapiirin. Lis\u00e4ksi riippuva hylly on helppo puhdistaa kostealla liinalla.<\/p>\n<ul>\n<li>V\u00e4ri: valkoinen ja Sonoma-tammi<\/li>\n<li>Materiaali: MDF<\/li>\n<li>Mitat: 115 x 9 x 3 cm (L x S x K)<\/li>\n<li>Maksimikantavuus (kukin): 5 kg<\/li>\n<li>Asennus vaaditaan: kyll\u00e4<\/li>\n<li><strong>Ole hyv\u00e4 ja huomioi:<\/strong> Asennusmateriaalit eiv\u00e4t sis\u00e4lly toimitukseen.<\/li>\n<li><strong>Toimitus sis\u00e4lt\u00e4\u00e4:<\/strong><\/li>\n<li>2 x sein\u00e4hylly<\/li>\n<\/ul>\n","protected":false},"excerpt":{"rendered":"<ul>\n<li>V\u00e4ri: valkoinen ja Sonoma-tammi<\/li>\n<li>Materiaali: MDF<\/li>\n<li>Mitat: 115 x 9 x 3 cm (L x S x K)<\/li>\n<li>Maksimikantavuus (kukin): 5 kg<\/li>\n<li>Asennus vaaditaan: kyll\u00e4<\/li>\n<li><strong>Ole hyv\u00e4 ja huomioi:<\/strong> Asennusmateriaalit eiv\u00e4t sis\u00e4lly toimitukseen.<\/li>\n<li><strong>Toimitus sis\u00e4lt\u00e4\u00e4:<\/strong><\/li>\n<li>2 x sein\u00e4hylly<\/li>\n<\/ul>\n","protected":false},"featured_media":100000169921,"comment_status":"closed","ping_status":"closed","template":"","meta":[],"product_brand":[],"product_cat":[84,8634],"product_tag":[],"class_list":{"0":"post-169921","1":"product","2":"type-product","3":"status-publish","4":"has-post-thumbnail","6":"product_cat-huonekalut","7":"product_cat-seinahyllyt","9":"first","10":"instock","11":"taxable","12":"shipping-taxable","13":"purchasable","14":"product-type-simple"},"_links":{"self":[{"href":"https:\/\/www.otiumhome.fi\/index.php\/wp-json\/wp\/v2\/product\/169921","targetHints":{"allow":["GET"]}}],"collection":[{"href":"https:\/\/www.otiumhome.fi\/index.php\/wp-json\/wp\/v2\/product"}],"about":[{"href":"https:\/\/www.otiumhome.fi\/index.php\/wp-json\/wp\/v2\/types\/product"}],"replies":[{"embeddable":true,"href":"https:\/\/www.otiumhome.fi\/index.php\/wp-json\/wp\/v2\/comments?post=169921"}],"wp:featuredmedia":[{"embeddable":true,"href":"https:\/\/www.otiumhome.fi\/index.php\/wp-json\/"}],"wp:attachment":[{"href":"https:\/\/www.otiumhome.fi\/index.php\/wp-json\/wp\/v2\/media?parent=169921"}],"wp:term":[{"taxonomy":"product_brand","embeddable":true,"href":"https:\/\/www.otiumhome.fi\/index.php\/wp-json\/wp\/v2\/product_brand?post=169921"},{"taxonomy":"product_cat","embeddable":true,"href":"https:\/\/www.otiumhome.fi\/index.php\/wp-json\/wp\/v2\/product_cat?post=169921"},{"taxonomy":"product_tag","embeddable":true,"href":"https:\/\/www.otiumhome.fi\/index.php\/wp-json\/wp\/v2\/product_tag?post=169921"}],"curies":[{"name":"wp","href":"https:\/\/api.w.org\/{rel}","templated":true}]}}