{"id":169606,"date":"2025-09-05T08:20:24","date_gmt":"2025-09-05T08:20:24","guid":{"rendered":"https:\/\/www.otiumhome.fi\/?p=169606"},"modified":"2025-09-06T20:10:37","modified_gmt":"2025-09-06T20:10:37","slug":"olohuoneen-kalustesarja-3-osaa-taysi-akaasiapuu","status":"publish","type":"product","link":"https:\/\/www.otiumhome.fi\/index.php\/tuote\/olohuoneen-kalustesarja-3-osaa-taysi-akaasiapuu\/","title":{"rendered":"Olohuoneen kalustesarja 3 osaa T\u00e4ysi akaasiapuu"},"content":{"rendered":"<p>T\u00e4m\u00e4 olohuoneen kalustesarja, joka koostuu 1 TV-tasosta, 1 sohvap\u00f6yd\u00e4st\u00e4 ja 1 sivup\u00f6yd\u00e4st\u00e4, on sek\u00e4 tyylik\u00e4s ett\u00e4 k\u00e4yt\u00e4nn\u00f6llinen. Sarja luo olohuoneesi sisustukseen tyylik\u00e4st\u00e4 ja teollista tyyli\u00e4.<\/p>\n<\/p>\n<p>T\u00e4m\u00e4 tukeva ja kest\u00e4v\u00e4 kalustesarja on ammattimaisesti valmistettu harjatusta 100% akaasiapuusta sek\u00e4 korkealaatuisesta ter\u00e4ksest\u00e4. TV-kaapissa on riitt\u00e4v\u00e4sti s\u00e4ilytystilaa DVD-soittimelle, pelikonsolille, kaukos\u00e4\u00e4timelle ja muille pikkutavaroille, jotka haluat pit\u00e4\u00e4 k\u00e4den ulottuvilla. Sohva- ja sivup\u00f6yd\u00e4n vankat p\u00f6yt\u00e4tasot sopivat ihanteellisesti koriste-esineiden, valokuvakehysten tai ruukkukasvien esille laittamiseen. Sivup\u00f6yd\u00e4ss\u00e4 on hylly, joka tarjoaa lis\u00e4tilaa pienten tavaroiden s\u00e4ilytt\u00e4miseen.<\/p>\n<\/p>\n<p>Se on helppo koota.<\/p>\n<ul>\n<li>V\u00e4ri: ruskea ja musta<\/li>\n<li>Materiaali: 100% t\u00e4ysi akaasiapuu harjatulla viimeistelyll\u00e4 + ter\u00e4sjalat<\/li>\n<li>TV-tason mitat: 140 x 40 x 45 cm (P x L x K)<\/li>\n<li>Sohvap\u00f6yd\u00e4n mitat: 100 x 60 x 45 cm (P x L x K)<\/li>\n<li>Sivup\u00f6yd\u00e4n mitat: 120 x 40 x 85 cm (P x L x K)<\/li>\n<li>Ter\u00e4ksen paksuus: 1,5 mm<\/li>\n<li>Helppo koota<\/li>\n<li>Toimitus sis\u00e4lt\u00e4\u00e4: 1 x TV-taso, 1 x sohvap\u00f6yt\u00e4, 1 x sivup\u00f6yt\u00e4<\/li>\n<li>VAROITUS: kaatumisen est\u00e4miseksi on sivup\u00f6yt\u00e4\u00e4 k\u00e4ytett\u00e4v\u00e4 mukana toimitetun sein\u00e4kiinnityslaitteen kanssa.<\/li>\n<li>Legal Documents:\n<p><span>Lis\u00e4tietoja huonekalujesi kaatumisen est\u00e4misest\u00e4 voit l\u00f6yt\u00e4\u00e4 <span style=\"text-decoration: underline\"><strong><a title=\"https:\/\/bit.ly\/3bVwkQp\" href=\"https:\/\/bit.ly\/3bVwkQp\" target=\"_blank\">t\u00e4\u00e4lt\u00e4<\/a><\/strong><\/span><\/span><\/p>\n<\/li>\n<\/ul>\n","protected":false},"excerpt":{"rendered":"<ul>\n<li>V\u00e4ri: ruskea ja musta<\/li>\n<li>Materiaali: 100% t\u00e4ysi akaasiapuu harjatulla viimeistelyll\u00e4 + ter\u00e4sjalat<\/li>\n<li>TV-tason mitat: 140 x 40 x 45 cm (P x L x K)<\/li>\n<li>Sohvap\u00f6yd\u00e4n mitat: 100 x 60 x 45 cm (P x L x K)<\/li>\n<li>Sivup\u00f6yd\u00e4n mitat: 120 x 40 x 85 cm (P x L x K)<\/li>\n<li>Ter\u00e4ksen paksuus: 1,5 mm<\/li>\n<li>Helppo koota<\/li>\n<li>Toimitus sis\u00e4lt\u00e4\u00e4: 1 x TV-taso, 1 x sohvap\u00f6yt\u00e4, 1 x sivup\u00f6yt\u00e4<\/li>\n<li>VAROITUS: kaatumisen est\u00e4miseksi on sivup\u00f6yt\u00e4\u00e4 k\u00e4ytett\u00e4v\u00e4 mukana toimitetun sein\u00e4kiinnityslaitteen kanssa.<\/li>\n<li>Legal Documents:\n<p><span>Lis\u00e4tietoja huonekalujesi kaatumisen est\u00e4misest\u00e4 voit l\u00f6yt\u00e4\u00e4 <span style=\"text-decoration: underline\"><strong><a title=\"https:\/\/bit.ly\/3bVwkQp\" href=\"https:\/\/bit.ly\/3bVwkQp\" target=\"_blank\">t\u00e4\u00e4lt\u00e4<\/a><\/strong><\/span><\/span><\/p>\n<\/li>\n<\/ul>\n","protected":false},"featured_media":100000169606,"comment_status":"closed","ping_status":"closed","template":"","meta":[],"product_brand":[],"product_cat":[84,8652],"product_tag":[],"class_list":{"0":"post-169606","1":"product","2":"type-product","3":"status-publish","4":"has-post-thumbnail","6":"product_cat-huonekalut","7":"product_cat-olohuoneen-kalusteet","9":"first","10":"instock","11":"taxable","12":"shipping-taxable","13":"purchasable","14":"product-type-simple"},"_links":{"self":[{"href":"https:\/\/www.otiumhome.fi\/index.php\/wp-json\/wp\/v2\/product\/169606","targetHints":{"allow":["GET"]}}],"collection":[{"href":"https:\/\/www.otiumhome.fi\/index.php\/wp-json\/wp\/v2\/product"}],"about":[{"href":"https:\/\/www.otiumhome.fi\/index.php\/wp-json\/wp\/v2\/types\/product"}],"replies":[{"embeddable":true,"href":"https:\/\/www.otiumhome.fi\/index.php\/wp-json\/wp\/v2\/comments?post=169606"}],"wp:featuredmedia":[{"embeddable":true,"href":"https:\/\/www.otiumhome.fi\/index.php\/wp-json\/"}],"wp:attachment":[{"href":"https:\/\/www.otiumhome.fi\/index.php\/wp-json\/wp\/v2\/media?parent=169606"}],"wp:term":[{"taxonomy":"product_brand","embeddable":true,"href":"https:\/\/www.otiumhome.fi\/index.php\/wp-json\/wp\/v2\/product_brand?post=169606"},{"taxonomy":"product_cat","embeddable":true,"href":"https:\/\/www.otiumhome.fi\/index.php\/wp-json\/wp\/v2\/product_cat?post=169606"},{"taxonomy":"product_tag","embeddable":true,"href":"https:\/\/www.otiumhome.fi\/index.php\/wp-json\/wp\/v2\/product_tag?post=169606"}],"curies":[{"name":"wp","href":"https:\/\/api.w.org\/{rel}","templated":true}]}}