{"id":169605,"date":"2025-09-05T08:20:18","date_gmt":"2025-09-05T08:20:18","guid":{"rendered":"https:\/\/www.otiumhome.fi\/?p=169605"},"modified":"2025-12-14T08:06:28","modified_gmt":"2025-12-14T08:06:28","slug":"perhostuoli-ruskea-aito-nahka","status":"publish","type":"product","link":"https:\/\/www.otiumhome.fi\/index.php\/tuote\/perhostuoli-ruskea-aito-nahka\/","title":{"rendered":"Perhostuoli ruskea aito nahka"},"content":{"rendered":"<p>Aidosta nahasta valmistettu vintagetyylinen perhostuolimme on ergonomisesti suunniteltu t\u00e4ydelliseen rentoutumiseen kiireisen p\u00e4iv\u00e4n j\u00e4lkeen. Sen ikoninen perhosmuotoilu on eritt\u00e4in suosittu ja se sopii mihin tahansa sisustukseen. <\/p>\n<\/p>\n<p>Klassisessa perhosmallisessa nahkatuolissa on liev\u00e4sti kaareva selk\u00e4noja ja istuin, jotka takaavat kehollesi riitt\u00e4v\u00e4n tuen ja samalla erinomaisen istumamukavuuden. Kest\u00e4v\u00e4 retrotyylinen perhostuoli on tehty aidosta nahasta. Tuolin nelj\u00e4 kulmaa on vahvistettu aidolla nahalla. Jauhemaalattu rautarunko tekee tuolista vakaan ja kest\u00e4v\u00e4n. Tuoli on kevyt ja mukava.<\/p>\n<\/p>\n<p>T\u00e4rke\u00e4 huomio: v\u00e4rit vaihtelevat hieman kappaleittain, tehden jokaisesta kappaleesta ainutlaatuisen; toimitus on sattumanvarainen.<\/p>\n<\/p>\n<ul>\n<li>V\u00e4ri: ruskea <\/li>\n<li>Materiaali: aito nahkaverhoilu + jauhemaalattu rautarunko<\/li>\n<li>Mitat: 74 x 66 x 90 cm (L x S x K)<\/li>\n<li>Istuimen leveys: 59 cm<\/li>\n<li>Istuimen leveys: 38,5 cm<\/li>\n<li>Istuinkorkeus maasta mitattuna: 53 cm<\/li>\n<li>T\u00e4ysin k\u00e4sintehty<\/li>\n<li>Mustat jauhemaalatut putket<\/li>\n<\/ul>\n","protected":false},"excerpt":{"rendered":"<ul>\n<li>V\u00e4ri: ruskea <\/li>\n<li>Materiaali: aito nahkaverhoilu + jauhemaalattu rautarunko<\/li>\n<li>Mitat: 74 x 66 x 90 cm (L x S x K)<\/li>\n<li>Istuimen leveys: 59 cm<\/li>\n<li>Istuimen leveys: 38,5 cm<\/li>\n<li>Istuinkorkeus maasta mitattuna: 53 cm<\/li>\n<li>T\u00e4ysin k\u00e4sintehty<\/li>\n<li>Mustat jauhemaalatut putket<\/li>\n<\/ul>\n","protected":false},"featured_media":100000169605,"comment_status":"closed","ping_status":"closed","template":"","meta":[],"product_brand":[],"product_cat":[84,8568],"product_tag":[],"class_list":{"0":"post-169605","1":"product","2":"type-product","3":"status-publish","4":"has-post-thumbnail","6":"product_cat-huonekalut","7":"product_cat-noja-mekanismi-vuodetuolit","9":"first","10":"instock","11":"taxable","12":"shipping-taxable","13":"purchasable","14":"product-type-simple"},"_links":{"self":[{"href":"https:\/\/www.otiumhome.fi\/index.php\/wp-json\/wp\/v2\/product\/169605","targetHints":{"allow":["GET"]}}],"collection":[{"href":"https:\/\/www.otiumhome.fi\/index.php\/wp-json\/wp\/v2\/product"}],"about":[{"href":"https:\/\/www.otiumhome.fi\/index.php\/wp-json\/wp\/v2\/types\/product"}],"replies":[{"embeddable":true,"href":"https:\/\/www.otiumhome.fi\/index.php\/wp-json\/wp\/v2\/comments?post=169605"}],"wp:featuredmedia":[{"embeddable":true,"href":"https:\/\/www.otiumhome.fi\/index.php\/wp-json\/"}],"wp:attachment":[{"href":"https:\/\/www.otiumhome.fi\/index.php\/wp-json\/wp\/v2\/media?parent=169605"}],"wp:term":[{"taxonomy":"product_brand","embeddable":true,"href":"https:\/\/www.otiumhome.fi\/index.php\/wp-json\/wp\/v2\/product_brand?post=169605"},{"taxonomy":"product_cat","embeddable":true,"href":"https:\/\/www.otiumhome.fi\/index.php\/wp-json\/wp\/v2\/product_cat?post=169605"},{"taxonomy":"product_tag","embeddable":true,"href":"https:\/\/www.otiumhome.fi\/index.php\/wp-json\/wp\/v2\/product_tag?post=169605"}],"curies":[{"name":"wp","href":"https:\/\/api.w.org\/{rel}","templated":true}]}}