{"id":169604,"date":"2025-09-05T08:17:49","date_gmt":"2025-09-05T08:17:49","guid":{"rendered":"https:\/\/www.otiumhome.fi\/?p=169604"},"modified":"2025-09-06T21:09:45","modified_gmt":"2025-09-06T21:09:45","slug":"cd-hylly-korkeakiilto-valkoinen-21x20x88-cm-tekninen-puu","status":"publish","type":"product","link":"https:\/\/www.otiumhome.fi\/index.php\/tuote\/cd-hylly-korkeakiilto-valkoinen-21x20x88-cm-tekninen-puu\/","title":{"rendered":"CD-hylly korkeakiilto valkoinen 21x20x88 cm tekninen puu"},"content":{"rendered":"<p>Pid\u00e4 kaikki arvokkaat CD turvassa t\u00e4ss\u00e4 tilavassa CD-hyllyss\u00e4. Se on tyylik\u00e4s ja k\u00e4yt\u00e4nn\u00f6llinen sek\u00e4 t\u00e4ydellinen pit\u00e4m\u00e4\u00e4n musiikkikokoelmasi j\u00e4rjestyksess\u00e4.<\/p>\n<\/p>\n<p>Kuudessa avoimessa lokerossa on runsaasti s\u00e4ilytystilaa levyj\u00e4 varten, ja ne ovat my\u00f6s ihanteellisia tarvikkeiden s\u00e4ilytt\u00e4miseen. Vahvasta teknisest\u00e4 puusta valmistettu s\u00e4ilytyshylly on eritt\u00e4in tukeva ja kest\u00e4v\u00e4. Lis\u00e4ksi siin\u00e4 voi s\u00e4ilytt\u00e4\u00e4 toimisto- tai opiskelutarvikkeita tai sit\u00e4 voidaan k\u00e4ytt\u00e4\u00e4 makuuhuoneessa. CD-hylly on helppo puhdistaa ja koota.<\/p>\n<\/p>\n<p>Erinomainen s\u00e4ilytysratkaisu kodin j\u00e4rjestyksess\u00e4 pit\u00e4miseen. T\u00e4m\u00e4 hylly on juuri se mit\u00e4 tarvitset!<\/p>\n<ul>\n<li>V\u00e4ri: valkoinen korkeakiilto<\/li>\n<li>Materiaali: tekninen puu<\/li>\n<li>Mitat: 21 x 20 x 88 cm (L x S x K)<\/li>\n<li>Lokeron mitat (kukin): 18 x 16 x 13 cm (L x S x K)<\/li>\n<li>6 avointa lokeroa<\/li>\n<li><strong>VAROITUS:<\/strong> kaatumisen est\u00e4miseksi on t\u00e4t\u00e4 tuotetta k\u00e4ytett\u00e4v\u00e4 mukana toimitetun sein\u00e4kiinnityslaitteen kanssa.<\/li>\n<li><strong>Huomio: <\/strong>Sein\u00e4\u00e4n kiinnitett\u00e4v\u00e4t ruuvit ja tulpat eiv\u00e4t sis\u00e4lly toimitukseen. Etsi ja k\u00e4yt\u00e4 sein\u00e4\u00e4si sopivia ruuveja ja tulppia. Jos olet ep\u00e4varma, kysy ammattilaisen neuvoa. Lue ja seuraa asennusohjeiden jokaista vaihetta huolella.<\/li>\n<\/ul>\n","protected":false},"excerpt":{"rendered":"<ul>\n<li>V\u00e4ri: valkoinen korkeakiilto<\/li>\n<li>Materiaali: tekninen puu<\/li>\n<li>Mitat: 21 x 20 x 88 cm (L x S x K)<\/li>\n<li>Lokeron mitat (kukin): 18 x 16 x 13 cm (L x S x K)<\/li>\n<li>6 avointa lokeroa<\/li>\n<li><strong>VAROITUS:<\/strong> kaatumisen est\u00e4miseksi on t\u00e4t\u00e4 tuotetta k\u00e4ytett\u00e4v\u00e4 mukana toimitetun sein\u00e4kiinnityslaitteen kanssa.<\/li>\n<li><strong>Huomio: <\/strong>Sein\u00e4\u00e4n kiinnitett\u00e4v\u00e4t ruuvit ja tulpat eiv\u00e4t sis\u00e4lly toimitukseen. Etsi ja k\u00e4yt\u00e4 sein\u00e4\u00e4si sopivia ruuveja ja tulppia. Jos olet ep\u00e4varma, kysy ammattilaisen neuvoa. Lue ja seuraa asennusohjeiden jokaista vaihetta huolella.<\/li>\n<\/ul>\n","protected":false},"featured_media":100000169604,"comment_status":"closed","ping_status":"closed","template":"","meta":[],"product_brand":[],"product_cat":[84,8567],"product_tag":[],"class_list":{"0":"post-169604","1":"product","2":"type-product","3":"status-publish","4":"has-post-thumbnail","6":"product_cat-huonekalut","7":"product_cat-medialaitekaapit-telineet","9":"first","10":"outofstock","11":"taxable","12":"shipping-taxable","13":"purchasable","14":"product-type-simple"},"_links":{"self":[{"href":"https:\/\/www.otiumhome.fi\/index.php\/wp-json\/wp\/v2\/product\/169604","targetHints":{"allow":["GET"]}}],"collection":[{"href":"https:\/\/www.otiumhome.fi\/index.php\/wp-json\/wp\/v2\/product"}],"about":[{"href":"https:\/\/www.otiumhome.fi\/index.php\/wp-json\/wp\/v2\/types\/product"}],"replies":[{"embeddable":true,"href":"https:\/\/www.otiumhome.fi\/index.php\/wp-json\/wp\/v2\/comments?post=169604"}],"wp:featuredmedia":[{"embeddable":true,"href":"https:\/\/www.otiumhome.fi\/index.php\/wp-json\/"}],"wp:attachment":[{"href":"https:\/\/www.otiumhome.fi\/index.php\/wp-json\/wp\/v2\/media?parent=169604"}],"wp:term":[{"taxonomy":"product_brand","embeddable":true,"href":"https:\/\/www.otiumhome.fi\/index.php\/wp-json\/wp\/v2\/product_brand?post=169604"},{"taxonomy":"product_cat","embeddable":true,"href":"https:\/\/www.otiumhome.fi\/index.php\/wp-json\/wp\/v2\/product_cat?post=169604"},{"taxonomy":"product_tag","embeddable":true,"href":"https:\/\/www.otiumhome.fi\/index.php\/wp-json\/wp\/v2\/product_tag?post=169604"}],"curies":[{"name":"wp","href":"https:\/\/api.w.org\/{rel}","templated":true}]}}