{"id":169551,"date":"2025-09-05T08:11:58","date_gmt":"2025-09-05T08:11:58","guid":{"rendered":"https:\/\/www.otiumhome.fi\/?p=169551"},"modified":"2025-12-14T06:45:52","modified_gmt":"2025-12-14T06:45:52","slug":"led-peilipoyta-kaapilla-musta-tekninen-puu","status":"publish","type":"product","link":"https:\/\/www.otiumhome.fi\/index.php\/tuote\/led-peilipoyta-kaapilla-musta-tekninen-puu\/","title":{"rendered":"LED-peilip\u00f6yt\u00e4 kaapilla musta tekninen puu"},"content":{"rendered":"<p>Trendik\u00e4s kaapilla varustettu LED-peilip\u00f6yt\u00e4 antaa makuuhuoneellesi ajattoman hienostuneen ilmeen. Pukeutumisp\u00f6yt\u00e4 LED-valoilla on t\u00e4ydellinen lis\u00e4 makuuhuoneesi sisustukseen. Se my\u00f6s pit\u00e4\u00e4 kosmetiikkatuotteesi k\u00e4den ulottuvilla!<\/p>\n<\/p>\n<ul>\n<li>Vakaa materiaali: Tekninen puu on poikkeuksellisen laadukasta ja sile\u00e4pintaista. Se on luja, vakaa ja kosteudelle vastustuskykyinen.<\/li>\n<li>Meikkipeili: Peilill\u00e4 varustettu meikkip\u00f6yt\u00e4 on t\u00e4ydellinen p\u00e4ivitt\u00e4isiin kauneusrutiineihisi. Pelin ansiosta voit hoitaa kasvojesi ihoa ja meikata!<\/li>\n<li>Reilusti s\u00e4ilytystilaa: Meikkikaapissa on runsaasti tilaa meikkien, korujen ja jokap\u00e4iv\u00e4isten tarvikkeiden s\u00e4ilytykseen ja helppoon saatavuuteen.<\/li>\n<li>LED-valot: Kosmetiikkap\u00f6yd\u00e4ss\u00e4 on LED-valot USB-liit\u00e4nn\u00e4ll\u00e4, jotka on helppo vaihtaa l\u00e4mpim\u00e4n valkoisesta kylm\u00e4n valkoiseen tilaan. Peilin ymp\u00e4rill\u00e4 olevat LED-lamput valaisevat my\u00f6s kauneuttasi.<\/li>\n<li>Laaja k\u00e4ytt\u00f6: T\u00e4m\u00e4 pukeutumisp\u00f6yt\u00e4 sopii moniin eri tiloihin, kuten makuuhuoneeseen, pukuhuoneeseen, vaatehuoneeseen tai mihin tahansa huoneeseen sen haluatkin sijoittaa.<\/li>\n<\/ul>\n<p>VAROITUS:<\/p>\n<ul>\n<li>Kaatumisen est\u00e4miseksi on t\u00e4t\u00e4 tuotetta k\u00e4ytett\u00e4v\u00e4 mukana toimitettavan sein\u00e4kiinnityslaitteen kanssa.<\/li>\n<\/ul>\n<ul>\n<li>V\u00e4ri: Musta<\/li>\n<li>Materiaali: Tekninen puu, akryyli<\/li>\n<li>Peilip\u00f6yd\u00e4n mitat: 60 x 40 x 140 cm (L x S x K)<\/li>\n<li>Meikkikaapin mitat: 80 x 40 x 75 cm (L x S x K)<\/li>\n<li>Asennus vaaditaan: kyll\u00e4<\/li>\n<li><strong>Toimitus sis\u00e4lt\u00e4\u00e4:<\/strong><\/li>\n<li>1 x meikkip\u00f6yt\u00e4<\/li>\n<li>1 x Meikkikaappi<\/li>\n<li>Legal Documents:\n<p><span>Lis\u00e4tietoja huonekalujesi kaatumisen est\u00e4misest\u00e4 voit l\u00f6yt\u00e4\u00e4 <span style=\"text-decoration: underline\"><strong><a title=\"https:\/\/bit.ly\/3bVwkQp\" href=\"https:\/\/bit.ly\/3bVwkQp\" target=\"_blank\">t\u00e4\u00e4lt\u00e4<\/a><\/strong><\/span><\/span><\/p>\n<\/li>\n<\/ul>\n","protected":false},"excerpt":{"rendered":"<ul>\n<li>V\u00e4ri: Musta<\/li>\n<li>Materiaali: Tekninen puu, akryyli<\/li>\n<li>Peilip\u00f6yd\u00e4n mitat: 60 x 40 x 140 cm (L x S x K)<\/li>\n<li>Meikkikaapin mitat: 80 x 40 x 75 cm (L x S x K)<\/li>\n<li>Asennus vaaditaan: kyll\u00e4<\/li>\n<li><strong>Toimitus sis\u00e4lt\u00e4\u00e4:<\/strong><\/li>\n<li>1 x meikkip\u00f6yt\u00e4<\/li>\n<li>1 x Meikkikaappi<\/li>\n<li>Legal Documents:\n<p><span>Lis\u00e4tietoja huonekalujesi kaatumisen est\u00e4misest\u00e4 voit l\u00f6yt\u00e4\u00e4 <span style=\"text-decoration: underline\"><strong><a title=\"https:\/\/bit.ly\/3bVwkQp\" href=\"https:\/\/bit.ly\/3bVwkQp\" target=\"_blank\">t\u00e4\u00e4lt\u00e4<\/a><\/strong><\/span><\/span><\/p>\n<\/li>\n<\/ul>\n","protected":false},"featured_media":100000169551,"comment_status":"closed","ping_status":"closed","template":"","meta":[],"product_brand":[],"product_cat":[84,8561,8566],"product_tag":[],"class_list":{"0":"post-169551","1":"product","2":"type-product","3":"status-publish","4":"has-post-thumbnail","6":"product_cat-huonekalut","7":"product_cat-kampauspoydat","8":"product_cat-makuuhuoneen-kampauspoydat","10":"first","11":"instock","12":"taxable","13":"shipping-taxable","14":"purchasable","15":"product-type-simple"},"_links":{"self":[{"href":"https:\/\/www.otiumhome.fi\/index.php\/wp-json\/wp\/v2\/product\/169551","targetHints":{"allow":["GET"]}}],"collection":[{"href":"https:\/\/www.otiumhome.fi\/index.php\/wp-json\/wp\/v2\/product"}],"about":[{"href":"https:\/\/www.otiumhome.fi\/index.php\/wp-json\/wp\/v2\/types\/product"}],"replies":[{"embeddable":true,"href":"https:\/\/www.otiumhome.fi\/index.php\/wp-json\/wp\/v2\/comments?post=169551"}],"wp:featuredmedia":[{"embeddable":true,"href":"https:\/\/www.otiumhome.fi\/index.php\/wp-json\/"}],"wp:attachment":[{"href":"https:\/\/www.otiumhome.fi\/index.php\/wp-json\/wp\/v2\/media?parent=169551"}],"wp:term":[{"taxonomy":"product_brand","embeddable":true,"href":"https:\/\/www.otiumhome.fi\/index.php\/wp-json\/wp\/v2\/product_brand?post=169551"},{"taxonomy":"product_cat","embeddable":true,"href":"https:\/\/www.otiumhome.fi\/index.php\/wp-json\/wp\/v2\/product_cat?post=169551"},{"taxonomy":"product_tag","embeddable":true,"href":"https:\/\/www.otiumhome.fi\/index.php\/wp-json\/wp\/v2\/product_tag?post=169551"}],"curies":[{"name":"wp","href":"https:\/\/api.w.org\/{rel}","templated":true}]}}