{"id":169550,"date":"2025-09-05T08:11:57","date_gmt":"2025-09-05T08:11:57","guid":{"rendered":"https:\/\/www.otiumhome.fi\/?p=169550"},"modified":"2025-09-06T07:49:26","modified_gmt":"2025-09-06T07:49:26","slug":"pukeutumispoyta-100x50x76-cm-taysi-mangopuu","status":"publish","type":"product","link":"https:\/\/www.otiumhome.fi\/index.php\/tuote\/pukeutumispoyta-100x50x76-cm-taysi-mangopuu\/","title":{"rendered":"Pukeutumisp\u00f6yt\u00e4 100x50x76 cm t\u00e4ysi mangopuu"},"content":{"rendered":"<p>Yksinkertainen puinen pukeutumisp\u00f6yt\u00e4 on t\u00e4ydellinen ratkaisu makuuhuoneeseesi.<\/p>\n<\/p>\n<p>Vakaa ja kest\u00e4v\u00e4 pukeutumisp\u00f6yt\u00e4 on valmistettu t\u00e4ydest\u00e4 karkeasta mangopuusta, trooppisesta lehtipuusta, jolla on kyky\u00e4 kantaa painoa ja kest\u00e4\u00e4 ajan patinaa. K\u00e4sity\u00f6taito ja kauniit puukuviot tekev\u00e4t jokaisesta huonekalusta ainutlaatuisen ja hieman erilaisen kuin muut. T\u00e4ss\u00e4 meikkip\u00f6yd\u00e4ss\u00e4 on yksi vetolaatikko ja avoin lokero, jotka tarjoavat runsaasti s\u00e4ilytystilaa t\u00e4rkeiden esineiden pit\u00e4miseen j\u00e4rjestyksess\u00e4 ja ulottuvillasi.<\/p>\n<\/p>\n<p>T\u00e4rke\u00e4 huomio: V\u00e4rit ja puunsyyt vaihtelevat kappaleittain, mik\u00e4 tekee jokaisesta huonekalusta ainutlaatuisen. Toimitus on sattumanvarainen, t\u00e4m\u00e4 takaa tuotteesi ainutlaatuisuuden.<\/p>\n<ul>\n<li>Materiaali: luonnollisesti viimeistelty mangopuu, lasi<\/li>\n<li>P\u00f6yd\u00e4n mitat: 100 x 50 x 76 cm (P x L x K)<\/li>\n<li>Peilin halkaisija: 48 cm<\/li>\n<li>Asennus vaaditaan: kyll\u00e4<\/li>\n<\/ul>\n","protected":false},"excerpt":{"rendered":"<ul>\n<li>Materiaali: luonnollisesti viimeistelty mangopuu, lasi<\/li>\n<li>P\u00f6yd\u00e4n mitat: 100 x 50 x 76 cm (P x L x K)<\/li>\n<li>Peilin halkaisija: 48 cm<\/li>\n<li>Asennus vaaditaan: kyll\u00e4<\/li>\n<\/ul>\n","protected":false},"featured_media":100000169550,"comment_status":"closed","ping_status":"closed","template":"","meta":[],"product_brand":[],"product_cat":[84,8561,8566],"product_tag":[],"class_list":{"0":"post-169550","1":"product","2":"type-product","3":"status-publish","4":"has-post-thumbnail","6":"product_cat-huonekalut","7":"product_cat-kampauspoydat","8":"product_cat-makuuhuoneen-kampauspoydat","10":"first","11":"instock","12":"taxable","13":"shipping-taxable","14":"purchasable","15":"product-type-simple"},"_links":{"self":[{"href":"https:\/\/www.otiumhome.fi\/index.php\/wp-json\/wp\/v2\/product\/169550","targetHints":{"allow":["GET"]}}],"collection":[{"href":"https:\/\/www.otiumhome.fi\/index.php\/wp-json\/wp\/v2\/product"}],"about":[{"href":"https:\/\/www.otiumhome.fi\/index.php\/wp-json\/wp\/v2\/types\/product"}],"replies":[{"embeddable":true,"href":"https:\/\/www.otiumhome.fi\/index.php\/wp-json\/wp\/v2\/comments?post=169550"}],"wp:featuredmedia":[{"embeddable":true,"href":"https:\/\/www.otiumhome.fi\/index.php\/wp-json\/"}],"wp:attachment":[{"href":"https:\/\/www.otiumhome.fi\/index.php\/wp-json\/wp\/v2\/media?parent=169550"}],"wp:term":[{"taxonomy":"product_brand","embeddable":true,"href":"https:\/\/www.otiumhome.fi\/index.php\/wp-json\/wp\/v2\/product_brand?post=169550"},{"taxonomy":"product_cat","embeddable":true,"href":"https:\/\/www.otiumhome.fi\/index.php\/wp-json\/wp\/v2\/product_cat?post=169550"},{"taxonomy":"product_tag","embeddable":true,"href":"https:\/\/www.otiumhome.fi\/index.php\/wp-json\/wp\/v2\/product_tag?post=169550"}],"curies":[{"name":"wp","href":"https:\/\/api.w.org\/{rel}","templated":true}]}}