{"id":169548,"date":"2025-09-05T08:11:56","date_gmt":"2025-09-05T08:11:56","guid":{"rendered":"https:\/\/www.otiumhome.fi\/?p=169548"},"modified":"2025-09-06T07:41:42","modified_gmt":"2025-09-06T07:41:42","slug":"meikkipoyta-peililla-ja-jakkaralla-harmaa-104x45x131-cm","status":"publish","type":"product","link":"https:\/\/www.otiumhome.fi\/index.php\/tuote\/meikkipoyta-peililla-ja-jakkaralla-harmaa-104x45x131-cm\/","title":{"rendered":"Meikkip\u00f6yt\u00e4 peilill\u00e4 ja jakkaralla harmaa 104x45x131 cm"},"content":{"rendered":"<p>T\u00e4m\u00e4 meikkip\u00f6yt\u00e4 on moderni ja tyylik\u00e4s lis\u00e4 makuuhuoneesi sisustukseen.<\/p>\n<\/p>\n<p>T\u00e4m\u00e4 meikkip\u00f6yt\u00e4 on valmistettu melamiinia sis\u00e4lt\u00e4v\u00e4st\u00e4 teknisest\u00e4 puusta, se on vakaa ja kest\u00e4v\u00e4. Sen tilavien laatikoiden ansiosta sinulla on riitt\u00e4v\u00e4sti s\u00e4ilytystilaa kaikille kauneudenhoitotuotteille ja kaikelle muulle, mit\u00e4 haluat pit\u00e4\u00e4 k\u00e4den ulottuvilla, jotta v\u00e4henn\u00e4t makuuhuoneen sekaisuutta. Meikkip\u00f6yd\u00e4n mukana tulee vankka ja klassisesti muotoiltu jakkara, joten voit istua mukavasti meikatessasi.<\/p>\n<ul>\n<li>V\u00e4ri: harmaa + luonnollinen puun v\u00e4ri<\/li>\n<li>Materiaali: Tekninen puu melamiinilla<\/li>\n<li>Kokonaismitat: 104 x 45 x 131 cm (P x L x K)<\/li>\n<li>Peilin mitat: 47 x 56 x 3 cm (L x K x Paks.)<\/li>\n<li>Jakkaran mitat: 44 x 32 x 43,5 cm (P x L x K)<\/li>\n<li>3 vetolaatikkoa<\/li>\n<\/ul>\n","protected":false},"excerpt":{"rendered":"<ul>\n<li>V\u00e4ri: harmaa + luonnollinen puun v\u00e4ri<\/li>\n<li>Materiaali: Tekninen puu melamiinilla<\/li>\n<li>Kokonaismitat: 104 x 45 x 131 cm (P x L x K)<\/li>\n<li>Peilin mitat: 47 x 56 x 3 cm (L x K x Paks.)<\/li>\n<li>Jakkaran mitat: 44 x 32 x 43,5 cm (P x L x K)<\/li>\n<li>3 vetolaatikkoa<\/li>\n<\/ul>\n","protected":false},"featured_media":100000169548,"comment_status":"closed","ping_status":"closed","template":"","meta":[],"product_brand":[],"product_cat":[84,8561,8566],"product_tag":[],"class_list":{"0":"post-169548","1":"product","2":"type-product","3":"status-publish","4":"has-post-thumbnail","6":"product_cat-huonekalut","7":"product_cat-kampauspoydat","8":"product_cat-makuuhuoneen-kampauspoydat","10":"first","11":"instock","12":"taxable","13":"shipping-taxable","14":"purchasable","15":"product-type-simple"},"_links":{"self":[{"href":"https:\/\/www.otiumhome.fi\/index.php\/wp-json\/wp\/v2\/product\/169548","targetHints":{"allow":["GET"]}}],"collection":[{"href":"https:\/\/www.otiumhome.fi\/index.php\/wp-json\/wp\/v2\/product"}],"about":[{"href":"https:\/\/www.otiumhome.fi\/index.php\/wp-json\/wp\/v2\/types\/product"}],"replies":[{"embeddable":true,"href":"https:\/\/www.otiumhome.fi\/index.php\/wp-json\/wp\/v2\/comments?post=169548"}],"wp:featuredmedia":[{"embeddable":true,"href":"https:\/\/www.otiumhome.fi\/index.php\/wp-json\/"}],"wp:attachment":[{"href":"https:\/\/www.otiumhome.fi\/index.php\/wp-json\/wp\/v2\/media?parent=169548"}],"wp:term":[{"taxonomy":"product_brand","embeddable":true,"href":"https:\/\/www.otiumhome.fi\/index.php\/wp-json\/wp\/v2\/product_brand?post=169548"},{"taxonomy":"product_cat","embeddable":true,"href":"https:\/\/www.otiumhome.fi\/index.php\/wp-json\/wp\/v2\/product_cat?post=169548"},{"taxonomy":"product_tag","embeddable":true,"href":"https:\/\/www.otiumhome.fi\/index.php\/wp-json\/wp\/v2\/product_tag?post=169548"}],"curies":[{"name":"wp","href":"https:\/\/api.w.org\/{rel}","templated":true}]}}