{"id":169539,"date":"2025-09-05T07:26:42","date_gmt":"2025-09-05T07:26:42","guid":{"rendered":"https:\/\/www.otiumhome.fi\/?p=169539"},"modified":"2025-12-14T06:45:49","modified_gmt":"2025-12-14T06:45:49","slug":"peilipoyta-led-valoilla-ruskea-tammi-96x40x142-cm","status":"publish","type":"product","link":"https:\/\/www.otiumhome.fi\/index.php\/tuote\/peilipoyta-led-valoilla-ruskea-tammi-96x40x142-cm\/","title":{"rendered":"Peilip\u00f6yt\u00e4 LED-valoilla ruskea tammi 96x40x142 cm"},"content":{"rendered":"<p>Ajattoman hienostunut meikkip\u00f6yt\u00e4 pelill\u00e4 ja LED-valoilla on mahtava lis\u00e4 makuuhuoneesi sisustukseen. Se pit\u00e4\u00e4 samalla kosmetiikkatuotteesi ulottuvillasi!<\/p>\n<\/p>\n<ul>\n<li>Vakaa materiaali: Tekninen puu on poikkeuksellisen laadukasta ja sile\u00e4pintaista, se on my\u00f6s luja, vakaa ja kosteudelle vastustuskykyinen. Teknisest\u00e4 puusta valmistettu meikkip\u00f6yt\u00e4 on helppo puhdistaa.<\/li>\n<li>Runsaasti s\u00e4ilytystilaa: T\u00e4ss\u00e4 meikkip\u00f6yd\u00e4ss\u00e4 on kaksi laatikkoa ja nelj\u00e4 pient\u00e4 hylly\u00e4, jotka tarjoavat runsaasti tilaa v\u00e4ltt\u00e4m\u00e4tt\u00f6mien kosmetiikkatuotteiden hyv\u00e4ss\u00e4 j\u00e4rjestyksess\u00e4 pit\u00e4miseen.<\/li>\n<li>Meikkipeili: Mukana oleva meikkipeili takaa selke\u00e4n n\u00e4kym\u00e4n meikkauksen aikana. Se lis\u00e4\u00e4 my\u00f6s tyylikk\u00e4\u00e4n ilmeen meikkip\u00f6yd\u00e4lle.<\/li>\n<li>S\u00e4\u00e4dett\u00e4v\u00e4t LED-valot: T\u00e4ss\u00e4 korup\u00f6yd\u00e4ss\u00e4 on LED-valot peilin ymp\u00e4rill\u00e4. Voit helposti vaihtaa kolmen v\u00e4rin (kylm\u00e4, l\u00e4mmin ja neutraali) v\u00e4lill\u00e4 ja s\u00e4\u00e4t\u00e4\u00e4 kirkkautta k\u00e4tev\u00e4ll\u00e4 ohjaimella.<\/li>\n<\/ul>\n<p>Varoitus:<\/p>\n<ul>\n<li>Kaatumisen est\u00e4miseksi on t\u00e4t\u00e4 tuotetta k\u00e4ytett\u00e4v\u00e4 mukana toimitetun sein\u00e4kiinnityslaitteen kanssa.<\/li>\n<\/ul>\n<p>Hyv\u00e4 tiet\u00e4\u00e4:<\/p>\n<ul>\n<li>Tuotteessa on USB-liitin, mutta sertifioitu 5 V USB virtal\u00e4hde ei sis\u00e4lly toimitukseen.<\/li>\n<\/ul>\n<ul>\n<li>V\u00e4ri: Ruskea tammi<\/li>\n<li>Materiaali: tekninen puu, lasi<\/li>\n<li>Mitat: 96 x 40 x 142 cm (L x S x K)<\/li>\n<li>Asennus vaaditaan: Kyll\u00e4<\/li>\n<li>Legal Documents:\n<p><span>Lis\u00e4tietoja huonekalujesi kaatumisen est\u00e4misest\u00e4 voit l\u00f6yt\u00e4\u00e4 <span style=\"text-decoration: underline\"><strong><a title=\"https:\/\/bit.ly\/3bVwkQp\" href=\"https:\/\/bit.ly\/3bVwkQp\" target=\"_blank\">t\u00e4\u00e4lt\u00e4<\/a><\/strong><\/span><\/span><\/p>\n<\/li>\n<\/ul>\n","protected":false},"excerpt":{"rendered":"<ul>\n<li>V\u00e4ri: Ruskea tammi<\/li>\n<li>Materiaali: tekninen puu, lasi<\/li>\n<li>Mitat: 96 x 40 x 142 cm (L x S x K)<\/li>\n<li>Asennus vaaditaan: Kyll\u00e4<\/li>\n<li>Legal Documents:\n<p><span>Lis\u00e4tietoja huonekalujesi kaatumisen est\u00e4misest\u00e4 voit l\u00f6yt\u00e4\u00e4 <span style=\"text-decoration: underline\"><strong><a title=\"https:\/\/bit.ly\/3bVwkQp\" href=\"https:\/\/bit.ly\/3bVwkQp\" target=\"_blank\">t\u00e4\u00e4lt\u00e4<\/a><\/strong><\/span><\/span><\/p>\n<\/li>\n<\/ul>\n","protected":false},"featured_media":100000169539,"comment_status":"closed","ping_status":"closed","template":"","meta":[],"product_brand":[],"product_cat":[84,8561,8566],"product_tag":[],"class_list":{"0":"post-169539","1":"product","2":"type-product","3":"status-publish","4":"has-post-thumbnail","6":"product_cat-huonekalut","7":"product_cat-kampauspoydat","8":"product_cat-makuuhuoneen-kampauspoydat","10":"first","11":"outofstock","12":"taxable","13":"shipping-taxable","14":"purchasable","15":"product-type-simple"},"_links":{"self":[{"href":"https:\/\/www.otiumhome.fi\/index.php\/wp-json\/wp\/v2\/product\/169539","targetHints":{"allow":["GET"]}}],"collection":[{"href":"https:\/\/www.otiumhome.fi\/index.php\/wp-json\/wp\/v2\/product"}],"about":[{"href":"https:\/\/www.otiumhome.fi\/index.php\/wp-json\/wp\/v2\/types\/product"}],"replies":[{"embeddable":true,"href":"https:\/\/www.otiumhome.fi\/index.php\/wp-json\/wp\/v2\/comments?post=169539"}],"wp:featuredmedia":[{"embeddable":true,"href":"https:\/\/www.otiumhome.fi\/index.php\/wp-json\/"}],"wp:attachment":[{"href":"https:\/\/www.otiumhome.fi\/index.php\/wp-json\/wp\/v2\/media?parent=169539"}],"wp:term":[{"taxonomy":"product_brand","embeddable":true,"href":"https:\/\/www.otiumhome.fi\/index.php\/wp-json\/wp\/v2\/product_brand?post=169539"},{"taxonomy":"product_cat","embeddable":true,"href":"https:\/\/www.otiumhome.fi\/index.php\/wp-json\/wp\/v2\/product_cat?post=169539"},{"taxonomy":"product_tag","embeddable":true,"href":"https:\/\/www.otiumhome.fi\/index.php\/wp-json\/wp\/v2\/product_tag?post=169539"}],"curies":[{"name":"wp","href":"https:\/\/api.w.org\/{rel}","templated":true}]}}