{"id":169491,"date":"2025-09-05T05:44:52","date_gmt":"2025-09-05T05:44:52","guid":{"rendered":"https:\/\/www.otiumhome.fi\/?p=169491"},"modified":"2025-12-14T06:30:53","modified_gmt":"2025-12-14T06:30:53","slug":"led-kylpyhuoneen-peilikaappi-89x14x62-cm-kiiltava-valkoinen","status":"publish","type":"product","link":"https:\/\/www.otiumhome.fi\/index.php\/tuote\/led-kylpyhuoneen-peilikaappi-89x14x62-cm-kiiltava-valkoinen\/","title":{"rendered":"LED kylpyhuoneen peilikaappi 89x14x62 cm kiilt\u00e4v\u00e4 valkoinen"},"content":{"rendered":"<p>Tuo esteettist\u00e4 mukavuutta kylpyhuoneeseesi LED-meikkipeilikaapillamme! LED-peilikaappimme lis\u00e4\u00e4 hieman modernia tyyli\u00e4 ja pehme\u00e4\u00e4 valaistusta mihin tahansa huoneeseen!<\/p>\n<\/p>\n<p>Laadukkaasta melamiiniviimeistellyst\u00e4 MDF-levyst\u00e4 valmistettuna se takaa pitk\u00e4n k\u00e4ytt\u00f6i\u00e4n. Kahdella energiaa s\u00e4\u00e4st\u00e4v\u00e4ll\u00e4 LED-nauhalla voit n\u00e4hd\u00e4 itsesi luonnollisimmalla valolla meikkaukseen, kampaamiseen ja ihonhoitoon, se voi my\u00f6s valaista huoneesi, kasvosi ja hymysi. Sis\u00e4ll\u00e4 on 3 hylly\u00e4, jotka tarjoavat runsaasti s\u00e4ilytystilaa kaikille hygieniatuotteillesi ja kauneustarvikkeillesi. Voit kytke\u00e4 valon helposti p\u00e4\u00e4lle ja pois p\u00e4\u00e4lt\u00e4 alhaalla olevalla painikkeella. Tyylik\u00e4s ja toimiva kaappi tekee taatusti huoneesi sisustuksesta ainutlaatuisen upean!<\/p>\n<\/p>\n<p>Kaappi on helppo kiinnitt\u00e4\u00e4 sein\u00e4\u00e4n.<\/p>\n<\/p>\n<p>Huomioi:<\/p>\n<p>Tuotteessa on USB-liitin, mutta sertifioitu 5 V USB virtal\u00e4hde ei sis\u00e4lly toimitukseen.<\/p>\n<ul>\n<li>V\u00e4ri: kiilt\u00e4v\u00e4 valkoinen<\/li>\n<li>Materiaali: MDF melamiiniviimeistelyll\u00e4, lasipeili<\/li>\n<li>Mitat: 89 x 14 x 62 cm (L x S x K)<\/li>\n<li>Johdon pituus: 1 m<\/li>\n<li>Sis\u00e4lt\u00e4\u00e4 3 ovea<\/li>\n<li>Sis\u00e4ll\u00e4 5 hylly\u00e4 hygieniatuotteille ja meikkitarvikkeille<\/li>\n<li>On\/off-katkaisin pohjassa<\/li>\n<li>Maksimikantavuus (yhteens\u00e4): 10 kg<\/li>\n<li>Enimm\u00e4iskantavuus (iso lokero): 5 kg<\/li>\n<li>Enimm\u00e4iskantavuus (pieni lokero): 2,5 kg<\/li>\n<\/ul>\n<p> <a title=\"https:\/\/vdxl.im\/8720286332948_doc_en_1.pdf?t=1732500696\" href=\"https:\/\/vdxl.im\/8720286332948_doc_en_1.pdf?t=1732500696\" target=\"_blank\">GPSR<\/a><\/p>\n","protected":false},"excerpt":{"rendered":"<ul>\n<li>V\u00e4ri: kiilt\u00e4v\u00e4 valkoinen<\/li>\n<li>Materiaali: MDF melamiiniviimeistelyll\u00e4, lasipeili<\/li>\n<li>Mitat: 89 x 14 x 62 cm (L x S x K)<\/li>\n<li>Johdon pituus: 1 m<\/li>\n<li>Sis\u00e4lt\u00e4\u00e4 3 ovea<\/li>\n<li>Sis\u00e4ll\u00e4 5 hylly\u00e4 hygieniatuotteille ja meikkitarvikkeille<\/li>\n<li>On\/off-katkaisin pohjassa<\/li>\n<li>Maksimikantavuus (yhteens\u00e4): 10 kg<\/li>\n<li>Enimm\u00e4iskantavuus (iso lokero): 5 kg<\/li>\n<li>Enimm\u00e4iskantavuus (pieni lokero): 2,5 kg<\/li>\n<\/ul>\n","protected":false},"featured_media":100000169491,"comment_status":"closed","ping_status":"closed","template":"","meta":[],"product_brand":[],"product_cat":[84,8561,8562],"product_tag":[],"class_list":{"0":"post-169491","1":"product","2":"type-product","3":"status-publish","4":"has-post-thumbnail","6":"product_cat-huonekalut","7":"product_cat-kampauspoydat","8":"product_cat-kylpyhuoneen-kampauspoydat","10":"first","11":"instock","12":"taxable","13":"shipping-taxable","14":"purchasable","15":"product-type-simple"},"_links":{"self":[{"href":"https:\/\/www.otiumhome.fi\/index.php\/wp-json\/wp\/v2\/product\/169491","targetHints":{"allow":["GET"]}}],"collection":[{"href":"https:\/\/www.otiumhome.fi\/index.php\/wp-json\/wp\/v2\/product"}],"about":[{"href":"https:\/\/www.otiumhome.fi\/index.php\/wp-json\/wp\/v2\/types\/product"}],"replies":[{"embeddable":true,"href":"https:\/\/www.otiumhome.fi\/index.php\/wp-json\/wp\/v2\/comments?post=169491"}],"wp:featuredmedia":[{"embeddable":true,"href":"https:\/\/www.otiumhome.fi\/index.php\/wp-json\/"}],"wp:attachment":[{"href":"https:\/\/www.otiumhome.fi\/index.php\/wp-json\/wp\/v2\/media?parent=169491"}],"wp:term":[{"taxonomy":"product_brand","embeddable":true,"href":"https:\/\/www.otiumhome.fi\/index.php\/wp-json\/wp\/v2\/product_brand?post=169491"},{"taxonomy":"product_cat","embeddable":true,"href":"https:\/\/www.otiumhome.fi\/index.php\/wp-json\/wp\/v2\/product_cat?post=169491"},{"taxonomy":"product_tag","embeddable":true,"href":"https:\/\/www.otiumhome.fi\/index.php\/wp-json\/wp\/v2\/product_tag?post=169491"}],"curies":[{"name":"wp","href":"https:\/\/api.w.org\/{rel}","templated":true}]}}