{"id":169419,"date":"2025-09-05T05:27:19","date_gmt":"2025-09-05T05:27:19","guid":{"rendered":"https:\/\/www.otiumhome.fi\/?p=169419"},"modified":"2025-09-06T08:17:35","modified_gmt":"2025-09-06T08:17:35","slug":"kylpyhuoneen-kulmapeilikaappi-harmaa-30x24x60-cm","status":"publish","type":"product","link":"https:\/\/www.otiumhome.fi\/index.php\/tuote\/kylpyhuoneen-kulmapeilikaappi-harmaa-30x24x60-cm\/","title":{"rendered":"Kylpyhuoneen kulmapeilikaappi harmaa 30x24x60 cm"},"content":{"rendered":"<p>Kylpyhuoneen kulmapeilikaapissa on tyylik\u00e4s muotoilu, jossa yhdistyv\u00e4t toimivuus ja tyyli. Se on t\u00e4ydellinen lis\u00e4 mink\u00e4 tahansa kylpyhuoneen sisustukseen.<\/p>\n<\/p>\n<ul>\n<li>Kest\u00e4v\u00e4 materiaali: Tekninen puu on poikkeuksellisen laadukasta ja sile\u00e4pintaista. Se on luja, vakaa ja kosteudelle vastustuskykyinen. Teknisest\u00e4 puusta valmistettu pesuhuoneen peilikaappi on helppo puhdistaa.<\/li>\n<li>Runsaasti s\u00e4ilytystilaa: Kahdella hyllyll\u00e4 varustettu kylpyhuoneen peilikaappi tarjoaa k\u00e4tev\u00e4n s\u00e4ilytystilan v\u00e4ltt\u00e4m\u00e4tt\u00f6mien hygienia- ja kylpytarvikkeiden, sek\u00e4 muiden tavaroiden j\u00e4rjest\u00e4miseen ja s\u00e4ilytt\u00e4miseen siististi yhdess\u00e4 paikassa. Hyllyt voidaan my\u00f6s irrottaa tarpeidesi mukaan.<\/li>\n<li>Sein\u00e4lle kiinnitett\u00e4v\u00e4 malli: Peilikaappi voidaan kiinnitt\u00e4\u00e4 kulmaan. Voit t\u00e4ll\u00e4 tavoin maksimoida lattiatilasi ja pit\u00e4\u00e4 alueen siistin\u00e4.<\/li>\n<\/ul>\n<p>Hyv\u00e4 tiet\u00e4\u00e4:<\/p>\n<ul>\n<li>Sein\u00e4\u00e4n kiinnitett\u00e4v\u00e4t ruuvit ja tulpat eiv\u00e4t sis\u00e4lly toimitukseen. Suosittelemme etsim\u00e4\u00e4n ja k\u00e4ytt\u00e4m\u00e4\u00e4n sein\u00e4\u00e4si sopivia ruuveja ja tulppia. Jos olet ep\u00e4varma, kysy ammattilaisen neuvoa. Lue ja noudata ohjeiden jokaista vaihetta.<\/li>\n<\/ul>\n<ul>\n<li>V\u00e4ri: Harmaa<\/li>\n<li>Materiaali: Tekninen puu melamiiniviimeistelyll\u00e4, lasi<\/li>\n<li>Kokonaismitat: 30 x 24 x 60 cm (L x S x K)<\/li>\n<li>Peilin koko: 30 x 60 cm (L x K)<\/li>\n<li>Yl\u00e4lokeron mitat: 30 x 24 x 17 cm (L x S x K)<\/li>\n<li>Keskilokeron mitat: 30 x 24 x 17,5 cm (L x S x K)<\/li>\n<li>Alalokeron mitat: 30 x 24 x 19,5 cm (L x S x K)<\/li>\n<li>Asennus vaaditaan: Kyll\u00e4<\/li>\n<\/ul>\n","protected":false},"excerpt":{"rendered":"<ul>\n<li>V\u00e4ri: Harmaa<\/li>\n<li>Materiaali: Tekninen puu melamiiniviimeistelyll\u00e4, lasi<\/li>\n<li>Kokonaismitat: 30 x 24 x 60 cm (L x S x K)<\/li>\n<li>Peilin koko: 30 x 60 cm (L x K)<\/li>\n<li>Yl\u00e4lokeron mitat: 30 x 24 x 17 cm (L x S x K)<\/li>\n<li>Keskilokeron mitat: 30 x 24 x 17,5 cm (L x S x K)<\/li>\n<li>Alalokeron mitat: 30 x 24 x 19,5 cm (L x S x K)<\/li>\n<li>Asennus vaaditaan: Kyll\u00e4<\/li>\n<\/ul>\n","protected":false},"featured_media":100000169419,"comment_status":"closed","ping_status":"closed","template":"","meta":[],"product_brand":[],"product_cat":[84,8561,8562],"product_tag":[],"class_list":{"0":"post-169419","1":"product","2":"type-product","3":"status-publish","4":"has-post-thumbnail","6":"product_cat-huonekalut","7":"product_cat-kampauspoydat","8":"product_cat-kylpyhuoneen-kampauspoydat","10":"first","11":"instock","12":"taxable","13":"shipping-taxable","14":"purchasable","15":"product-type-simple"},"_links":{"self":[{"href":"https:\/\/www.otiumhome.fi\/index.php\/wp-json\/wp\/v2\/product\/169419","targetHints":{"allow":["GET"]}}],"collection":[{"href":"https:\/\/www.otiumhome.fi\/index.php\/wp-json\/wp\/v2\/product"}],"about":[{"href":"https:\/\/www.otiumhome.fi\/index.php\/wp-json\/wp\/v2\/types\/product"}],"replies":[{"embeddable":true,"href":"https:\/\/www.otiumhome.fi\/index.php\/wp-json\/wp\/v2\/comments?post=169419"}],"wp:featuredmedia":[{"embeddable":true,"href":"https:\/\/www.otiumhome.fi\/index.php\/wp-json\/"}],"wp:attachment":[{"href":"https:\/\/www.otiumhome.fi\/index.php\/wp-json\/wp\/v2\/media?parent=169419"}],"wp:term":[{"taxonomy":"product_brand","embeddable":true,"href":"https:\/\/www.otiumhome.fi\/index.php\/wp-json\/wp\/v2\/product_brand?post=169419"},{"taxonomy":"product_cat","embeddable":true,"href":"https:\/\/www.otiumhome.fi\/index.php\/wp-json\/wp\/v2\/product_cat?post=169419"},{"taxonomy":"product_tag","embeddable":true,"href":"https:\/\/www.otiumhome.fi\/index.php\/wp-json\/wp\/v2\/product_tag?post=169419"}],"curies":[{"name":"wp","href":"https:\/\/api.w.org\/{rel}","templated":true}]}}