{"id":169409,"date":"2025-09-05T05:27:15","date_gmt":"2025-09-05T05:27:15","guid":{"rendered":"https:\/\/www.otiumhome.fi\/?p=169409"},"modified":"2025-12-14T06:40:51","modified_gmt":"2025-12-14T06:40:51","slug":"peilikaappi-led-valoilla-ruskea-tammi-60x315x62-cm","status":"publish","type":"product","link":"https:\/\/www.otiumhome.fi\/index.php\/tuote\/peilikaappi-led-valoilla-ruskea-tammi-60x315x62-cm\/","title":{"rendered":"Peilikaappi LED-valoilla ruskea tammi 60&#215;31,5&#215;62 cm"},"content":{"rendered":"<p>Lis\u00e4\u00e4 ripaus miellytt\u00e4v\u00e4\u00e4 esteettist\u00e4 ilmett\u00e4 huoneeseesi t\u00e4m\u00e4n LED-valoilla varustetun peilikaapin avulla!<\/p>\n<\/p>\n<ul>\n<li>Kest\u00e4v\u00e4 materiaali: Tekninen puu on poikkeuksellisen laadukasta ja sile\u00e4pintaista. Se on luja, vakaa ja kosteudelle vastustuskykyinen.<\/li>\n<li>LED-valot: Peilikaapissa on LED-valot USB-liit\u00e4nn\u00e4ll\u00e4, jotka on helppo vaihtaa l\u00e4mpim\u00e4n valkoisesta kylm\u00e4n valkoiseen. Peilin ymp\u00e4rill\u00e4 olevat LED-valot korostavat my\u00f6s kauneuttasi.<\/li>\n<li>Joustavat asennustavat: T\u00e4m\u00e4 LED-peilikaappi voidaan asettaa vakaasti meikkip\u00f6yd\u00e4llesi, tai voit kiinnitt\u00e4\u00e4 sen sein\u00e4lle lattiatilan s\u00e4\u00e4st\u00e4miseksi.<\/li>\n<li>Riitt\u00e4v\u00e4sti s\u00e4ilytystilaa: Avohyllyjen ansiosta sinulla on runsaasti s\u00e4ilytystilaa kaikille kauneudenhoitotuotteillesi.<\/li>\n<\/ul>\n<p>Huomioi:<\/p>\n<ul>\n<li>Jokaisen tuotteen mukana on laatikossa kokoonpano-ohje helppoa asennusta varten.<\/li>\n<li>Sein\u00e4\u00e4n kiinnitett\u00e4v\u00e4t ruuvit ja tulpat eiv\u00e4t sis\u00e4lly toimitukseen. Etsi ja k\u00e4yt\u00e4 sein\u00e4\u00e4si sopivia ruuveja ja tulppia. Jos olet ep\u00e4varma, kysy ammattilaisen neuvoa. Lue ja seuraa asennusohjeiden jokaista vaihetta huolella.<\/li>\n<\/ul>\n<ul>\n<li>V\u00e4ri: ruskea tammi<\/li>\n<li>Materiaali: Tekninen puu, akryyli<\/li>\n<li>Mitat: 60 x 31,5 x 62 cm (L x S x K)<\/li>\n<li>Maksimikantavuus (yhteens\u00e4): 50 kg<\/li>\n<li>Kaksi asennustapaa: P\u00f6yd\u00e4n p\u00e4\u00e4lle tai sein\u00e4lle kiinnitettyn\u00e4<\/li>\n<\/ul>\n","protected":false},"excerpt":{"rendered":"<ul>\n<li>V\u00e4ri: ruskea tammi<\/li>\n<li>Materiaali: Tekninen puu, akryyli<\/li>\n<li>Mitat: 60 x 31,5 x 62 cm (L x S x K)<\/li>\n<li>Maksimikantavuus (yhteens\u00e4): 50 kg<\/li>\n<li>Kaksi asennustapaa: P\u00f6yd\u00e4n p\u00e4\u00e4lle tai sein\u00e4lle kiinnitettyn\u00e4<\/li>\n<\/ul>\n","protected":false},"featured_media":100000169409,"comment_status":"closed","ping_status":"closed","template":"","meta":[],"product_brand":[],"product_cat":[84,8561,8562],"product_tag":[],"class_list":{"0":"post-169409","1":"product","2":"type-product","3":"status-publish","4":"has-post-thumbnail","6":"product_cat-huonekalut","7":"product_cat-kampauspoydat","8":"product_cat-kylpyhuoneen-kampauspoydat","10":"first","11":"instock","12":"taxable","13":"shipping-taxable","14":"purchasable","15":"product-type-simple"},"_links":{"self":[{"href":"https:\/\/www.otiumhome.fi\/index.php\/wp-json\/wp\/v2\/product\/169409","targetHints":{"allow":["GET"]}}],"collection":[{"href":"https:\/\/www.otiumhome.fi\/index.php\/wp-json\/wp\/v2\/product"}],"about":[{"href":"https:\/\/www.otiumhome.fi\/index.php\/wp-json\/wp\/v2\/types\/product"}],"replies":[{"embeddable":true,"href":"https:\/\/www.otiumhome.fi\/index.php\/wp-json\/wp\/v2\/comments?post=169409"}],"wp:featuredmedia":[{"embeddable":true,"href":"https:\/\/www.otiumhome.fi\/index.php\/wp-json\/"}],"wp:attachment":[{"href":"https:\/\/www.otiumhome.fi\/index.php\/wp-json\/wp\/v2\/media?parent=169409"}],"wp:term":[{"taxonomy":"product_brand","embeddable":true,"href":"https:\/\/www.otiumhome.fi\/index.php\/wp-json\/wp\/v2\/product_brand?post=169409"},{"taxonomy":"product_cat","embeddable":true,"href":"https:\/\/www.otiumhome.fi\/index.php\/wp-json\/wp\/v2\/product_cat?post=169409"},{"taxonomy":"product_tag","embeddable":true,"href":"https:\/\/www.otiumhome.fi\/index.php\/wp-json\/wp\/v2\/product_tag?post=169409"}],"curies":[{"name":"wp","href":"https:\/\/api.w.org\/{rel}","templated":true}]}}