{"id":168911,"date":"2025-09-05T04:07:21","date_gmt":"2025-09-05T04:07:21","guid":{"rendered":"https:\/\/www.otiumhome.fi\/?p=168911"},"modified":"2025-12-14T06:27:23","modified_gmt":"2025-12-14T06:27:23","slug":"kylpyhuoneen-kaappi-38x33x58-cm-taysi-akasiapuu","status":"publish","type":"product","link":"https:\/\/www.otiumhome.fi\/index.php\/tuote\/kylpyhuoneen-kaappi-38x33x58-cm-taysi-akasiapuu\/","title":{"rendered":"Kylpyhuoneen kaappi 38x33x58 cm t\u00e4ysi akasiapuu"},"content":{"rendered":"<p>T\u00e4m\u00e4 tilava kylpyhuoneen kaappi on loistava valinta lis\u00e4 kylpyhuoneeseesi, se tekee siit\u00e4 siistin ja j\u00e4rjestelm\u00e4llisen!<\/p>\n<\/p>\n<ul>\n<li>T\u00e4ysi akasiapuu: T\u00e4m\u00e4 kylpyhuoneen kaappi on valmistettu tekniseen puuhun yhdistetyst\u00e4 t\u00e4ydest\u00e4 akasiapuusta. T\u00e4ysi akasiapuu on kaunis luonnonmateriaali. Akasiapuu on tihe\u00e4syinen, tukeva ja kest\u00e4v\u00e4 trooppinen lehtipuu.<\/li>\n<li>Reilusti s\u00e4ilytystilaa: Kylpyhuoneen kalusteessa on kaksi lokeroa, ne tarjoavat lis\u00e4\u00e4 tilaa tavaroiden s\u00e4ilytt\u00e4miseen kylpyhuoneessa.<\/li>\n<li>Vakaat jalat: Kylpyhuonekaapin rautajalat takaavat tukevuuden ja vakauden.<\/li>\n<li>Joustava ovi: Voit asentaa oven joko vasemmalle tai oikealle puolelle omien tarpeidesi mukaan.<\/li>\n<\/ul>\n<p>Varoitus:<\/p>\n<ul>\n<li>Kaatumisen est\u00e4miseksi on t\u00e4t\u00e4 tuotetta k\u00e4ytett\u00e4v\u00e4 mukana toimitettavan sein\u00e4kiinnityslaitteen kanssa.<\/li>\n<\/ul>\n<p>Hyv\u00e4 tiet\u00e4\u00e4:<\/p>\n<ul>\n<li>Jokainen kappale on ainutlaatuisen eroavilla v\u00e4reill\u00e4 ja puunsyill\u00e4. Toimitus on sattumanvarainen, t\u00e4m\u00e4 takaa tuotteesi erityisyyden ja ainutlaatuisuuden.<\/li>\n<\/ul>\n<ul>\n<li>Materiaali: Luonnollisesti pintak\u00e4sitelty t\u00e4ysi akasiapuu, tekninen puu, rauta<\/li>\n<li>Kokonaismitat: 38 x 33 x 58 cm (L x S x K)<\/li>\n<li>Jalkojen korkeus: 10 cm<\/li>\n<li>Asennus vaaditaan: kyll\u00e4<\/li>\n<li>Legal Documents:\n<p><span>Lis\u00e4tietoja huonekalujesi kaatumisen est\u00e4misest\u00e4 voit l\u00f6yt\u00e4\u00e4 <span style=\"text-decoration: underline\"><strong><a title=\"https:\/\/bit.ly\/3bVwkQp\" href=\"https:\/\/bit.ly\/3bVwkQp\" target=\"_blank\">t\u00e4\u00e4lt\u00e4<\/a><\/strong><\/span><\/span><\/p>\n<\/li>\n<\/ul>\n","protected":false},"excerpt":{"rendered":"<ul>\n<li>Materiaali: Luonnollisesti pintak\u00e4sitelty t\u00e4ysi akasiapuu, tekninen puu, rauta<\/li>\n<li>Kokonaismitat: 38 x 33 x 58 cm (L x S x K)<\/li>\n<li>Jalkojen korkeus: 10 cm<\/li>\n<li>Asennus vaaditaan: kyll\u00e4<\/li>\n<li>Legal Documents:\n<p><span>Lis\u00e4tietoja huonekalujesi kaatumisen est\u00e4misest\u00e4 voit l\u00f6yt\u00e4\u00e4 <span style=\"text-decoration: underline\"><strong><a title=\"https:\/\/bit.ly\/3bVwkQp\" href=\"https:\/\/bit.ly\/3bVwkQp\" target=\"_blank\">t\u00e4\u00e4lt\u00e4<\/a><\/strong><\/span><\/span><\/p>\n<\/li>\n<\/ul>\n","protected":false},"featured_media":100000168911,"comment_status":"closed","ping_status":"closed","template":"","meta":[],"product_brand":[],"product_cat":[84,8560],"product_tag":[],"class_list":{"0":"post-168911","1":"product","2":"type-product","3":"status-publish","4":"has-post-thumbnail","6":"product_cat-huonekalut","7":"product_cat-kylpyhuoneen-kalusteet","9":"first","10":"instock","11":"taxable","12":"shipping-taxable","13":"purchasable","14":"product-type-simple"},"_links":{"self":[{"href":"https:\/\/www.otiumhome.fi\/index.php\/wp-json\/wp\/v2\/product\/168911","targetHints":{"allow":["GET"]}}],"collection":[{"href":"https:\/\/www.otiumhome.fi\/index.php\/wp-json\/wp\/v2\/product"}],"about":[{"href":"https:\/\/www.otiumhome.fi\/index.php\/wp-json\/wp\/v2\/types\/product"}],"replies":[{"embeddable":true,"href":"https:\/\/www.otiumhome.fi\/index.php\/wp-json\/wp\/v2\/comments?post=168911"}],"wp:featuredmedia":[{"embeddable":true,"href":"https:\/\/www.otiumhome.fi\/index.php\/wp-json\/"}],"wp:attachment":[{"href":"https:\/\/www.otiumhome.fi\/index.php\/wp-json\/wp\/v2\/media?parent=168911"}],"wp:term":[{"taxonomy":"product_brand","embeddable":true,"href":"https:\/\/www.otiumhome.fi\/index.php\/wp-json\/wp\/v2\/product_brand?post=168911"},{"taxonomy":"product_cat","embeddable":true,"href":"https:\/\/www.otiumhome.fi\/index.php\/wp-json\/wp\/v2\/product_cat?post=168911"},{"taxonomy":"product_tag","embeddable":true,"href":"https:\/\/www.otiumhome.fi\/index.php\/wp-json\/wp\/v2\/product_tag?post=168911"}],"curies":[{"name":"wp","href":"https:\/\/api.w.org\/{rel}","templated":true}]}}