{"id":168908,"date":"2025-09-05T04:07:20","date_gmt":"2025-09-05T04:07:20","guid":{"rendered":"https:\/\/www.otiumhome.fi\/?p=168908"},"modified":"2025-09-06T08:11:47","modified_gmt":"2025-09-06T08:11:47","slug":"kylpyhuoneen-seinakaappi-38x33x48-cm-kierratetty-tayspuu","status":"publish","type":"product","link":"https:\/\/www.otiumhome.fi\/index.php\/tuote\/kylpyhuoneen-seinakaappi-38x33x48-cm-kierratetty-tayspuu\/","title":{"rendered":"Kylpyhuoneen sein\u00e4kaappi 38x33x48 cm kierr\u00e4tetty t\u00e4yspuu"},"content":{"rendered":"<p>T\u00e4m\u00e4n kylpyhuoneen sein\u00e4kaapin tarkoituksena on optimoida sein\u00e4tilasi ja koristaa kylpyhuonettasi!<\/p>\n<\/p>\n<ul>\n<li>Kierr\u00e4tetty t\u00e4yspuu: T\u00e4m\u00e4 sein\u00e4kaappi on valmistettu t\u00e4ydest\u00e4 tekniseen puuhun yhdistetyst\u00e4 kierr\u00e4tyspuusta. T\u00e4ysi kierr\u00e4tyspuu koostuu uusiok\u00e4ytetyst\u00e4 puusta, kuten tiikist\u00e4, mangopuusta, m\u00e4nnyst\u00e4 ja py\u00f6kist\u00e4. N\u00e4m\u00e4 materiaalit on ker\u00e4tty vanhoista rakennuksista, tehtaista, vajoista ja veneist\u00e4.<\/li>\n<li>Reilusti s\u00e4ilytystilaa: Riippuvassa kaapissa on kaksi lokeroa, se tarjoaa lis\u00e4\u00e4 tilaa tavaroiden s\u00e4ilytt\u00e4miseen kylpyhuoneessasi.<\/li>\n<li>Sein\u00e4lle asennettava toiminto: T\u00e4m\u00e4 kylpyhuoneen kaappi ei vie yht\u00e4\u00e4n lattiatilaa, sill\u00e4 voit kiinnitt\u00e4\u00e4 sen helposti sein\u00e4lle.<\/li>\n<li>Joustava ovi: Voit asentaa oven joko vasemmalle tai oikealle puolelle omien tarpeidesi mukaan.<\/li>\n<\/ul>\n<p>Hyv\u00e4 tiet\u00e4\u00e4:<\/p>\n<ul>\n<li>Sein\u00e4\u00e4n kiinnitett\u00e4v\u00e4t ruuvit ja tulpat eiv\u00e4t sis\u00e4lly toimitukseen. Suosittelemme etsim\u00e4\u00e4n ja k\u00e4ytt\u00e4m\u00e4\u00e4n sein\u00e4\u00e4si sopivia ruuveja ja tulppia. Jos olet ep\u00e4varma, kysy ammattilaisen neuvoa. Lue ja noudata ohjeiden jokaista vaihetta.<\/li>\n<li>Jokainen kappale on ainutlaatuisen eroavilla v\u00e4reill\u00e4 ja puunsyill\u00e4. Toimitus on sattumanvarainen, t\u00e4m\u00e4 takaa tuotteesi erityisyyden ja ainutlaatuisuuden.<\/li>\n<\/ul>\n<ul>\n<li>Materiaali: Kierr\u00e4tetty t\u00e4yspuu eri v\u00e4rej\u00e4 sis\u00e4lt\u00e4v\u00e4ll\u00e4 viimeistelyll\u00e4, tekninen puu<\/li>\n<li>Mitat: 38 x 33 x 48 cm (L x S x K)<\/li>\n<li>Asennus vaaditaan: kyll\u00e4<\/li>\n<\/ul>\n","protected":false},"excerpt":{"rendered":"<ul>\n<li>Materiaali: Kierr\u00e4tetty t\u00e4yspuu eri v\u00e4rej\u00e4 sis\u00e4lt\u00e4v\u00e4ll\u00e4 viimeistelyll\u00e4, tekninen puu<\/li>\n<li>Mitat: 38 x 33 x 48 cm (L x S x K)<\/li>\n<li>Asennus vaaditaan: kyll\u00e4<\/li>\n<\/ul>\n","protected":false},"featured_media":100000168908,"comment_status":"closed","ping_status":"closed","template":"","meta":[],"product_brand":[],"product_cat":[84,8560],"product_tag":[],"class_list":{"0":"post-168908","1":"product","2":"type-product","3":"status-publish","4":"has-post-thumbnail","6":"product_cat-huonekalut","7":"product_cat-kylpyhuoneen-kalusteet","9":"first","10":"instock","11":"taxable","12":"shipping-taxable","13":"purchasable","14":"product-type-simple"},"_links":{"self":[{"href":"https:\/\/www.otiumhome.fi\/index.php\/wp-json\/wp\/v2\/product\/168908","targetHints":{"allow":["GET"]}}],"collection":[{"href":"https:\/\/www.otiumhome.fi\/index.php\/wp-json\/wp\/v2\/product"}],"about":[{"href":"https:\/\/www.otiumhome.fi\/index.php\/wp-json\/wp\/v2\/types\/product"}],"replies":[{"embeddable":true,"href":"https:\/\/www.otiumhome.fi\/index.php\/wp-json\/wp\/v2\/comments?post=168908"}],"wp:featuredmedia":[{"embeddable":true,"href":"https:\/\/www.otiumhome.fi\/index.php\/wp-json\/"}],"wp:attachment":[{"href":"https:\/\/www.otiumhome.fi\/index.php\/wp-json\/wp\/v2\/media?parent=168908"}],"wp:term":[{"taxonomy":"product_brand","embeddable":true,"href":"https:\/\/www.otiumhome.fi\/index.php\/wp-json\/wp\/v2\/product_brand?post=168908"},{"taxonomy":"product_cat","embeddable":true,"href":"https:\/\/www.otiumhome.fi\/index.php\/wp-json\/wp\/v2\/product_cat?post=168908"},{"taxonomy":"product_tag","embeddable":true,"href":"https:\/\/www.otiumhome.fi\/index.php\/wp-json\/wp\/v2\/product_tag?post=168908"}],"curies":[{"name":"wp","href":"https:\/\/api.w.org\/{rel}","templated":true}]}}