{"id":168886,"date":"2025-09-05T04:05:37","date_gmt":"2025-09-05T04:05:37","guid":{"rendered":"https:\/\/www.otiumhome.fi\/?p=168886"},"modified":"2025-09-05T23:15:44","modified_gmt":"2025-09-05T23:15:44","slug":"baaripoydat-4-kpl-mdf-poytalevy-valkoinen","status":"publish","type":"product","link":"https:\/\/www.otiumhome.fi\/index.php\/tuote\/baaripoydat-4-kpl-mdf-poytalevy-valkoinen\/","title":{"rendered":"Baarip\u00f6yd\u00e4t 4 kpl MDF-p\u00f6yt\u00e4levy Valkoinen"},"content":{"rendered":"<p>T\u00e4m\u00e4 4 baarip\u00f6yd\u00e4n sarja on rakenteeltaan korkealaatuinen. <\/p>\n<\/p>\n<p>P\u00f6ydiss\u00e4 on kest\u00e4v\u00e4t MDF-p\u00f6yt\u00e4levyt sek\u00e4 vahvat ter\u00e4sjalat. Baarip\u00f6yt\u00e4 voidaan taittaa kokoon, jonka ansiosta se s\u00e4\u00e4st\u00e4\u00e4 tilaa. Se on helppo koota.<\/p>\n<ul>\n<li>Materiaali: MDF-p\u00f6yt\u00e4levy + ter\u00e4sjalat<\/li>\n<li>P\u00f6yt\u00e4levyn v\u00e4ri: valkoinen<\/li>\n<li>Koko: 60 x 60 x 112 cm (L x S x K) <\/li>\n<li>Jalan halkaisija: 22 mm<\/li>\n<li>Toimitus sis\u00e4lt\u00e4\u00e4 4 kpl<\/li>\n<\/ul>\n","protected":false},"excerpt":{"rendered":"<ul>\n<li>Materiaali: MDF-p\u00f6yt\u00e4levy + ter\u00e4sjalat<\/li>\n<li>P\u00f6yt\u00e4levyn v\u00e4ri: valkoinen<\/li>\n<li>Koko: 60 x 60 x 112 cm (L x S x K) <\/li>\n<li>Jalan halkaisija: 22 mm<\/li>\n<li>Toimitus sis\u00e4lt\u00e4\u00e4 4 kpl<\/li>\n<\/ul>\n","protected":false},"featured_media":100000168886,"comment_status":"closed","ping_status":"closed","template":"","meta":[],"product_brand":[],"product_cat":[84,8557],"product_tag":[],"class_list":{"0":"post-168886","1":"product","2":"type-product","3":"status-publish","4":"has-post-thumbnail","6":"product_cat-huonekalut","7":"product_cat-kokoontaitettavat-poydat","9":"first","10":"instock","11":"taxable","12":"shipping-taxable","13":"purchasable","14":"product-type-simple"},"_links":{"self":[{"href":"https:\/\/www.otiumhome.fi\/index.php\/wp-json\/wp\/v2\/product\/168886","targetHints":{"allow":["GET"]}}],"collection":[{"href":"https:\/\/www.otiumhome.fi\/index.php\/wp-json\/wp\/v2\/product"}],"about":[{"href":"https:\/\/www.otiumhome.fi\/index.php\/wp-json\/wp\/v2\/types\/product"}],"replies":[{"embeddable":true,"href":"https:\/\/www.otiumhome.fi\/index.php\/wp-json\/wp\/v2\/comments?post=168886"}],"wp:featuredmedia":[{"embeddable":true,"href":"https:\/\/www.otiumhome.fi\/index.php\/wp-json\/"}],"wp:attachment":[{"href":"https:\/\/www.otiumhome.fi\/index.php\/wp-json\/wp\/v2\/media?parent=168886"}],"wp:term":[{"taxonomy":"product_brand","embeddable":true,"href":"https:\/\/www.otiumhome.fi\/index.php\/wp-json\/wp\/v2\/product_brand?post=168886"},{"taxonomy":"product_cat","embeddable":true,"href":"https:\/\/www.otiumhome.fi\/index.php\/wp-json\/wp\/v2\/product_cat?post=168886"},{"taxonomy":"product_tag","embeddable":true,"href":"https:\/\/www.otiumhome.fi\/index.php\/wp-json\/wp\/v2\/product_tag?post=168886"}],"curies":[{"name":"wp","href":"https:\/\/api.w.org\/{rel}","templated":true}]}}