{"id":168885,"date":"2025-09-05T04:05:36","date_gmt":"2025-09-05T04:05:36","guid":{"rendered":"https:\/\/www.otiumhome.fi\/?p=168885"},"modified":"2025-09-05T23:09:24","modified_gmt":"2025-09-05T23:09:24","slug":"taitettava-tarjotinpoyta-52x36x565-cm-cm-taysi-pahkinapuu","status":"publish","type":"product","link":"https:\/\/www.otiumhome.fi\/index.php\/tuote\/taitettava-tarjotinpoyta-52x36x565-cm-cm-taysi-pahkinapuu\/","title":{"rendered":"Taitettava tarjotinp\u00f6yt\u00e4 52x36x56,5 cm cm t\u00e4ysi p\u00e4hkin\u00e4puu"},"content":{"rendered":"<p>T\u00e4m\u00e4 klassinen, puinen tarjotinp\u00f6yt\u00e4 edustaa k\u00e4yt\u00e4nn\u00f6llist\u00e4 muotoilua ja lis\u00e4\u00e4 hitusen luonnollista vieh\u00e4tyst\u00e4 asuintiloihisi.<\/p>\n<\/p>\n<ul>\n<li>T\u00e4ysi p\u00e4hkin\u00e4puu: T\u00e4ysi p\u00e4hkin\u00e4puu on tihe\u00e4\u00e4 ja kest\u00e4v\u00e4\u00e4 puuta, joka on eritt\u00e4in vastustuskykyinen ajan tuomaa kulutusta vastaan. Se on hyvin tunnettu luonteenomaisesta v\u00e4rist\u00e4\u00e4n ja vieh\u00e4tt\u00e4vist\u00e4 puunsyy kuvioistaan.<\/li>\n<li>Irrotettava p\u00f6yt\u00e4levy: P\u00f6yt\u00e4levyn\u00e4 toimiva sivukahvoilla varustettu tarjotin on irrotettavissa ja se sopii erinomaisesti aterioiden, v\u00e4lipalojen ja juomien tarjoiluun.<\/li>\n<li>Taitettava malli: Taitettavat jalat mahdollistavat tarjoilup\u00f6yd\u00e4n litte\u00e4\u00e4n muotoon taittamisen, joka s\u00e4\u00e4st\u00e4\u00e4 s\u00e4ilytystilaa.<\/li>\n<li>Laaja k\u00e4ytt\u00f6: Taitettavan tarjotinp\u00f6yd\u00e4n avulla voit nauttia kupillisen kahvia tai teet\u00e4 parvekkeella tai kuistilla. Voit my\u00f6s asettaa esille ruukkukasveja ja v\u00e4lipaloja, sek\u00e4 muita esineit\u00e4 olohuoneessa, makuuhuoneessa ja kotitoimistossa.<\/li>\n<\/ul>\n<p>Varoitus:<\/p>\n<ul>\n<li>Kaatumisen est\u00e4miseksi on t\u00e4t\u00e4 tuotetta k\u00e4ytett\u00e4v\u00e4 mukana toimitetun sein\u00e4kiinnityslaitteen kanssa.<\/li>\n<\/ul>\n<p>Huomioi:<\/p>\n<ul>\n<li>Jokaisen tuotteen mukana on laatikossa kokoonpano-ohje helppoa asennusta varten.<\/li>\n<\/ul>\n<ul>\n<li>Materiaali: T\u00e4ysi \u00f6ljytty p\u00e4hkin\u00e4puu<\/li>\n<li>Mitat: 52 x 36 x 56,5 cm (L x S x K)<\/li>\n<\/ul>\n","protected":false},"excerpt":{"rendered":"<ul>\n<li>Materiaali: T\u00e4ysi \u00f6ljytty p\u00e4hkin\u00e4puu<\/li>\n<li>Mitat: 52 x 36 x 56,5 cm (L x S x K)<\/li>\n<\/ul>\n","protected":false},"featured_media":100000168885,"comment_status":"closed","ping_status":"closed","template":"","meta":[],"product_brand":[],"product_cat":[84,8557],"product_tag":[],"class_list":{"0":"post-168885","1":"product","2":"type-product","3":"status-publish","4":"has-post-thumbnail","6":"product_cat-huonekalut","7":"product_cat-kokoontaitettavat-poydat","9":"first","10":"instock","11":"taxable","12":"shipping-taxable","13":"purchasable","14":"product-type-simple"},"_links":{"self":[{"href":"https:\/\/www.otiumhome.fi\/index.php\/wp-json\/wp\/v2\/product\/168885","targetHints":{"allow":["GET"]}}],"collection":[{"href":"https:\/\/www.otiumhome.fi\/index.php\/wp-json\/wp\/v2\/product"}],"about":[{"href":"https:\/\/www.otiumhome.fi\/index.php\/wp-json\/wp\/v2\/types\/product"}],"replies":[{"embeddable":true,"href":"https:\/\/www.otiumhome.fi\/index.php\/wp-json\/wp\/v2\/comments?post=168885"}],"wp:featuredmedia":[{"embeddable":true,"href":"https:\/\/www.otiumhome.fi\/index.php\/wp-json\/"}],"wp:attachment":[{"href":"https:\/\/www.otiumhome.fi\/index.php\/wp-json\/wp\/v2\/media?parent=168885"}],"wp:term":[{"taxonomy":"product_brand","embeddable":true,"href":"https:\/\/www.otiumhome.fi\/index.php\/wp-json\/wp\/v2\/product_brand?post=168885"},{"taxonomy":"product_cat","embeddable":true,"href":"https:\/\/www.otiumhome.fi\/index.php\/wp-json\/wp\/v2\/product_cat?post=168885"},{"taxonomy":"product_tag","embeddable":true,"href":"https:\/\/www.otiumhome.fi\/index.php\/wp-json\/wp\/v2\/product_tag?post=168885"}],"curies":[{"name":"wp","href":"https:\/\/api.w.org\/{rel}","templated":true}]}}