{"id":168883,"date":"2025-09-05T04:05:36","date_gmt":"2025-09-05T04:05:36","guid":{"rendered":"https:\/\/www.otiumhome.fi\/?p=168883"},"modified":"2025-09-05T23:00:48","modified_gmt":"2025-09-05T23:00:48","slug":"kokoontaitettava-seinapoyta-tammi-100x60-cm","status":"publish","type":"product","link":"https:\/\/www.otiumhome.fi\/index.php\/tuote\/kokoontaitettava-seinapoyta-tammi-100x60-cm\/","title":{"rendered":"Kokoontaitettava sein\u00e4p\u00f6yt\u00e4 tammi 100&#215;60 cm"},"content":{"rendered":"<p>T\u00e4m\u00e4 kokoontaitettava p\u00f6yt\u00e4 on suunniteltu kiinnitett\u00e4v\u00e4ksi sein\u00e4\u00e4n sein\u00e4p\u00f6yd\u00e4ksi, keitti\u00f6n p\u00f6yd\u00e4ksi, PC p\u00f6yd\u00e4ksi, lasten kirjoitusp\u00f6yd\u00e4ksi, jne.<\/p>\n<\/p>\n<p>Kokoontaitettava p\u00f6yt\u00e4 on valmistettu laadukkaista materiaaleista, joka lis\u00e4\u00e4 sen kest\u00e4vyytt\u00e4 ja vakautta. Sen kolmionmuotoinen 90 asteen runko, joka voidaan taittaa kokoon s\u00e4\u00e4st\u00e4m\u00e4\u00e4n tilaa, kun se ei ole k\u00e4yt\u00f6ss\u00e4. Se sopii todella hyvin mihin tahansa huoneeseen, erityisesti pieniin huoneisiin. T\u00e4m\u00e4 tilaa s\u00e4\u00e4st\u00e4v\u00e4 p\u00f6yt\u00e4 voidaan kiinnitt\u00e4\u00e4 sein\u00e4\u00e4n mille tahansa korkeudelle.<\/p>\n<ul>\n<li>V\u00e4ri: tammi<\/li>\n<li>Materiaali: tekninen puu<\/li>\n<li>Mitat avattuna: 100 x 60 x 56 cm (P x L x K)<\/li>\n<li>Et\u00e4isyys sein\u00e4st\u00e4 kokoontaitettuna: 8 cm<\/li>\n<li>Enimm\u00e4iskantavuus (yhteens\u00e4): 20 kg<\/li>\n<li>Kolmioteline tuki<\/li>\n<\/ul>\n","protected":false},"excerpt":{"rendered":"<ul>\n<li>V\u00e4ri: tammi<\/li>\n<li>Materiaali: tekninen puu<\/li>\n<li>Mitat avattuna: 100 x 60 x 56 cm (P x L x K)<\/li>\n<li>Et\u00e4isyys sein\u00e4st\u00e4 kokoontaitettuna: 8 cm<\/li>\n<li>Enimm\u00e4iskantavuus (yhteens\u00e4): 20 kg<\/li>\n<li>Kolmioteline tuki<\/li>\n<\/ul>\n","protected":false},"featured_media":100000168883,"comment_status":"closed","ping_status":"closed","template":"","meta":[],"product_brand":[],"product_cat":[84,8557],"product_tag":[],"class_list":{"0":"post-168883","1":"product","2":"type-product","3":"status-publish","4":"has-post-thumbnail","6":"product_cat-huonekalut","7":"product_cat-kokoontaitettavat-poydat","9":"first","10":"instock","11":"taxable","12":"shipping-taxable","13":"purchasable","14":"product-type-simple"},"_links":{"self":[{"href":"https:\/\/www.otiumhome.fi\/index.php\/wp-json\/wp\/v2\/product\/168883","targetHints":{"allow":["GET"]}}],"collection":[{"href":"https:\/\/www.otiumhome.fi\/index.php\/wp-json\/wp\/v2\/product"}],"about":[{"href":"https:\/\/www.otiumhome.fi\/index.php\/wp-json\/wp\/v2\/types\/product"}],"replies":[{"embeddable":true,"href":"https:\/\/www.otiumhome.fi\/index.php\/wp-json\/wp\/v2\/comments?post=168883"}],"wp:featuredmedia":[{"embeddable":true,"href":"https:\/\/www.otiumhome.fi\/index.php\/wp-json\/"}],"wp:attachment":[{"href":"https:\/\/www.otiumhome.fi\/index.php\/wp-json\/wp\/v2\/media?parent=168883"}],"wp:term":[{"taxonomy":"product_brand","embeddable":true,"href":"https:\/\/www.otiumhome.fi\/index.php\/wp-json\/wp\/v2\/product_brand?post=168883"},{"taxonomy":"product_cat","embeddable":true,"href":"https:\/\/www.otiumhome.fi\/index.php\/wp-json\/wp\/v2\/product_cat?post=168883"},{"taxonomy":"product_tag","embeddable":true,"href":"https:\/\/www.otiumhome.fi\/index.php\/wp-json\/wp\/v2\/product_tag?post=168883"}],"curies":[{"name":"wp","href":"https:\/\/api.w.org\/{rel}","templated":true}]}}