{"id":168881,"date":"2025-09-05T03:58:00","date_gmt":"2025-09-05T03:58:00","guid":{"rendered":"https:\/\/www.otiumhome.fi\/?p=168881"},"modified":"2025-09-05T21:09:31","modified_gmt":"2025-09-05T21:09:31","slug":"puhujan-koroke-pyorat-laatikko-ruskea-55x55x107-cm-tekninen-puu","status":"publish","type":"product","link":"https:\/\/www.otiumhome.fi\/index.php\/tuote\/puhujan-koroke-pyorat-laatikko-ruskea-55x55x107-cm-tekninen-puu\/","title":{"rendered":"Puhujan koroke py\u00f6r\u00e4t\/laatikko ruskea 55x55x107 cm tekninen puu"},"content":{"rendered":"<p>Olipa kyseess\u00e4 yksityinen juhla, liiketapaaminen tai esitelm\u00e4, t\u00e4m\u00e4 puhujan koroke tarjoaa t\u00e4ydelliset puitteet kaikkiin tilaisuuksiin.<\/p>\n<\/p>\n<ul>\n<li>Vakaa ja kest\u00e4v\u00e4 materiaali: Tekninen puu on kest\u00e4v\u00e4 ja vakaa materiaali, jonka sile\u00e4 pinta kest\u00e4\u00e4 kosteutta, v\u00e4\u00e4ntymist\u00e4 ja halkeilua, joten se on luotettava valinta erilaisiin projekteihin.<\/li>\n<li>Kallistuva ty\u00f6p\u00f6yt\u00e4: Korokkeen tasoa voidaan kallistaa lukemisen ja muistiinpanojen tekemisen helpottamiseksi, mik\u00e4 tekee siit\u00e4 k\u00e4tev\u00e4n puheiden tai esitelmien pit\u00e4miseen.<\/li>\n<li>Reunallinen p\u00f6yt\u00e4levy: T\u00e4ss\u00e4 seisomap\u00f6yd\u00e4ss\u00e4 on reunat, jotka pit\u00e4v\u00e4t muistiinpanot, tabletit, kannettavat tietokoneet ja muut esineet tukevasti paikoillaan.<\/li>\n<li>Runsaasti s\u00e4ilytystilaa: Yhdell\u00e4 vetolaatikolla ja kahdella lokerolla varustettu puhujakoroke tarjoaa runsaasti s\u00e4ilytystilaa pullojen, muistiinpanojen, kirjojen tai papereiden pit\u00e4miseen j\u00e4rjestyksess\u00e4 ja saatavilla.<\/li>\n<li>Helppo siirt\u00e4\u00e4 turvallinen lukitus: Lukittavilla rullapy\u00f6rill\u00e4 varustettu vaunu on helppo siirt\u00e4\u00e4 paikasta toiseen. Voit lukita sen paikoilleen turvallisuuden lis\u00e4\u00e4miseksi.<\/li>\n<\/ul>\n<ul>\n<li>V\u00e4ri: Ruskea tammi<\/li>\n<li>Materiaali: Tekninen puu<\/li>\n<li>Mitat (reunojen kanssa): 55 x 55 x 107 cm (L x S x K)<\/li>\n<li>Mitat (ilman reunoja): 55 x 55 x 100 cm (L x S x K)<\/li>\n<li>Nelj\u00e4 rullapy\u00f6r\u00e4\u00e4 (kaksi niist\u00e4 lukittavia)<\/li>\n<li>Kallistettava p\u00f6yt\u00e4levy<\/li>\n<li>Reunoilla<\/li>\n<li>1 laatikko ja 2 lokeroa<\/li>\n<li>Maksimikantavuus (p\u00f6yt\u00e4levy): 30 kg<\/li>\n<li>Maksimikantavuus (kukin hylly): 20 kg<\/li>\n<li>Kaksi oven asennustapaa: oikea tai vasen<\/li>\n<li>Asennus vaaditaan: Kyll\u00e4<\/li>\n<li>Asennustarvikkeet sis\u00e4ltyv\u00e4t toimitukseen<\/li>\n<\/ul>\n","protected":false},"excerpt":{"rendered":"<ul>\n<li>V\u00e4ri: Ruskea tammi<\/li>\n<li>Materiaali: Tekninen puu<\/li>\n<li>Mitat (reunojen kanssa): 55 x 55 x 107 cm (L x S x K)<\/li>\n<li>Mitat (ilman reunoja): 55 x 55 x 100 cm (L x S x K)<\/li>\n<li>Nelj\u00e4 rullapy\u00f6r\u00e4\u00e4 (kaksi niist\u00e4 lukittavia)<\/li>\n<li>Kallistettava p\u00f6yt\u00e4levy<\/li>\n<li>Reunoilla<\/li>\n<li>1 laatikko ja 2 lokeroa<\/li>\n<li>Maksimikantavuus (p\u00f6yt\u00e4levy): 30 kg<\/li>\n<li>Maksimikantavuus (kukin hylly): 20 kg<\/li>\n<li>Kaksi oven asennustapaa: oikea tai vasen<\/li>\n<li>Asennus vaaditaan: Kyll\u00e4<\/li>\n<li>Asennustarvikkeet sis\u00e4ltyv\u00e4t toimitukseen<\/li>\n<\/ul>\n","protected":false},"featured_media":100000168881,"comment_status":"closed","ping_status":"closed","template":"","meta":[],"product_brand":[],"product_cat":[84,8551],"product_tag":[],"class_list":{"0":"post-168881","1":"product","2":"type-product","3":"status-publish","4":"has-post-thumbnail","6":"product_cat-huonekalut","7":"product_cat-kirjoituspoydat","9":"first","10":"instock","11":"taxable","12":"shipping-taxable","13":"purchasable","14":"product-type-simple"},"_links":{"self":[{"href":"https:\/\/www.otiumhome.fi\/index.php\/wp-json\/wp\/v2\/product\/168881","targetHints":{"allow":["GET"]}}],"collection":[{"href":"https:\/\/www.otiumhome.fi\/index.php\/wp-json\/wp\/v2\/product"}],"about":[{"href":"https:\/\/www.otiumhome.fi\/index.php\/wp-json\/wp\/v2\/types\/product"}],"replies":[{"embeddable":true,"href":"https:\/\/www.otiumhome.fi\/index.php\/wp-json\/wp\/v2\/comments?post=168881"}],"wp:featuredmedia":[{"embeddable":true,"href":"https:\/\/www.otiumhome.fi\/index.php\/wp-json\/"}],"wp:attachment":[{"href":"https:\/\/www.otiumhome.fi\/index.php\/wp-json\/wp\/v2\/media?parent=168881"}],"wp:term":[{"taxonomy":"product_brand","embeddable":true,"href":"https:\/\/www.otiumhome.fi\/index.php\/wp-json\/wp\/v2\/product_brand?post=168881"},{"taxonomy":"product_cat","embeddable":true,"href":"https:\/\/www.otiumhome.fi\/index.php\/wp-json\/wp\/v2\/product_cat?post=168881"},{"taxonomy":"product_tag","embeddable":true,"href":"https:\/\/www.otiumhome.fi\/index.php\/wp-json\/wp\/v2\/product_tag?post=168881"}],"curies":[{"name":"wp","href":"https:\/\/api.w.org\/{rel}","templated":true}]}}