{"id":168879,"date":"2025-09-05T03:52:40","date_gmt":"2025-09-05T03:52:40","guid":{"rendered":"https:\/\/www.otiumhome.fi\/?p=168879"},"modified":"2025-09-05T22:38:01","modified_gmt":"2025-09-05T22:38:01","slug":"tyopoyta-musta-90x50x74-cm-tekninen-puu","status":"publish","type":"product","link":"https:\/\/www.otiumhome.fi\/index.php\/tuote\/tyopoyta-musta-90x50x74-cm-tekninen-puu\/","title":{"rendered":"Ty\u00f6p\u00f6yt\u00e4 musta 90x50x74 cm tekninen puu"},"content":{"rendered":"<p>Tyylik\u00e4s ja moderni ty\u00f6p\u00f6yt\u00e4mme on k\u00e4yt\u00e4nn\u00f6llinen lis\u00e4 opiskelu- tai ty\u00f6skentelyalueellesi!<\/p>\n<\/p>\n<p>Laadukkaasta teknisest\u00e4 puusta valmistettu tietokonep\u00f6yt\u00e4 on tukeva, kest\u00e4v\u00e4 ja omaa pitk\u00e4n k\u00e4ytt\u00f6i\u00e4n. 90 cm pituinen p\u00f6yt\u00e4 vie v\u00e4h\u00e4n tilaa, mik\u00e4 sopii nuorison ja lasten huoneisiin. P\u00f6yd\u00e4ll\u00e4 on s\u00e4ilytyshylly kansioille, kirjoille ja muille t\u00e4rkeille esineille. Lis\u00e4ksi ty\u00f6p\u00f6yt\u00e4 on helppo puhdistaa kostealla liinalla.<\/p>\n<\/p>\n<p>P\u00f6yt\u00e4 on helppo koota.<\/p>\n<ul>\n<li>V\u00e4ri: musta<\/li>\n<li>Materiaali: tekninen puu<\/li>\n<li>Kokonaismitat: 90 x 50 x 74 cm (P x L x K)<\/li>\n<li>S\u00e4ilytyshyllyll\u00e4<\/li>\n<li>Helppo puhdistaa kostealla liinalla<\/li>\n<li>Asennus vaaditaan: kyll\u00e4<\/li>\n<\/ul>\n","protected":false},"excerpt":{"rendered":"<ul>\n<li>V\u00e4ri: musta<\/li>\n<li>Materiaali: tekninen puu<\/li>\n<li>Kokonaismitat: 90 x 50 x 74 cm (P x L x K)<\/li>\n<li>S\u00e4ilytyshyllyll\u00e4<\/li>\n<li>Helppo puhdistaa kostealla liinalla<\/li>\n<li>Asennus vaaditaan: kyll\u00e4<\/li>\n<\/ul>\n","protected":false},"featured_media":100000168879,"comment_status":"closed","ping_status":"closed","template":"","meta":[],"product_brand":[],"product_cat":[84,8551],"product_tag":[],"class_list":{"0":"post-168879","1":"product","2":"type-product","3":"status-publish","4":"has-post-thumbnail","6":"product_cat-huonekalut","7":"product_cat-kirjoituspoydat","9":"first","10":"outofstock","11":"taxable","12":"shipping-taxable","13":"purchasable","14":"product-type-simple"},"_links":{"self":[{"href":"https:\/\/www.otiumhome.fi\/index.php\/wp-json\/wp\/v2\/product\/168879","targetHints":{"allow":["GET"]}}],"collection":[{"href":"https:\/\/www.otiumhome.fi\/index.php\/wp-json\/wp\/v2\/product"}],"about":[{"href":"https:\/\/www.otiumhome.fi\/index.php\/wp-json\/wp\/v2\/types\/product"}],"replies":[{"embeddable":true,"href":"https:\/\/www.otiumhome.fi\/index.php\/wp-json\/wp\/v2\/comments?post=168879"}],"wp:featuredmedia":[{"embeddable":true,"href":"https:\/\/www.otiumhome.fi\/index.php\/wp-json\/"}],"wp:attachment":[{"href":"https:\/\/www.otiumhome.fi\/index.php\/wp-json\/wp\/v2\/media?parent=168879"}],"wp:term":[{"taxonomy":"product_brand","embeddable":true,"href":"https:\/\/www.otiumhome.fi\/index.php\/wp-json\/wp\/v2\/product_brand?post=168879"},{"taxonomy":"product_cat","embeddable":true,"href":"https:\/\/www.otiumhome.fi\/index.php\/wp-json\/wp\/v2\/product_cat?post=168879"},{"taxonomy":"product_tag","embeddable":true,"href":"https:\/\/www.otiumhome.fi\/index.php\/wp-json\/wp\/v2\/product_tag?post=168879"}],"curies":[{"name":"wp","href":"https:\/\/api.w.org\/{rel}","templated":true}]}}