{"id":167907,"date":"2025-09-04T23:27:19","date_gmt":"2025-09-04T23:27:19","guid":{"rendered":"https:\/\/www.otiumhome.fi\/?p=167907"},"modified":"2025-09-05T22:05:09","modified_gmt":"2025-09-05T22:05:09","slug":"3-osainen-kirjahylly-tv-kaappisarja-savutammi-180x30x180-cm","status":"publish","type":"product","link":"https:\/\/www.otiumhome.fi\/index.php\/tuote\/3-osainen-kirjahylly-tv-kaappisarja-savutammi-180x30x180-cm\/","title":{"rendered":"3-osainen Kirjahylly\/TV-kaappisarja savutammi 180x30x180 cm"},"content":{"rendered":"<p>Tyylikk\u00e4\u00e4ll\u00e4 ja klassisella designilla varustettu kirjahylly\/TV-kaappi on koristeellinen ja k\u00e4yt\u00e4nn\u00f6llinen lis\u00e4 sisustukseesi.<\/p>\n<\/p>\n<ul>\n<li>K\u00e4yt\u00e4nn\u00f6llinen materiaali: Tekninen puu on poikkeuksellisen laadukasta ja sile\u00e4pintaista. Se on my\u00f6s luja, vakaa ja kosteudelle vastustuskykyinen.<\/li>\n<li>Reilusti s\u00e4ilytystilaa: Kirjahyllyss\u00e4 on 12 lokeroa, se tarjoaa reilusti tilaa lehtien, kirjojen, DVD-levyjen ja multimedialaitteiden sek\u00e4 monien muiden tavaroiden ulottuvilla ja hyv\u00e4ss\u00e4 j\u00e4rjestyksess\u00e4 s\u00e4ilytt\u00e4miseen.<\/li>\n<li>Monipuolinen malli: Kirjahylly on monipuolinen hylly, joka voidaan asentaa vaakasuoraan lattialle ja ripustaa joko vaaka- tai pystysuoraan sein\u00e4lle. T\u00e4m\u00e4 tekee siit\u00e4 parhaan valinnan asuintiloihisi.<\/li>\n<li>Helposti puhdistettava pinta: T\u00e4m\u00e4n kirjatelineen pinta on helppo puhdistaa.<\/li>\n<\/ul>\n<p>Huomioi:<\/p>\n<ul>\n<li>Sein\u00e4\u00e4n kiinnitett\u00e4v\u00e4t ruuvit ja tulpat eiv\u00e4t sis\u00e4lly toimitukseen. Etsi ja k\u00e4yt\u00e4 sein\u00e4\u00e4si sopivia ruuveja ja tulppia. Jos olet ep\u00e4varma, kysy ammattilaisen neuvoa. Lue ja seuraa asennusohjeiden jokaista vaihetta huolella.<\/li>\n<li>Jokaisen tuotteen mukana on laatikossa kokoonpano-ohje helppoa asennusta varten.<\/li>\n<\/ul>\n<ul>\n<li>V\u00e4ri: savutammi<\/li>\n<li>Materiaali: tekninen puu<\/li>\n<li>Kokonaismitat: 180 x 30 x 180 cm (L x S x K)<\/li>\n<li>Asennusmateriaalit sis\u00e4ltyv\u00e4t toimitukseen<\/li>\n<li><strong>Toimitus sis\u00e4lt\u00e4\u00e4:<\/strong><\/li>\n<li>3 x Kaappi<\/li>\n<\/ul>\n","protected":false},"excerpt":{"rendered":"<ul>\n<li>V\u00e4ri: savutammi<\/li>\n<li>Materiaali: tekninen puu<\/li>\n<li>Kokonaismitat: 180 x 30 x 180 cm (L x S x K)<\/li>\n<li>Asennusmateriaalit sis\u00e4ltyv\u00e4t toimitukseen<\/li>\n<li><strong>Toimitus sis\u00e4lt\u00e4\u00e4:<\/strong><\/li>\n<li>3 x Kaappi<\/li>\n<\/ul>\n","protected":false},"featured_media":100000167907,"comment_status":"closed","ping_status":"closed","template":"","meta":[],"product_brand":[],"product_cat":[84,8547],"product_tag":[],"class_list":{"0":"post-167907","1":"product","2":"type-product","3":"status-publish","4":"has-post-thumbnail","6":"product_cat-huonekalut","7":"product_cat-kirjahyllyt","9":"first","10":"instock","11":"taxable","12":"shipping-taxable","13":"purchasable","14":"product-type-simple"},"_links":{"self":[{"href":"https:\/\/www.otiumhome.fi\/index.php\/wp-json\/wp\/v2\/product\/167907","targetHints":{"allow":["GET"]}}],"collection":[{"href":"https:\/\/www.otiumhome.fi\/index.php\/wp-json\/wp\/v2\/product"}],"about":[{"href":"https:\/\/www.otiumhome.fi\/index.php\/wp-json\/wp\/v2\/types\/product"}],"replies":[{"embeddable":true,"href":"https:\/\/www.otiumhome.fi\/index.php\/wp-json\/wp\/v2\/comments?post=167907"}],"wp:featuredmedia":[{"embeddable":true,"href":"https:\/\/www.otiumhome.fi\/index.php\/wp-json\/"}],"wp:attachment":[{"href":"https:\/\/www.otiumhome.fi\/index.php\/wp-json\/wp\/v2\/media?parent=167907"}],"wp:term":[{"taxonomy":"product_brand","embeddable":true,"href":"https:\/\/www.otiumhome.fi\/index.php\/wp-json\/wp\/v2\/product_brand?post=167907"},{"taxonomy":"product_cat","embeddable":true,"href":"https:\/\/www.otiumhome.fi\/index.php\/wp-json\/wp\/v2\/product_cat?post=167907"},{"taxonomy":"product_tag","embeddable":true,"href":"https:\/\/www.otiumhome.fi\/index.php\/wp-json\/wp\/v2\/product_tag?post=167907"}],"curies":[{"name":"wp","href":"https:\/\/api.w.org\/{rel}","templated":true}]}}