{"id":167905,"date":"2025-09-04T23:27:18","date_gmt":"2025-09-04T23:27:18","guid":{"rendered":"https:\/\/www.otiumhome.fi\/?p=167905"},"modified":"2025-09-05T22:03:42","modified_gmt":"2025-09-05T22:03:42","slug":"5-kerroksinen-kirjahylly-harm-sonoma-80x30x175-cm-tekninen-puu","status":"publish","type":"product","link":"https:\/\/www.otiumhome.fi\/index.php\/tuote\/5-kerroksinen-kirjahylly-harm-sonoma-80x30x175-cm-tekninen-puu\/","title":{"rendered":"5-kerroksinen Kirjahylly harm. Sonoma 80x30x175 cm tekninen puu"},"content":{"rendered":"<p>Luo lis\u00e4\u00e4 s\u00e4ilytystilaa kotiisi tai toimistoosi t\u00e4ll\u00e4 viisitasoisella kirjahyllyll\u00e4! Siin\u00e4 on tilaa kaikille aarteillesi.<\/p>\n<\/p>\n<ul>\n<li>Vakaa materiaali: Tekninen puu on poikkeuksellisen laadukasta ja sile\u00e4pintaista. Se on luja, vakaa ja kosteudelle vastustuskykyinen.<\/li>\n<li>Runsaasti s\u00e4ilytystilaa: T\u00e4m\u00e4 5-hyllyinen kirjahylly tarjoaa runsaasti s\u00e4ilytystilaa kirjojen, lehtien ja koristeiden sijoittamiseen.<\/li>\n<li>Tukeva runko: Hyllyn metallirungot takaavat tukevuuden ja vakauden.<\/li>\n<li>Monipuolinen k\u00e4ytt\u00f6: T\u00e4m\u00e4 hyllykk\u00f6 voi t\u00e4ytt\u00e4\u00e4 erilaiset vaatimuksesi, sill\u00e4 sit\u00e4 voidaan k\u00e4ytt\u00e4\u00e4 kirja- tai esittelyhyllyn\u00e4 olohuoneessa.<\/li>\n<\/ul>\n<p>Varoitus:<\/p>\n<ul>\n<li>Kaatumisen est\u00e4miseksi on t\u00e4t\u00e4 tuotetta k\u00e4ytett\u00e4v\u00e4 sein\u00e4kiinnityslaitteen kanssa (ei mukana).<\/li>\n<\/ul>\n<p>Huomio:<\/p>\n<ul>\n<li>Jokaisen tuotteen mukana on laatikossa kokoonpano-ohje helppoa asennusta varten.<\/li>\n<li>Sein\u00e4\u00e4n kiinnitett\u00e4v\u00e4t ruuvit ja tulpat eiv\u00e4t sis\u00e4lly toimitukseen. Etsi ja k\u00e4yt\u00e4 sein\u00e4\u00e4si sopivia ruuveja ja tulppia. Jos olet ep\u00e4varma, kysy ammattilaisen neuvoa. Lue ja seuraa asennusohjeiden jokaista vaihetta huolella.<\/li>\n<\/ul>\n<ul>\n<li>V\u00e4ri: harmaa Sonoma-tammi<\/li>\n<li>Materiaali: tekninen puu, metalli<\/li>\n<li>Kokonaismitat: 80 x 30 x 175 cm (L x S x K)<\/li>\n<li>Mitat (korkea): 80 x 30 x 105 cm (L x S x K)<\/li>\n<li>Mitat (matala): 80 x 30 x 70 cm (L x S x K)<\/li>\n<li><strong>Toimitus sis\u00e4lt\u00e4\u00e4:<\/strong><\/li>\n<li>1 x korkea kirjahylly<\/li>\n<li>1 x matala kirjahylly<\/li>\n<li>Legal Documents:\n<p><span>Lis\u00e4tietoja huonekalujesi kaatumisen est\u00e4misest\u00e4 voit l\u00f6yt\u00e4\u00e4 <span style=\"text-decoration: underline\"><strong><a title=\"https:\/\/bit.ly\/3bVwkQp\" href=\"https:\/\/bit.ly\/3bVwkQp\" target=\"_blank\">t\u00e4\u00e4lt\u00e4<\/a><\/strong><\/span><\/span><\/p>\n<\/li>\n<\/ul>\n","protected":false},"excerpt":{"rendered":"<ul>\n<li>V\u00e4ri: harmaa Sonoma-tammi<\/li>\n<li>Materiaali: tekninen puu, metalli<\/li>\n<li>Kokonaismitat: 80 x 30 x 175 cm (L x S x K)<\/li>\n<li>Mitat (korkea): 80 x 30 x 105 cm (L x S x K)<\/li>\n<li>Mitat (matala): 80 x 30 x 70 cm (L x S x K)<\/li>\n<li><strong>Toimitus sis\u00e4lt\u00e4\u00e4:<\/strong><\/li>\n<li>1 x korkea kirjahylly<\/li>\n<li>1 x matala kirjahylly<\/li>\n<li>Legal Documents:\n<p><span>Lis\u00e4tietoja huonekalujesi kaatumisen est\u00e4misest\u00e4 voit l\u00f6yt\u00e4\u00e4 <span style=\"text-decoration: underline\"><strong><a title=\"https:\/\/bit.ly\/3bVwkQp\" href=\"https:\/\/bit.ly\/3bVwkQp\" target=\"_blank\">t\u00e4\u00e4lt\u00e4<\/a><\/strong><\/span><\/span><\/p>\n<\/li>\n<\/ul>\n","protected":false},"featured_media":100000167905,"comment_status":"closed","ping_status":"closed","template":"","meta":[],"product_brand":[],"product_cat":[84,8547],"product_tag":[],"class_list":{"0":"post-167905","1":"product","2":"type-product","3":"status-publish","4":"has-post-thumbnail","6":"product_cat-huonekalut","7":"product_cat-kirjahyllyt","9":"first","10":"instock","11":"taxable","12":"shipping-taxable","13":"purchasable","14":"product-type-simple"},"_links":{"self":[{"href":"https:\/\/www.otiumhome.fi\/index.php\/wp-json\/wp\/v2\/product\/167905","targetHints":{"allow":["GET"]}}],"collection":[{"href":"https:\/\/www.otiumhome.fi\/index.php\/wp-json\/wp\/v2\/product"}],"about":[{"href":"https:\/\/www.otiumhome.fi\/index.php\/wp-json\/wp\/v2\/types\/product"}],"replies":[{"embeddable":true,"href":"https:\/\/www.otiumhome.fi\/index.php\/wp-json\/wp\/v2\/comments?post=167905"}],"wp:featuredmedia":[{"embeddable":true,"href":"https:\/\/www.otiumhome.fi\/index.php\/wp-json\/"}],"wp:attachment":[{"href":"https:\/\/www.otiumhome.fi\/index.php\/wp-json\/wp\/v2\/media?parent=167905"}],"wp:term":[{"taxonomy":"product_brand","embeddable":true,"href":"https:\/\/www.otiumhome.fi\/index.php\/wp-json\/wp\/v2\/product_brand?post=167905"},{"taxonomy":"product_cat","embeddable":true,"href":"https:\/\/www.otiumhome.fi\/index.php\/wp-json\/wp\/v2\/product_cat?post=167905"},{"taxonomy":"product_tag","embeddable":true,"href":"https:\/\/www.otiumhome.fi\/index.php\/wp-json\/wp\/v2\/product_tag?post=167905"}],"curies":[{"name":"wp","href":"https:\/\/api.w.org\/{rel}","templated":true}]}}