{"id":167813,"date":"2025-09-04T23:12:37","date_gmt":"2025-09-04T23:12:37","guid":{"rendered":"https:\/\/www.otiumhome.fi\/?p=167813"},"modified":"2025-12-14T05:47:45","modified_gmt":"2025-12-14T05:47:45","slug":"9-osainen-baarisarja-valkoinen-taysi-manty","status":"publish","type":"product","link":"https:\/\/www.otiumhome.fi\/index.php\/tuote\/9-osainen-baarisarja-valkoinen-taysi-manty\/","title":{"rendered":"9-osainen Baarisarja valkoinen t\u00e4ysi m\u00e4nty"},"content":{"rendered":"<p>Siemaile lempiviini\u00e4si tai nauti mukavasta ateriasta perheesi tai yst\u00e4viesi kanssa t\u00e4m\u00e4n kauniin puisen baarisarjan \u00e4\u00e4rell\u00e4!<\/p>\n<\/p>\n<ul>\n<li>T\u00e4ysi m\u00e4nty: T\u00e4m\u00e4 pubisarja on valmistettu t\u00e4ydest\u00e4 m\u00e4nnyst\u00e4, joka on kaunis luonnonmateriaali. M\u00e4nnyll\u00e4 on suorat puunsyyt ja sen oksanpaikat antavat materiaalille sen ominaisen rustiikkisen ilmeen.<\/li>\n<li>Tukeva ja vakaa runko: Puurunko takaa tukevuuden ja vakauden.<\/li>\n<li>Tukeva p\u00f6yt\u00e4levy: Kalustesarjan baarip\u00f6yd\u00e4ss\u00e4 on tukeva p\u00f6yt\u00e4levy, joka sopii t\u00e4ydellisesti juomien, ruokien ja koristeiden sijoittamiseen.<\/li>\n<\/ul>\n<p>Huomioi:<\/p>\n<ul>\n<li>Jokaisen tuotteen mukana on laatikossa kokoonpano-ohje helppoa asennusta varten.<\/li>\n<\/ul>\n<ul>\n<li>V\u00e4ri: Valkoinen<\/li>\n<li>Materiaali: T\u00e4ysi m\u00e4nty<\/li>\n<li>Baarip\u00f6yd\u00e4n mitat: 180 x 80 x 110 cm (L x S x K)<\/li>\n<li>Baarituolin mitat: 40 x 40 x 112 cm (P x L x K)<\/li>\n<li><strong>Toimitus sis\u00e4lt\u00e4\u00e4:<\/strong><\/li>\n<li>1 x baarip\u00f6yt\u00e4<\/li>\n<li>8 x baarituoli<\/li>\n<\/ul>\n","protected":false},"excerpt":{"rendered":"<ul>\n<li>V\u00e4ri: Valkoinen<\/li>\n<li>Materiaali: T\u00e4ysi m\u00e4nty<\/li>\n<li>Baarip\u00f6yd\u00e4n mitat: 180 x 80 x 110 cm (L x S x K)<\/li>\n<li>Baarituolin mitat: 40 x 40 x 112 cm (P x L x K)<\/li>\n<li><strong>Toimitus sis\u00e4lt\u00e4\u00e4:<\/strong><\/li>\n<li>1 x baarip\u00f6yt\u00e4<\/li>\n<li>8 x baarituoli<\/li>\n<\/ul>\n","protected":false},"featured_media":100000167813,"comment_status":"closed","ping_status":"closed","template":"","meta":[],"product_brand":[],"product_cat":[84,8545],"product_tag":[],"class_list":{"0":"post-167813","1":"product","2":"type-product","3":"status-publish","4":"has-post-thumbnail","6":"product_cat-huonekalut","7":"product_cat-keittion-ruokasalin-kalusteet","9":"first","10":"instock","11":"taxable","12":"shipping-taxable","13":"purchasable","14":"product-type-simple"},"_links":{"self":[{"href":"https:\/\/www.otiumhome.fi\/index.php\/wp-json\/wp\/v2\/product\/167813","targetHints":{"allow":["GET"]}}],"collection":[{"href":"https:\/\/www.otiumhome.fi\/index.php\/wp-json\/wp\/v2\/product"}],"about":[{"href":"https:\/\/www.otiumhome.fi\/index.php\/wp-json\/wp\/v2\/types\/product"}],"replies":[{"embeddable":true,"href":"https:\/\/www.otiumhome.fi\/index.php\/wp-json\/wp\/v2\/comments?post=167813"}],"wp:featuredmedia":[{"embeddable":true,"href":"https:\/\/www.otiumhome.fi\/index.php\/wp-json\/"}],"wp:attachment":[{"href":"https:\/\/www.otiumhome.fi\/index.php\/wp-json\/wp\/v2\/media?parent=167813"}],"wp:term":[{"taxonomy":"product_brand","embeddable":true,"href":"https:\/\/www.otiumhome.fi\/index.php\/wp-json\/wp\/v2\/product_brand?post=167813"},{"taxonomy":"product_cat","embeddable":true,"href":"https:\/\/www.otiumhome.fi\/index.php\/wp-json\/wp\/v2\/product_cat?post=167813"},{"taxonomy":"product_tag","embeddable":true,"href":"https:\/\/www.otiumhome.fi\/index.php\/wp-json\/wp\/v2\/product_tag?post=167813"}],"curies":[{"name":"wp","href":"https:\/\/api.w.org\/{rel}","templated":true}]}}