{"id":167811,"date":"2025-09-04T23:12:31","date_gmt":"2025-09-04T23:12:31","guid":{"rendered":"https:\/\/www.otiumhome.fi\/?p=167811"},"modified":"2025-09-10T00:06:16","modified_gmt":"2025-09-10T00:06:16","slug":"ruokapoyta-140x70x76-cm-taysi-akaasiapuu","status":"publish","type":"product","link":"https:\/\/www.otiumhome.fi\/index.php\/tuote\/ruokapoyta-140x70x76-cm-taysi-akaasiapuu\/","title":{"rendered":"Ruokap\u00f6yt\u00e4 140x70x76 cm t\u00e4ysi akaasiapuu"},"content":{"rendered":"<p>Teollistyylinen ja maalaismainen ruokap\u00f6yt\u00e4 on omalaatuinen lis\u00e4 keitti\u00f6si tai ruokailutilasi sisustukseen.<\/p>\n<\/p>\n<p>T\u00e4m\u00e4 ruokap\u00f6yt\u00e4 on valmistettu t\u00e4ydest\u00e4 akaasiapuusta, trooppisesta kovapuusta, joka on kuuluisa vankkuudestaan ja rikkaista pintakuvioistaan. P\u00f6yt\u00e4tason el\u00e4v\u00e4inen muoto ja reunat ovat tarkoituksellisesti k\u00e4siteltyj\u00e4, jotta puun alkuper\u00e4inen luonne ja luonnollinen vaikutelma saadaan sisustukseen! Jokainen valmistusprosessin vaihe suoritetaan eritt\u00e4in huolellisesti, olipa kyse sitten kiillotuksesta, maalaamisesta tai lakkaamisesta. Ter\u00e4sjalat t\u00e4ydent\u00e4v\u00e4t teollista ilmett\u00e4 ja tukevat p\u00f6yd\u00e4n rakennetta.<\/p>\n<\/p>\n<p>P\u00f6yt\u00e4 on helppo koota. T\u00e4rke\u00e4 huomio: v\u00e4rit ja kulmat vaihtelevat kappaleesta toiseen tehden jokaisesta ruokap\u00f6yd\u00e4st\u00e4 ainutlaatuisen; toimitus on satunnainen.<\/p>\n<ul>\n<li>Jalkojen v\u00e4ri: hopea<\/li>\n<li>Materiaali: t\u00e4ysi akaasiapuu, jauhemaalattu ter\u00e4s<\/li>\n<li>Mitat: 140 x 70 x 76 cm (P x L x K)<\/li>\n<li>P\u00f6yt\u00e4tasossa on ainutlaatuisia puun muotoja ja reunoja<\/li>\n<li>Hiottu, maalattu ja lakattu<\/li>\n<li>Asennus vaaditaan: kyll\u00e4<\/li>\n<\/ul>\n","protected":false},"excerpt":{"rendered":"<ul>\n<li>Jalkojen v\u00e4ri: hopea<\/li>\n<li>Materiaali: t\u00e4ysi akaasiapuu, jauhemaalattu ter\u00e4s<\/li>\n<li>Mitat: 140 x 70 x 76 cm (P x L x K)<\/li>\n<li>P\u00f6yt\u00e4tasossa on ainutlaatuisia puun muotoja ja reunoja<\/li>\n<li>Hiottu, maalattu ja lakattu<\/li>\n<li>Asennus vaaditaan: kyll\u00e4<\/li>\n<\/ul>\n","protected":false},"featured_media":100000167811,"comment_status":"closed","ping_status":"closed","template":"","meta":[],"product_brand":[],"product_cat":[84,8543],"product_tag":[],"class_list":{"0":"post-167811","1":"product","2":"type-product","3":"status-publish","4":"has-post-thumbnail","6":"product_cat-huonekalut","7":"product_cat-keittion-ruokapoydat","9":"first","10":"instock","11":"taxable","12":"shipping-taxable","13":"purchasable","14":"product-type-simple"},"_links":{"self":[{"href":"https:\/\/www.otiumhome.fi\/index.php\/wp-json\/wp\/v2\/product\/167811","targetHints":{"allow":["GET"]}}],"collection":[{"href":"https:\/\/www.otiumhome.fi\/index.php\/wp-json\/wp\/v2\/product"}],"about":[{"href":"https:\/\/www.otiumhome.fi\/index.php\/wp-json\/wp\/v2\/types\/product"}],"replies":[{"embeddable":true,"href":"https:\/\/www.otiumhome.fi\/index.php\/wp-json\/wp\/v2\/comments?post=167811"}],"wp:featuredmedia":[{"embeddable":true,"href":"https:\/\/www.otiumhome.fi\/index.php\/wp-json\/"}],"wp:attachment":[{"href":"https:\/\/www.otiumhome.fi\/index.php\/wp-json\/wp\/v2\/media?parent=167811"}],"wp:term":[{"taxonomy":"product_brand","embeddable":true,"href":"https:\/\/www.otiumhome.fi\/index.php\/wp-json\/wp\/v2\/product_brand?post=167811"},{"taxonomy":"product_cat","embeddable":true,"href":"https:\/\/www.otiumhome.fi\/index.php\/wp-json\/wp\/v2\/product_cat?post=167811"},{"taxonomy":"product_tag","embeddable":true,"href":"https:\/\/www.otiumhome.fi\/index.php\/wp-json\/wp\/v2\/product_tag?post=167811"}],"curies":[{"name":"wp","href":"https:\/\/api.w.org\/{rel}","templated":true}]}}