{"id":167781,"date":"2025-09-04T22:54:42","date_gmt":"2025-09-04T22:54:42","guid":{"rendered":"https:\/\/www.otiumhome.fi\/?p=167781"},"modified":"2025-09-05T23:57:38","modified_gmt":"2025-09-05T23:57:38","slug":"ruokapoyta-betoninharmaa-120x60x76-cm-tekninen-puu","status":"publish","type":"product","link":"https:\/\/www.otiumhome.fi\/index.php\/tuote\/ruokapoyta-betoninharmaa-120x60x76-cm-tekninen-puu\/","title":{"rendered":"Ruokap\u00f6yt\u00e4 betoninharmaa 120x60x76 cm tekninen puu"},"content":{"rendered":"<p>T\u00e4m\u00e4 puhtaan yksinkertaisesti muotoiltu ruokap\u00f6yt\u00e4 on upea valinta ruokasaliin tai keitti\u00f6\u00f6n. Sen yksinkertainen eleganssi tekee p\u00e4ivitt\u00e4isist\u00e4 ruokailuhetkist\u00e4 ainutlaatuisia.<\/p>\n<\/p>\n<p>Laadukkaasta levyst\u00e4 valmistettu ruokap\u00f6yt\u00e4 on eritt\u00e4in vakaa ja kest\u00e4v\u00e4 pitk\u00e4n k\u00e4ytt\u00f6i\u00e4n takaamiseksi. Se on lis\u00e4ksi helppo koota sek\u00e4 pit\u00e4\u00e4 puhtaana kostealla liinalla pyyhkien.<\/p>\n<ul>\n<li>V\u00e4ri: betoninharmaa<\/li>\n<li>Materiaali: tekninen puu<\/li>\n<li>Kokonaismitat: 120 x 60 x 76 cm (P x L x K)<\/li>\n<li>Yksinkertaiset ja puhtaat linjat<\/li>\n<li>Helppo puhdistaa kostealla liinalla<\/li>\n<\/ul>\n","protected":false},"excerpt":{"rendered":"<ul>\n<li>V\u00e4ri: betoninharmaa<\/li>\n<li>Materiaali: tekninen puu<\/li>\n<li>Kokonaismitat: 120 x 60 x 76 cm (P x L x K)<\/li>\n<li>Yksinkertaiset ja puhtaat linjat<\/li>\n<li>Helppo puhdistaa kostealla liinalla<\/li>\n<\/ul>\n","protected":false},"featured_media":100000167781,"comment_status":"closed","ping_status":"closed","template":"","meta":[],"product_brand":[],"product_cat":[84,8543],"product_tag":[],"class_list":{"0":"post-167781","1":"product","2":"type-product","3":"status-publish","4":"has-post-thumbnail","6":"product_cat-huonekalut","7":"product_cat-keittion-ruokapoydat","9":"first","10":"instock","11":"taxable","12":"shipping-taxable","13":"purchasable","14":"product-type-simple"},"_links":{"self":[{"href":"https:\/\/www.otiumhome.fi\/index.php\/wp-json\/wp\/v2\/product\/167781","targetHints":{"allow":["GET"]}}],"collection":[{"href":"https:\/\/www.otiumhome.fi\/index.php\/wp-json\/wp\/v2\/product"}],"about":[{"href":"https:\/\/www.otiumhome.fi\/index.php\/wp-json\/wp\/v2\/types\/product"}],"replies":[{"embeddable":true,"href":"https:\/\/www.otiumhome.fi\/index.php\/wp-json\/wp\/v2\/comments?post=167781"}],"wp:featuredmedia":[{"embeddable":true,"href":"https:\/\/www.otiumhome.fi\/index.php\/wp-json\/"}],"wp:attachment":[{"href":"https:\/\/www.otiumhome.fi\/index.php\/wp-json\/wp\/v2\/media?parent=167781"}],"wp:term":[{"taxonomy":"product_brand","embeddable":true,"href":"https:\/\/www.otiumhome.fi\/index.php\/wp-json\/wp\/v2\/product_brand?post=167781"},{"taxonomy":"product_cat","embeddable":true,"href":"https:\/\/www.otiumhome.fi\/index.php\/wp-json\/wp\/v2\/product_cat?post=167781"},{"taxonomy":"product_tag","embeddable":true,"href":"https:\/\/www.otiumhome.fi\/index.php\/wp-json\/wp\/v2\/product_tag?post=167781"}],"curies":[{"name":"wp","href":"https:\/\/api.w.org\/{rel}","templated":true}]}}