{"id":167772,"date":"2025-09-04T22:54:36","date_gmt":"2025-09-04T22:54:36","guid":{"rendered":"https:\/\/www.otiumhome.fi\/?p=167772"},"modified":"2025-12-14T05:38:02","modified_gmt":"2025-12-14T05:38:02","slug":"ruokapenkki-tummanharmaa-248x32x45-cm-teras-ja-kangas","status":"publish","type":"product","link":"https:\/\/www.otiumhome.fi\/index.php\/tuote\/ruokapenkki-tummanharmaa-248x32x45-cm-teras-ja-kangas\/","title":{"rendered":"Ruokapenkki tummanharmaa 248x32x45 cm ter\u00e4s ja kangas"},"content":{"rendered":"<p>Luo l\u00e4mmin ja kutsuva ilmapiiri asuintiloihisi t\u00e4m\u00e4n ruokapenkin avulla.<\/p>\n<\/p>\n<ul>\n<li>Ter\u00e4srunko: Ter\u00e4s on poikkeuksellisen kova ja vahva materiaali. Se tarjoaa tukevuutta ja vakautta. Ter\u00e4ksen jauhemaalattu pinta luo suojakerroksen ruostetta, korroosiota ja kulumista vastaan.<\/li>\n<li>Mukava istuin: Koe \u00e4\u00e4rimm\u00e4ist\u00e4 mukavuutta istuessasi integroidulla paksusti pehmustetulla istuintyynyll\u00e4.<\/li>\n<li>Monipuolinen k\u00e4ytt\u00f6: Siistin ja yksinkertaisen n\u00e4k\u00f6inen penkki-istuin toimii erinomaisesti ruokasalissa, eteisess\u00e4 tai k\u00e4yt\u00e4v\u00e4ss\u00e4.<\/li>\n<\/ul>\n<ul>\n<li><strong>Penkki:<\/strong><\/li>\n<li>Materiaali: jauhemaalattu ter\u00e4s<\/li>\n<li>Kokonaismitat (tyynyn kanssa): 248 x 32 x 45 cm (P x L x K)<\/li>\n<li>Enimm\u00e4iskantavuus: 110 kg<\/li>\n<li><strong>Tyyny:<\/strong><\/li>\n<li>V\u00e4ri: tummanharmaa<\/li>\n<li>Materiaali: kangas (100 % polyesteri) <\/li>\n<li>T\u00e4ytemateriaali: vaahtomuovi<\/li>\n<li>Mitat (kukin): 60 x 30 x 5 cm (Pit. x L x Paks.)<\/li>\n<li>Asennus vaaditaan: Kyll\u00e4<\/li>\n<\/ul>\n","protected":false},"excerpt":{"rendered":"<ul>\n<li><strong>Penkki:<\/strong><\/li>\n<li>Materiaali: jauhemaalattu ter\u00e4s<\/li>\n<li>Kokonaismitat (tyynyn kanssa): 248 x 32 x 45 cm (P x L x K)<\/li>\n<li>Enimm\u00e4iskantavuus: 110 kg<\/li>\n<li><strong>Tyyny:<\/strong><\/li>\n<li>V\u00e4ri: tummanharmaa<\/li>\n<li>Materiaali: kangas (100 % polyesteri) <\/li>\n<li>T\u00e4ytemateriaali: vaahtomuovi<\/li>\n<li>Mitat (kukin): 60 x 30 x 5 cm (Pit. x L x Paks.)<\/li>\n<li>Asennus vaaditaan: Kyll\u00e4<\/li>\n<\/ul>\n","protected":false},"featured_media":100000167772,"comment_status":"closed","ping_status":"closed","template":"","meta":[],"product_brand":[],"product_cat":[84,8541],"product_tag":[],"class_list":{"0":"post-167772","1":"product","2":"type-product","3":"status-publish","4":"has-post-thumbnail","6":"product_cat-huonekalut","7":"product_cat-keittio-ruokapoydan-penkit","9":"first","10":"instock","11":"taxable","12":"shipping-taxable","13":"purchasable","14":"product-type-simple"},"_links":{"self":[{"href":"https:\/\/www.otiumhome.fi\/index.php\/wp-json\/wp\/v2\/product\/167772","targetHints":{"allow":["GET"]}}],"collection":[{"href":"https:\/\/www.otiumhome.fi\/index.php\/wp-json\/wp\/v2\/product"}],"about":[{"href":"https:\/\/www.otiumhome.fi\/index.php\/wp-json\/wp\/v2\/types\/product"}],"replies":[{"embeddable":true,"href":"https:\/\/www.otiumhome.fi\/index.php\/wp-json\/wp\/v2\/comments?post=167772"}],"wp:featuredmedia":[{"embeddable":true,"href":"https:\/\/www.otiumhome.fi\/index.php\/wp-json\/"}],"wp:attachment":[{"href":"https:\/\/www.otiumhome.fi\/index.php\/wp-json\/wp\/v2\/media?parent=167772"}],"wp:term":[{"taxonomy":"product_brand","embeddable":true,"href":"https:\/\/www.otiumhome.fi\/index.php\/wp-json\/wp\/v2\/product_brand?post=167772"},{"taxonomy":"product_cat","embeddable":true,"href":"https:\/\/www.otiumhome.fi\/index.php\/wp-json\/wp\/v2\/product_cat?post=167772"},{"taxonomy":"product_tag","embeddable":true,"href":"https:\/\/www.otiumhome.fi\/index.php\/wp-json\/wp\/v2\/product_tag?post=167772"}],"curies":[{"name":"wp","href":"https:\/\/api.w.org\/{rel}","templated":true}]}}