{"id":167765,"date":"2025-09-04T22:54:34","date_gmt":"2025-09-04T22:54:34","guid":{"rendered":"https:\/\/www.otiumhome.fi\/?p=167765"},"modified":"2025-12-14T05:38:02","modified_gmt":"2025-12-14T05:38:02","slug":"penkki-160x40x45-cm-taysi-mangopuu-ja-rauta","status":"publish","type":"product","link":"https:\/\/www.otiumhome.fi\/index.php\/tuote\/penkki-160x40x45-cm-taysi-mangopuu-ja-rauta\/","title":{"rendered":"Penkki 160x40x45 cm t\u00e4ysi mangopuu ja rauta"},"content":{"rendered":"<p>Puinen penkki on mahtava lis\u00e4 ruokasaliin, olohuoneeseen, eteiseen tai ulkotiloihin.<\/p>\n<\/p>\n<ul>\n<li>Kest\u00e4v\u00e4 materiaali: Penkki-istuin on valmistettu t\u00e4ydest\u00e4 mangopuusta, joka takaa sen vakauden ja kest\u00e4vyyden. Mangopuu on luja trooppinen lehtipuu, josta valmistettaan tukevia kalusteita. Sen kauniit puunsyyt tekev\u00e4t jokaisesta kalusteesta hieman erilaisen kuin seuraavasta.<\/li>\n<li>Kest\u00e4v\u00e4t ja vakaat jalat: Penkiss\u00e4 on nelj\u00e4 jauhemaalattua rautajalkaa, jotka tekev\u00e4t siit\u00e4 vakaamman ja tukevamman ja tuovat samalla teollista tyyli\u00e4 kotiisi.<\/li>\n<li>Monipuolinen: T\u00e4t\u00e4 puista penkki\u00e4 voidaan k\u00e4ytt\u00e4\u00e4 moneen eri tarkoitukseen. Voit k\u00e4ytt\u00e4\u00e4 sit\u00e4 ruokailutiloissa, eteisess\u00e4, olohuoneessa tai puutarhassa.<\/li>\n<\/ul>\n<p>Hyv\u00e4 tiet\u00e4\u00e4:<\/p>\n<ul>\n<li>V\u00e4rit ja puunsyyt vaihtelevat kappaleittain, mik\u00e4 tekee jokaisesta kappaleesta ainutlaatuisen. Toimitus on sattumanvarainen, t\u00e4m\u00e4 takaa tuotteesi erityisyyden ja ainutlaatuisuuden.<\/li>\n<\/ul>\n<ul>\n<li>Materiaali: T\u00e4ysi 5 % valkaistu mangopuu, jauhemaalattu rauta<\/li>\n<li>Mitat: 160 x 40 x 45 cm (L x S x K)<\/li>\n<li>Maksimikantavuus: 110 kg<\/li>\n<li>Asennus vaaditaan: Kyll\u00e4<\/li>\n<\/ul>\n","protected":false},"excerpt":{"rendered":"<ul>\n<li>Materiaali: T\u00e4ysi 5 % valkaistu mangopuu, jauhemaalattu rauta<\/li>\n<li>Mitat: 160 x 40 x 45 cm (L x S x K)<\/li>\n<li>Maksimikantavuus: 110 kg<\/li>\n<li>Asennus vaaditaan: Kyll\u00e4<\/li>\n<\/ul>\n","protected":false},"featured_media":100000167765,"comment_status":"closed","ping_status":"closed","template":"","meta":[],"product_brand":[],"product_cat":[84,8541],"product_tag":[],"class_list":{"0":"post-167765","1":"product","2":"type-product","3":"status-publish","4":"has-post-thumbnail","6":"product_cat-huonekalut","7":"product_cat-keittio-ruokapoydan-penkit","9":"first","10":"instock","11":"taxable","12":"shipping-taxable","13":"purchasable","14":"product-type-simple"},"_links":{"self":[{"href":"https:\/\/www.otiumhome.fi\/index.php\/wp-json\/wp\/v2\/product\/167765","targetHints":{"allow":["GET"]}}],"collection":[{"href":"https:\/\/www.otiumhome.fi\/index.php\/wp-json\/wp\/v2\/product"}],"about":[{"href":"https:\/\/www.otiumhome.fi\/index.php\/wp-json\/wp\/v2\/types\/product"}],"replies":[{"embeddable":true,"href":"https:\/\/www.otiumhome.fi\/index.php\/wp-json\/wp\/v2\/comments?post=167765"}],"wp:featuredmedia":[{"embeddable":true,"href":"https:\/\/www.otiumhome.fi\/index.php\/wp-json\/"}],"wp:attachment":[{"href":"https:\/\/www.otiumhome.fi\/index.php\/wp-json\/wp\/v2\/media?parent=167765"}],"wp:term":[{"taxonomy":"product_brand","embeddable":true,"href":"https:\/\/www.otiumhome.fi\/index.php\/wp-json\/wp\/v2\/product_brand?post=167765"},{"taxonomy":"product_cat","embeddable":true,"href":"https:\/\/www.otiumhome.fi\/index.php\/wp-json\/wp\/v2\/product_cat?post=167765"},{"taxonomy":"product_tag","embeddable":true,"href":"https:\/\/www.otiumhome.fi\/index.php\/wp-json\/wp\/v2\/product_tag?post=167765"}],"curies":[{"name":"wp","href":"https:\/\/api.w.org\/{rel}","templated":true}]}}