{"id":167723,"date":"2025-09-04T22:47:19","date_gmt":"2025-09-04T22:47:19","guid":{"rendered":"https:\/\/www.otiumhome.fi\/?p=167723"},"modified":"2025-12-14T04:45:12","modified_gmt":"2025-12-14T04:45:12","slug":"sailytyspenkki-ruskea-tammi-70x425x47-cm-tekninen-puu","status":"publish","type":"product","link":"https:\/\/www.otiumhome.fi\/index.php\/tuote\/sailytyspenkki-ruskea-tammi-70x425x47-cm-tekninen-puu\/","title":{"rendered":"S\u00e4ilytyspenkki ruskea tammi 70&#215;42,5&#215;47 cm tekninen puu"},"content":{"rendered":"<p>T\u00e4m\u00e4 s\u00e4ilytyspenkki on suunniteltu sek\u00e4 istumiseen ett\u00e4 s\u00e4ilytykseen. Se on taattu katseiden vangitsija kotisi sisustuksessa.<\/p>\n<\/p>\n<ul>\n<li>Tukeva rakenne: Tekninen puu on poikkeuksellisen laadukasta ja sile\u00e4pintaista. Se on luja, vakaa ja kosteudelle vastustuskykyinen. Penkin metallirunko takaa my\u00f6s tukevuuden ja vakauden.<\/li>\n<li>Runsaasti s\u00e4ilytystilaa: Eteisen penkiss\u00e4 on suuri s\u00e4ilytystila vaatteiden, lelujen, tyynyjen, kirjojen tai muiden henkil\u00f6kohtaisten tavaroiden j\u00e4rjest\u00e4miseen, jotka haluat s\u00e4ilytt\u00e4\u00e4 pois n\u00e4kyvist\u00e4. Alahyllylle voi asettaa kenki\u00e4 ja laatikoita.<\/li>\n<li>S\u00e4\u00e4dett\u00e4v\u00e4t jalat: Muovipehmustetut ja s\u00e4\u00e4dett\u00e4v\u00e4t jalat pit\u00e4v\u00e4t eteisen penkin tasapainossa ep\u00e4tasaisella alustalla ja lis\u00e4\u00e4v\u00e4t vakautta.<\/li>\n<li>Monipuolinen k\u00e4ytt\u00f6: Penkki sopii t\u00e4ydellisesti eteisen kenk\u00e4penkiksi, tai olohuoneen s\u00e4ilytyspenkiksi.<\/li>\n<\/ul>\n<ul>\n<li>V\u00e4ri: Ruskea tammi<\/li>\n<li>Materiaali: Tekninen puu, metalli<\/li>\n<li>Mitat: 70 x 42,5 x 47 cm (P x L x K)<\/li>\n<li>Maksimikantavuus (yhteens\u00e4): 110 kg<\/li>\n<li>Enimm\u00e4iskantavuus hylly\u00e4 kohti: 25 kg<\/li>\n<li>Asennus vaaditaan: Kyll\u00e4<\/li>\n<\/ul>\n","protected":false},"excerpt":{"rendered":"<ul>\n<li>V\u00e4ri: Ruskea tammi<\/li>\n<li>Materiaali: Tekninen puu, metalli<\/li>\n<li>Mitat: 70 x 42,5 x 47 cm (P x L x K)<\/li>\n<li>Maksimikantavuus (yhteens\u00e4): 110 kg<\/li>\n<li>Enimm\u00e4iskantavuus hylly\u00e4 kohti: 25 kg<\/li>\n<li>Asennus vaaditaan: Kyll\u00e4<\/li>\n<\/ul>\n","protected":false},"featured_media":100000167723,"comment_status":"closed","ping_status":"closed","template":"","meta":[],"product_brand":[],"product_cat":[8538,84],"product_tag":[],"class_list":{"0":"post-167723","1":"product","2":"type-product","3":"status-publish","4":"has-post-thumbnail","6":"product_cat-eteis-sailytyspenkit","7":"product_cat-huonekalut","9":"first","10":"instock","11":"taxable","12":"shipping-taxable","13":"purchasable","14":"product-type-simple"},"_links":{"self":[{"href":"https:\/\/www.otiumhome.fi\/index.php\/wp-json\/wp\/v2\/product\/167723","targetHints":{"allow":["GET"]}}],"collection":[{"href":"https:\/\/www.otiumhome.fi\/index.php\/wp-json\/wp\/v2\/product"}],"about":[{"href":"https:\/\/www.otiumhome.fi\/index.php\/wp-json\/wp\/v2\/types\/product"}],"replies":[{"embeddable":true,"href":"https:\/\/www.otiumhome.fi\/index.php\/wp-json\/wp\/v2\/comments?post=167723"}],"wp:featuredmedia":[{"embeddable":true,"href":"https:\/\/www.otiumhome.fi\/index.php\/wp-json\/"}],"wp:attachment":[{"href":"https:\/\/www.otiumhome.fi\/index.php\/wp-json\/wp\/v2\/media?parent=167723"}],"wp:term":[{"taxonomy":"product_brand","embeddable":true,"href":"https:\/\/www.otiumhome.fi\/index.php\/wp-json\/wp\/v2\/product_brand?post=167723"},{"taxonomy":"product_cat","embeddable":true,"href":"https:\/\/www.otiumhome.fi\/index.php\/wp-json\/wp\/v2\/product_cat?post=167723"},{"taxonomy":"product_tag","embeddable":true,"href":"https:\/\/www.otiumhome.fi\/index.php\/wp-json\/wp\/v2\/product_tag?post=167723"}],"curies":[{"name":"wp","href":"https:\/\/api.w.org\/{rel}","templated":true}]}}