{"id":167705,"date":"2025-09-04T22:47:14","date_gmt":"2025-09-04T22:47:14","guid":{"rendered":"https:\/\/www.otiumhome.fi\/?p=167705"},"modified":"2025-09-06T04:59:53","modified_gmt":"2025-09-06T04:59:53","slug":"eteisen-penkki-harmaa-80x40x43-cm-taysi-manty","status":"publish","type":"product","link":"https:\/\/www.otiumhome.fi\/index.php\/tuote\/eteisen-penkki-harmaa-80x40x43-cm-taysi-manty\/","title":{"rendered":"Eteisen penkki harmaa 80x40x43 cm t\u00e4ysi m\u00e4nty"},"content":{"rendered":"<p>Luo ovesi viereen l\u00e4mmin ja kutsuva ilmapiiri t\u00e4ll\u00e4 puisella eteisen penkill\u00e4!<\/p>\n<\/p>\n<ul>\n<li>T\u00e4ysi m\u00e4nty: T\u00e4m\u00e4 eteisen penkki on valmistettu t\u00e4ydest\u00e4 m\u00e4nnyst\u00e4, joka on kaunis luonnollinen materiaali. M\u00e4nnyll\u00e4 on suorat puunsyyt ja sen oksanpaikat antavat materiaalille sen ominaisen rustiikkisen ilmeen.<\/li>\n<li>Runsaasti s\u00e4ilytystilaa: Kahdella vetolaatikolla varustettu laatikkopenkki tarjoaa runsaasti tilaa vaatteiden, kirjojen, kenkien ja henkil\u00f6kohtaisten tavaroiden s\u00e4ilytt\u00e4miseen. T\u00e4m\u00e4n vuoksi eteisen penkki on t\u00e4ydellinen tuulikaapin, eteisen ja muiden elintilojen siistin\u00e4 ja sotkuttomana pit\u00e4miseen.<\/li>\n<li>Vakaa yl\u00e4osa: Olohuoneen penkiss\u00e4 on tukeva yl\u00e4osa, tehden siit\u00e4 ihanteellisen koristeiden, valokuvien, ruukkukasvien ja vastaavien esille laittoon. S\u00e4ilytyspenkin yl\u00e4osa toimii my\u00f6s istuimena.<\/li>\n<\/ul>\n<p>Huomioi:<\/p>\n<ul>\n<li>Jokaisen tuotteen mukana on laatikossa kokoonpano-ohje helppoa asennusta varten.<\/li>\n<\/ul>\n<ul>\n<li>V\u00e4ri: Harmaa<\/li>\n<li>Materiaali: T\u00e4ysi m\u00e4nty<\/li>\n<li>Mitat: 80 x 40 x 43 cm (L x S x K)<\/li>\n<\/ul>\n","protected":false},"excerpt":{"rendered":"<ul>\n<li>V\u00e4ri: Harmaa<\/li>\n<li>Materiaali: T\u00e4ysi m\u00e4nty<\/li>\n<li>Mitat: 80 x 40 x 43 cm (L x S x K)<\/li>\n<\/ul>\n","protected":false},"featured_media":100000167705,"comment_status":"closed","ping_status":"closed","template":"","meta":[],"product_brand":[],"product_cat":[8538,84],"product_tag":[],"class_list":{"0":"post-167705","1":"product","2":"type-product","3":"status-publish","4":"has-post-thumbnail","6":"product_cat-eteis-sailytyspenkit","7":"product_cat-huonekalut","9":"first","10":"instock","11":"taxable","12":"shipping-taxable","13":"purchasable","14":"product-type-simple"},"_links":{"self":[{"href":"https:\/\/www.otiumhome.fi\/index.php\/wp-json\/wp\/v2\/product\/167705","targetHints":{"allow":["GET"]}}],"collection":[{"href":"https:\/\/www.otiumhome.fi\/index.php\/wp-json\/wp\/v2\/product"}],"about":[{"href":"https:\/\/www.otiumhome.fi\/index.php\/wp-json\/wp\/v2\/types\/product"}],"replies":[{"embeddable":true,"href":"https:\/\/www.otiumhome.fi\/index.php\/wp-json\/wp\/v2\/comments?post=167705"}],"wp:featuredmedia":[{"embeddable":true,"href":"https:\/\/www.otiumhome.fi\/index.php\/wp-json\/"}],"wp:attachment":[{"href":"https:\/\/www.otiumhome.fi\/index.php\/wp-json\/wp\/v2\/media?parent=167705"}],"wp:term":[{"taxonomy":"product_brand","embeddable":true,"href":"https:\/\/www.otiumhome.fi\/index.php\/wp-json\/wp\/v2\/product_brand?post=167705"},{"taxonomy":"product_cat","embeddable":true,"href":"https:\/\/www.otiumhome.fi\/index.php\/wp-json\/wp\/v2\/product_cat?post=167705"},{"taxonomy":"product_tag","embeddable":true,"href":"https:\/\/www.otiumhome.fi\/index.php\/wp-json\/wp\/v2\/product_tag?post=167705"}],"curies":[{"name":"wp","href":"https:\/\/api.w.org\/{rel}","templated":true}]}}