{"id":167684,"date":"2025-09-04T22:46:01","date_gmt":"2025-09-04T22:46:01","guid":{"rendered":"https:\/\/www.otiumhome.fi\/?p=167684"},"modified":"2025-09-06T06:25:46","modified_gmt":"2025-09-06T06:25:46","slug":"batavia-penkki-taysmahonki-98-cm-vaaleanruskea","status":"publish","type":"product","link":"https:\/\/www.otiumhome.fi\/index.php\/tuote\/batavia-penkki-taysmahonki-98-cm-vaaleanruskea\/","title":{"rendered":"Batavia-penkki t\u00e4ysmahonki 98 cm vaaleanruskea"},"content":{"rendered":"<p>Batavia penkkimme on t\u00e4ydellinen valinta tyylin ja toimivuuden kannalta, ja se antaa kotisi sisustukseen tyyli\u00e4. Se n\u00e4ytt\u00e4\u00e4 yksinkertaisesti upealta miss\u00e4 tahansa sis\u00e4tilassa.<\/p>\n<\/p>\n<p>Korkealaatuinen mahongista valmistettu penkki on eritt\u00e4in vakaa ja kest\u00e4v\u00e4 ja siin\u00e4 on elegantit kaarevat k\u00e4sinojat. Se on tukeva ja helppo puhdistaa, siksi se on pitk\u00e4ik\u00e4inen. T\u00e4m\u00e4 penkki on helppo koota.<\/p>\n<ul>\n<li>V\u00e4ri: vaaleanruskea<\/li>\n<li>Materiaali: t\u00e4ysmahonki<\/li>\n<li>Mitat: 98 x 50 x 82 cm (L x S x K)<\/li>\n<li>Istuimen leveys: 86 cm<\/li>\n<li>Istuimen syvyys: 43 cm<\/li>\n<li>Istuimen korkeus maasta: 45 cm<\/li>\n<li>K\u00e4sinojan korkeus maasta: 70 cm<\/li>\n<li>Sopii kahdelle hengelle<\/li>\n<li>Vain sis\u00e4k\u00e4ytt\u00f6\u00f6n<\/li>\n<\/ul>\n","protected":false},"excerpt":{"rendered":"<ul>\n<li>V\u00e4ri: vaaleanruskea<\/li>\n<li>Materiaali: t\u00e4ysmahonki<\/li>\n<li>Mitat: 98 x 50 x 82 cm (L x S x K)<\/li>\n<li>Istuimen leveys: 86 cm<\/li>\n<li>Istuimen syvyys: 43 cm<\/li>\n<li>Istuimen korkeus maasta: 45 cm<\/li>\n<li>K\u00e4sinojan korkeus maasta: 70 cm<\/li>\n<li>Sopii kahdelle hengelle<\/li>\n<li>Vain sis\u00e4k\u00e4ytt\u00f6\u00f6n<\/li>\n<\/ul>\n","protected":false},"featured_media":100000167684,"comment_status":"closed","ping_status":"closed","template":"","meta":[],"product_brand":[],"product_cat":[8538,84],"product_tag":[],"class_list":{"0":"post-167684","1":"product","2":"type-product","3":"status-publish","4":"has-post-thumbnail","6":"product_cat-eteis-sailytyspenkit","7":"product_cat-huonekalut","9":"first","10":"instock","11":"taxable","12":"shipping-taxable","13":"purchasable","14":"product-type-simple"},"_links":{"self":[{"href":"https:\/\/www.otiumhome.fi\/index.php\/wp-json\/wp\/v2\/product\/167684","targetHints":{"allow":["GET"]}}],"collection":[{"href":"https:\/\/www.otiumhome.fi\/index.php\/wp-json\/wp\/v2\/product"}],"about":[{"href":"https:\/\/www.otiumhome.fi\/index.php\/wp-json\/wp\/v2\/types\/product"}],"replies":[{"embeddable":true,"href":"https:\/\/www.otiumhome.fi\/index.php\/wp-json\/wp\/v2\/comments?post=167684"}],"wp:featuredmedia":[{"embeddable":true,"href":"https:\/\/www.otiumhome.fi\/index.php\/wp-json\/"}],"wp:attachment":[{"href":"https:\/\/www.otiumhome.fi\/index.php\/wp-json\/wp\/v2\/media?parent=167684"}],"wp:term":[{"taxonomy":"product_brand","embeddable":true,"href":"https:\/\/www.otiumhome.fi\/index.php\/wp-json\/wp\/v2\/product_brand?post=167684"},{"taxonomy":"product_cat","embeddable":true,"href":"https:\/\/www.otiumhome.fi\/index.php\/wp-json\/wp\/v2\/product_cat?post=167684"},{"taxonomy":"product_tag","embeddable":true,"href":"https:\/\/www.otiumhome.fi\/index.php\/wp-json\/wp\/v2\/product_tag?post=167684"}],"curies":[{"name":"wp","href":"https:\/\/api.w.org\/{rel}","templated":true}]}}