{"id":167662,"date":"2025-09-04T21:47:43","date_gmt":"2025-09-04T21:47:43","guid":{"rendered":"https:\/\/www.otiumhome.fi\/?p=167662"},"modified":"2025-09-06T05:29:59","modified_gmt":"2025-09-06T05:29:59","slug":"baarituolit-4-kpl-taysi-karkea-mangopuu","status":"publish","type":"product","link":"https:\/\/www.otiumhome.fi\/index.php\/tuote\/baarituolit-4-kpl-taysi-karkea-mangopuu\/","title":{"rendered":"Baarituolit 4 kpl t\u00e4ysi karkea mangopuu"},"content":{"rendered":"<p>N\u00e4m\u00e4 rustiikkiset baarituolit ovat erinomainen lis\u00e4 huoneesi sisustukseen!<\/p>\n<\/p>\n<ul>\n<li>Kest\u00e4v\u00e4 materiaali: T\u00e4ysi mangopuu on luja trooppinen lehtipuu, josta valmistetaan tukevia kalusteita. Kauniit puunsyyt tekev\u00e4t jokaisesta kalusteesta hieman erilaisen kuin seuraavasta.<\/li>\n<li>K\u00e4yt\u00e4nn\u00f6llinen muotoilu: N\u00e4iss\u00e4 aamiaisbaarijakkaroissa on jalkatuet, jotka voivat tarjota sinulle lis\u00e4\u00e4 mukavuutta, joten voit istua jakkaroilla mukavasti.<\/li>\n<li>Laaja k\u00e4ytt\u00f6: N\u00e4iss\u00e4 monitoimisissa baarijakkaroissa on t\u00e4ydellinen muoto, joka sopii talosi mihin tahansa huoneeseen. Niit\u00e4 voidaan k\u00e4ytt\u00e4\u00e4 keitti\u00f6ss\u00e4, ruokasalissa, olohuoneessa, jne,<\/li>\n<\/ul>\n<p>Hyv\u00e4 tiet\u00e4\u00e4:<\/p>\n<ul>\n<li>Jokainen kappale on ainutlaatuisen eroavilla v\u00e4reill\u00e4 ja puunsyill\u00e4. Toimitus on sattumanvarainen, t\u00e4m\u00e4 takaa tuotteesi erityisyyden ja ainutlaatuisuuden.<\/li>\n<\/ul>\n<ul>\n<li>Materiaali: t\u00e4ysi mangopuu luonnollisella viimeistelyll\u00e4, jauhemaalattu rauta<\/li>\n<li>Mitat: 37 x 37 x 92 cm (P x L x K)<\/li>\n<li>Maksimikantavuus (per istuin): 110 kg<\/li>\n<li><strong>Toimitus sis\u00e4lt\u00e4\u00e4:<\/strong><\/li>\n<li>4 x baarituoli<\/li>\n<\/ul>\n<p> Enint\u00e4\u00e4n 110 kg per istuin.<\/p>\n","protected":false},"excerpt":{"rendered":"<ul>\n<li>Materiaali: t\u00e4ysi mangopuu luonnollisella viimeistelyll\u00e4, jauhemaalattu rauta<\/li>\n<li>Mitat: 37 x 37 x 92 cm (P x L x K)<\/li>\n<li>Maksimikantavuus (per istuin): 110 kg<\/li>\n<li><strong>Toimitus sis\u00e4lt\u00e4\u00e4:<\/strong><\/li>\n<li>4 x baarituoli<\/li>\n<\/ul>\n","protected":false},"featured_media":100000167662,"comment_status":"closed","ping_status":"closed","template":"","meta":[],"product_brand":[],"product_cat":[8536,84],"product_tag":[],"class_list":{"0":"post-167662","1":"product","2":"type-product","3":"status-publish","4":"has-post-thumbnail","6":"product_cat-baarijakkarat","7":"product_cat-huonekalut","9":"first","10":"outofstock","11":"taxable","12":"shipping-taxable","13":"purchasable","14":"product-type-simple"},"_links":{"self":[{"href":"https:\/\/www.otiumhome.fi\/index.php\/wp-json\/wp\/v2\/product\/167662","targetHints":{"allow":["GET"]}}],"collection":[{"href":"https:\/\/www.otiumhome.fi\/index.php\/wp-json\/wp\/v2\/product"}],"about":[{"href":"https:\/\/www.otiumhome.fi\/index.php\/wp-json\/wp\/v2\/types\/product"}],"replies":[{"embeddable":true,"href":"https:\/\/www.otiumhome.fi\/index.php\/wp-json\/wp\/v2\/comments?post=167662"}],"wp:featuredmedia":[{"embeddable":true,"href":"https:\/\/www.otiumhome.fi\/index.php\/wp-json\/"}],"wp:attachment":[{"href":"https:\/\/www.otiumhome.fi\/index.php\/wp-json\/wp\/v2\/media?parent=167662"}],"wp:term":[{"taxonomy":"product_brand","embeddable":true,"href":"https:\/\/www.otiumhome.fi\/index.php\/wp-json\/wp\/v2\/product_brand?post=167662"},{"taxonomy":"product_cat","embeddable":true,"href":"https:\/\/www.otiumhome.fi\/index.php\/wp-json\/wp\/v2\/product_cat?post=167662"},{"taxonomy":"product_tag","embeddable":true,"href":"https:\/\/www.otiumhome.fi\/index.php\/wp-json\/wp\/v2\/product_tag?post=167662"}],"curies":[{"name":"wp","href":"https:\/\/api.w.org\/{rel}","templated":true}]}}