{"id":167661,"date":"2025-09-04T21:47:42","date_gmt":"2025-09-04T21:47:42","guid":{"rendered":"https:\/\/www.otiumhome.fi\/?p=167661"},"modified":"2025-12-14T04:43:26","modified_gmt":"2025-12-14T04:43:26","slug":"baarijakkarat-2-kpl-taysi-akaasiapuu","status":"publish","type":"product","link":"https:\/\/www.otiumhome.fi\/index.php\/tuote\/baarijakkarat-2-kpl-taysi-akaasiapuu\/","title":{"rendered":"Baarijakkarat 2 kpl t\u00e4ysi akaasiapuu"},"content":{"rendered":"<p>N\u00e4iss\u00e4 puisissa baarijakkaroissa on ikoninen ulkoasu, ja ne sopivat t\u00e4ydellisesti yhteen teollisen tyylin kanssa, joka on t\u00e4ll\u00e4 hetkell\u00e4 suursuosiossa. Ne n\u00e4ytt\u00e4v\u00e4t erinomaisilta niin ravintoloissa ja baareissa kuin olo- ja ruokailuhuoneissa kotona.<\/p>\n<\/p>\n<p>Baarijakkarat on valmistettu t\u00e4ydest\u00e4 akaasiapuusta, jonka vuoksi ne ovat eritt\u00e4in kest\u00e4vi\u00e4. Lis\u00e4ksi taidokas k\u00e4sity\u00f6l\u00e4isyys takaa, ett\u00e4 jokainen ty\u00f6vaihe on tehty erityisen huolella, oli kyseess\u00e4 sitten hionta, maalaus tai lakkaus. Jauhemaalatut ter\u00e4sjalat lis\u00e4\u00e4v\u00e4t tuolien vakautta ja tuovat niihin teollista tyyli\u00e4.<\/p>\n<\/p>\n<p>T\u00e4rke\u00e4 huomio: Puunsyyt vaihtelevat kappaleittain tehden jokaisesta yksil\u00f6st\u00e4 ainutlaatuisen. Toimitus on sattumanvarainen. Toimitukseen sis\u00e4ltyy 2 puista baarijakkaraa.<\/p>\n<ul>\n<li>Materiaali: t\u00e4ysi akaasiapuu ja jauhemaalattu ter\u00e4s<\/li>\n<li>Mitat: 41 x 36 x 82 cm (L x S x K)<\/li>\n<li>Istuimen korkeus maasta: 76 cm<\/li>\n<li>Viimeistely: hiottu, maalattu ja lakattu<\/li>\n<li>Toimitus sis\u00e4lt\u00e4\u00e4 2 puista baarijakkaraa<\/li>\n<\/ul>\n","protected":false},"excerpt":{"rendered":"<ul>\n<li>Materiaali: t\u00e4ysi akaasiapuu ja jauhemaalattu ter\u00e4s<\/li>\n<li>Mitat: 41 x 36 x 82 cm (L x S x K)<\/li>\n<li>Istuimen korkeus maasta: 76 cm<\/li>\n<li>Viimeistely: hiottu, maalattu ja lakattu<\/li>\n<li>Toimitus sis\u00e4lt\u00e4\u00e4 2 puista baarijakkaraa<\/li>\n<\/ul>\n","protected":false},"featured_media":100000167661,"comment_status":"closed","ping_status":"closed","template":"","meta":[],"product_brand":[],"product_cat":[8536,84],"product_tag":[],"class_list":{"0":"post-167661","1":"product","2":"type-product","3":"status-publish","4":"has-post-thumbnail","6":"product_cat-baarijakkarat","7":"product_cat-huonekalut","9":"first","10":"instock","11":"taxable","12":"shipping-taxable","13":"purchasable","14":"product-type-simple"},"_links":{"self":[{"href":"https:\/\/www.otiumhome.fi\/index.php\/wp-json\/wp\/v2\/product\/167661","targetHints":{"allow":["GET"]}}],"collection":[{"href":"https:\/\/www.otiumhome.fi\/index.php\/wp-json\/wp\/v2\/product"}],"about":[{"href":"https:\/\/www.otiumhome.fi\/index.php\/wp-json\/wp\/v2\/types\/product"}],"replies":[{"embeddable":true,"href":"https:\/\/www.otiumhome.fi\/index.php\/wp-json\/wp\/v2\/comments?post=167661"}],"wp:featuredmedia":[{"embeddable":true,"href":"https:\/\/www.otiumhome.fi\/index.php\/wp-json\/"}],"wp:attachment":[{"href":"https:\/\/www.otiumhome.fi\/index.php\/wp-json\/wp\/v2\/media?parent=167661"}],"wp:term":[{"taxonomy":"product_brand","embeddable":true,"href":"https:\/\/www.otiumhome.fi\/index.php\/wp-json\/wp\/v2\/product_brand?post=167661"},{"taxonomy":"product_cat","embeddable":true,"href":"https:\/\/www.otiumhome.fi\/index.php\/wp-json\/wp\/v2\/product_cat?post=167661"},{"taxonomy":"product_tag","embeddable":true,"href":"https:\/\/www.otiumhome.fi\/index.php\/wp-json\/wp\/v2\/product_tag?post=167661"}],"curies":[{"name":"wp","href":"https:\/\/api.w.org\/{rel}","templated":true}]}}