{"id":167653,"date":"2025-09-04T21:47:38","date_gmt":"2025-09-04T21:47:38","guid":{"rendered":"https:\/\/www.otiumhome.fi\/?p=167653"},"modified":"2025-09-06T06:30:26","modified_gmt":"2025-09-06T06:30:26","slug":"karttapallobaari-viinikaappi-atlas-42x42x85-cm","status":"publish","type":"product","link":"https:\/\/www.otiumhome.fi\/index.php\/tuote\/karttapallobaari-viinikaappi-atlas-42x42x85-cm\/","title":{"rendered":"Karttapallobaari\/viinikaappi Atlas 42x42x85 cm"},"content":{"rendered":"<p>Tee vieraisiisi vaikutus tyylitajullasi tarjoten heille viini\u00e4 ja viinoja t\u00e4st\u00e4 todella koristeellisesta maapallobaarista!<\/p>\n<\/p>\n<p>Karttapallobaari sopii t\u00e4ydellisesti pullojen ja lasien s\u00e4ilytykseen. Maapalloa koristaa vanhanaikainen karttakuvio, kun taas vakaa, kest\u00e4v\u00e4st\u00e4 ja korkealaatuisesta MDF:st\u00e4 valmistettu jalusta on Atlaksen muotoinen. T\u00e4m\u00e4 karttapallobaari\/viinikaappi on t\u00e4ydellinen yhdistelm\u00e4 k\u00e4yt\u00e4nn\u00f6llisyytt\u00e4 ja esteettisyytt\u00e4.<\/p>\n<\/p>\n<p>Ole hyv\u00e4 ja ota huomioon, ett\u00e4 juomat eiv\u00e4t sis\u00e4lly toimitukseen.<\/p>\n<ul>\n<li>Kokonaismitat: 42 x 42 x 85 cm (P x L x K)<\/li>\n<li>Paino: 12,5 kg<\/li>\n<li>Materiaali: hartsi (mies) + ABS (maapallo) + MDF (jalusta)<\/li>\n<li>Yksityiskohtainen, vanhanaikainen karttakuvio ja myyttisen Atlaksen muotoinen jalusta <\/li>\n<li>4 osastoa<\/li>\n<li>Juomat eiv\u00e4t sis\u00e4lly toimitukseen<\/li>\n<\/ul>\n","protected":false},"excerpt":{"rendered":"<ul>\n<li>Kokonaismitat: 42 x 42 x 85 cm (P x L x K)<\/li>\n<li>Paino: 12,5 kg<\/li>\n<li>Materiaali: hartsi (mies) + ABS (maapallo) + MDF (jalusta)<\/li>\n<li>Yksityiskohtainen, vanhanaikainen karttakuvio ja myyttisen Atlaksen muotoinen jalusta <\/li>\n<li>4 osastoa<\/li>\n<li>Juomat eiv\u00e4t sis\u00e4lly toimitukseen<\/li>\n<\/ul>\n","protected":false},"featured_media":100000167653,"comment_status":"closed","ping_status":"closed","template":"","meta":[],"product_brand":[],"product_cat":[8537,84],"product_tag":[],"class_list":{"0":"post-167653","1":"product","2":"type-product","3":"status-publish","4":"has-post-thumbnail","6":"product_cat-baarikaapit","7":"product_cat-huonekalut","9":"first","10":"instock","11":"taxable","12":"shipping-taxable","13":"purchasable","14":"product-type-simple"},"_links":{"self":[{"href":"https:\/\/www.otiumhome.fi\/index.php\/wp-json\/wp\/v2\/product\/167653","targetHints":{"allow":["GET"]}}],"collection":[{"href":"https:\/\/www.otiumhome.fi\/index.php\/wp-json\/wp\/v2\/product"}],"about":[{"href":"https:\/\/www.otiumhome.fi\/index.php\/wp-json\/wp\/v2\/types\/product"}],"replies":[{"embeddable":true,"href":"https:\/\/www.otiumhome.fi\/index.php\/wp-json\/wp\/v2\/comments?post=167653"}],"wp:featuredmedia":[{"embeddable":true,"href":"https:\/\/www.otiumhome.fi\/index.php\/wp-json\/"}],"wp:attachment":[{"href":"https:\/\/www.otiumhome.fi\/index.php\/wp-json\/wp\/v2\/media?parent=167653"}],"wp:term":[{"taxonomy":"product_brand","embeddable":true,"href":"https:\/\/www.otiumhome.fi\/index.php\/wp-json\/wp\/v2\/product_brand?post=167653"},{"taxonomy":"product_cat","embeddable":true,"href":"https:\/\/www.otiumhome.fi\/index.php\/wp-json\/wp\/v2\/product_cat?post=167653"},{"taxonomy":"product_tag","embeddable":true,"href":"https:\/\/www.otiumhome.fi\/index.php\/wp-json\/wp\/v2\/product_tag?post=167653"}],"curies":[{"name":"wp","href":"https:\/\/api.w.org\/{rel}","templated":true}]}}