{"id":167554,"date":"2025-08-25T21:13:45","date_gmt":"2025-08-25T21:13:45","guid":{"rendered":"https:\/\/www.otiumhome.fi\/?p=167554"},"modified":"2025-08-26T05:46:42","modified_gmt":"2025-08-26T05:46:42","slug":"sarjakonsolipoydat-2-kpl-sonoma-tammi-tekninen-puu","status":"publish","type":"product","link":"https:\/\/www.otiumhome.fi\/index.php\/tuote\/sarjakonsolipoydat-2-kpl-sonoma-tammi-tekninen-puu\/","title":{"rendered":"Sarjakonsolip\u00f6yd\u00e4t 2 kpl Sonoma-tammi tekninen puu"},"content":{"rendered":"<p>Lis\u00e4\u00e4 ripaus eleganssia eteiseesi, olohuoneeseesi tai k\u00e4yt\u00e4v\u00e4\u00e4si n\u00e4ill\u00e4 tyylikk\u00e4ill\u00e4 sarjakonsolip\u00f6ydill\u00e4.<\/p>\n<\/p>\n<ul>\n<li>Kest\u00e4v\u00e4 materiaali: Tekninen puu on poikkeuksellisen laadukasta ja sile\u00e4pintaista. Se on luja, vakaa ja kosteudelle vastustuskykyinen. Teknisest\u00e4 puusta valmistetut sarjap\u00f6yd\u00e4t on helppo puhdistaa.<\/li>\n<li>P\u00e4\u00e4llekk\u00e4inen muotoilu: Sarjap\u00f6yd\u00e4t ovat eri kokoisia, jotta ne t\u00e4ytt\u00e4v\u00e4t erilaiset tarpeesi. Pienempi p\u00f6yt\u00e4 liukuu suuremman konsolip\u00f6yd\u00e4n alle, jos tarvitset lis\u00e4\u00e4 tilaa. Voit j\u00e4rjest\u00e4\u00e4 ne my\u00f6s erikseen maksimaalisen p\u00f6yt\u00e4tilan saamiseksi.<\/li>\n<li>Tukeva p\u00f6yt\u00e4levy: Sarjap\u00f6ytien tukeva p\u00f6yt\u00e4levy on ihanteellinen juomien tai muiden tarvitsemiesi esineiden sijoittamiseen k\u00e4den ulottuville.<\/li>\n<li>Monipuolinen toimivuus: Eteisen sarjap\u00f6yd\u00e4t ovat monipuolisia! Mit\u00e4 tahansa niist\u00e4 voidaan k\u00e4ytt\u00e4\u00e4 olohuoneessa ja toimistossa, eteisen- tai sohvap\u00f6yt\u00e4n\u00e4.<\/li>\n<li>Metallirunko: Metallirunko lis\u00e4\u00e4 sisustukseesi teollista tyyli\u00e4 ja takaa samalla kest\u00e4vyyden sek\u00e4 vakauden.<\/li>\n<\/ul>\n<p>Varoitus:<\/p>\n<ul>\n<li>Kaatumisen est\u00e4miseksi on t\u00e4t\u00e4 tuotetta k\u00e4ytett\u00e4v\u00e4 mukana toimitettavan sein\u00e4kiinnityslaitteen kanssa.<\/li>\n<\/ul>\n<ul>\n<li>V\u00e4ri: Sonoma-tammi<\/li>\n<li>Materiaali: Tekninen puu, metalli<\/li>\n<li>Konsolip\u00f6yd\u00e4n mitat (L): 100 x 28 x 75 cm (L x S x K)<\/li>\n<li>Konsolip\u00f6yd\u00e4n mitat (S): 80 x 22 x 60 cm (L x S x K)<\/li>\n<li>Maksimikantavuus: 80 kg<\/li>\n<li>Asennus vaaditaan: Kyll\u00e4<\/li>\n<li><strong>Toimitus sis\u00e4lt\u00e4\u00e4:<\/strong><\/li>\n<li>2 x Konsolip\u00f6yt\u00e4<\/li>\n<li>Legal Documents:\n<p><span>Lis\u00e4tietoja huonekalujesi kaatumisen est\u00e4misest\u00e4 voit l\u00f6yt\u00e4\u00e4 <span style=\"text-decoration: underline\"><strong><a title=\"https:\/\/bit.ly\/3bVwkQp\" href=\"https:\/\/bit.ly\/3bVwkQp\" target=\"_blank\">t\u00e4\u00e4lt\u00e4<\/a><\/strong><\/span><\/span><\/p>\n<\/li>\n<\/ul>\n","protected":false},"excerpt":{"rendered":"<ul>\n<li>V\u00e4ri: Sonoma-tammi<\/li>\n<li>Materiaali: Tekninen puu, metalli<\/li>\n<li>Konsolip\u00f6yd\u00e4n mitat (L): 100 x 28 x 75 cm (L x S x K)<\/li>\n<li>Konsolip\u00f6yd\u00e4n mitat (S): 80 x 22 x 60 cm (L x S x K)<\/li>\n<li>Maksimikantavuus: 80 kg<\/li>\n<li>Asennus vaaditaan: Kyll\u00e4<\/li>\n<li><strong>Toimitus sis\u00e4lt\u00e4\u00e4:<\/strong><\/li>\n<li>2 x Konsolip\u00f6yt\u00e4<\/li>\n<li>Legal Documents:\n<p><span>Lis\u00e4tietoja huonekalujesi kaatumisen est\u00e4misest\u00e4 voit l\u00f6yt\u00e4\u00e4 <span style=\"text-decoration: underline\"><strong><a title=\"https:\/\/bit.ly\/3bVwkQp\" href=\"https:\/\/bit.ly\/3bVwkQp\" target=\"_blank\">t\u00e4\u00e4lt\u00e4<\/a><\/strong><\/span><\/span><\/p>\n<\/li>\n<\/ul>\n","protected":false},"featured_media":100000167554,"comment_status":"closed","ping_status":"closed","template":"","meta":[],"product_brand":[],"product_cat":[8534,84,8533],"product_tag":[],"class_list":{"0":"post-167554","1":"product","2":"type-product","3":"status-publish","4":"has-post-thumbnail","6":"product_cat-apupoydat","7":"product_cat-huonekalut","8":"product_cat-sivupoydat","10":"first","11":"instock","12":"taxable","13":"shipping-taxable","14":"purchasable","15":"product-type-simple"},"_links":{"self":[{"href":"https:\/\/www.otiumhome.fi\/index.php\/wp-json\/wp\/v2\/product\/167554","targetHints":{"allow":["GET"]}}],"collection":[{"href":"https:\/\/www.otiumhome.fi\/index.php\/wp-json\/wp\/v2\/product"}],"about":[{"href":"https:\/\/www.otiumhome.fi\/index.php\/wp-json\/wp\/v2\/types\/product"}],"replies":[{"embeddable":true,"href":"https:\/\/www.otiumhome.fi\/index.php\/wp-json\/wp\/v2\/comments?post=167554"}],"wp:featuredmedia":[{"embeddable":true,"href":"https:\/\/www.otiumhome.fi\/index.php\/wp-json\/"}],"wp:attachment":[{"href":"https:\/\/www.otiumhome.fi\/index.php\/wp-json\/wp\/v2\/media?parent=167554"}],"wp:term":[{"taxonomy":"product_brand","embeddable":true,"href":"https:\/\/www.otiumhome.fi\/index.php\/wp-json\/wp\/v2\/product_brand?post=167554"},{"taxonomy":"product_cat","embeddable":true,"href":"https:\/\/www.otiumhome.fi\/index.php\/wp-json\/wp\/v2\/product_cat?post=167554"},{"taxonomy":"product_tag","embeddable":true,"href":"https:\/\/www.otiumhome.fi\/index.php\/wp-json\/wp\/v2\/product_tag?post=167554"}],"curies":[{"name":"wp","href":"https:\/\/api.w.org\/{rel}","templated":true}]}}