{"id":167481,"date":"2025-08-21T01:47:03","date_gmt":"2025-08-21T01:47:03","guid":{"rendered":"https:\/\/www.otiumhome.fi\/?p=167481"},"modified":"2025-12-09T11:29:32","modified_gmt":"2025-12-09T11:29:32","slug":"sangyn-runko-paatylla-musta-tammi-70-x-190-cm-tekninen-puu","status":"publish","type":"product","link":"https:\/\/www.otiumhome.fi\/index.php\/tuote\/sangyn-runko-paatylla-musta-tammi-70-x-190-cm-tekninen-puu\/","title":{"rendered":"S\u00e4ngyn runko p\u00e4\u00e4tyll\u00e4 Musta tammi. 70 x 190 cm Tekninen puu"},"content":{"rendered":"<p>T\u00e4\u00e4 moderni s\u00e4nkykehys on eksaktisti sellainen, ett\u00e4 se yhdist\u00e4\u00e4 tyylin ja k\u00e4yt\u00e4nn\u00f6llisyyden. Se on ehdoton keskipiste hyvin suunniteltu makuuhuoneeseen. Suunnittelu on yksinkertaista, ja sen sile\u00e4 pinta sek\u00e4 hoikka malli tekev\u00e4t siit\u00e4 tosi tukevan, kiitos puu- ja massiivim\u00e4nnymateriaalin. Se on oikeasti tyylin ja keston yhdistelm\u00e4, joka voi muuttaa mink\u00e4 tahansa makuuhuoneen tunnelmaa rauhalliseksi keitaaksi.<\/p>\n<ul>\n<li><b>Materiaalin rakenne<\/b> T\u00e4\u00e4 s\u00e4nkykehys on tehty massiivim\u00e4nnyst\u00e4, joten se on tosi kest\u00e4v\u00e4. Siin\u00e4 on my\u00f6s teknisen puun elementtej\u00e4, jotka tuo voimaa ja keveytt\u00e4, eli se on helppo siirt\u00e4\u00e4.<\/li>\n<li><b>P\u00e4\u00e4n\u00e4kym\u00e4n suunnittelu<\/b> T\u00e4m\u00e4 s\u00e4nky on suunniteltu tosi siistiksi, se antaa sek\u00e4 tukea ett\u00e4 kauniin ilmeen. Neutraalit v\u00e4rit ja selke\u00e4t linjat tekee siit\u00e4 hienovaraisen, mutta kuitenkin vaikuttavan, ja se sopii monenlaisiin makkareihin.<\/li>\n<li><b>Monipuolinen varastointi<\/b> S\u00e4ngyn mukana tulee k\u00e4yt\u00e4nn\u00f6llisi\u00e4 varastointiratkaisuja, kuten ovia ja laatikoita. T\u00e4\u00e4 tekee siit\u00e4 t\u00e4ydellisen niille, jotka haluaa pit\u00e4\u00e4 tilan j\u00e4rjestyksess\u00e4, unohtamatta tyyli\u00e4.<\/li>\n<li><b>Nykyaikainen vieh\u00e4tys<\/b> T\u00e4ll\u00e4 modernilla s\u00e4ngyll\u00e4, jonka minimalistinen tyyli yhdist\u00e4\u00e4 k\u00e4yt\u00e4nn\u00f6llisyyden, on helppo l\u00f6yt\u00e4\u00e4 paikka mihin tahansa uuteen kotiin. Sen hieno ilme ja sile\u00e4 pinta kertoo siit\u00e4, ett\u00e4 sen valmistukseen on panostettu.<\/li>\n<li><b>Hoito-ohjeet<\/b> T\u00e4\u00e4 s\u00e4nky on helppohoitoinen. Pyyhit vaan kostealla liinalla, niin se pysyy hyv\u00e4n\u00e4. Koota varten tarvitaan kaks tyyppi\u00e4 ja vasara parhaan tuloksen saavuttamiseksi, mik\u00e4 takaa hyv\u00e4n rakenteen.<\/li>\n<\/ul>\n<ul>\n<li>V\u00e4ri: Musta tammi.<\/li>\n<li>Materiaali: Tekninen puu<\/li>\n<li>Yleiset mitat: 193 x 76,5 x 28 cm (P x L x K)<\/li>\n<li>Patjan koko: Kapea yhden hengen s\u00e4nky (70 cm x 190 cm \/ 35&#8243; x 75&#8243;)<\/li>\n<li>Enimm\u00e4ispaino: 100 kg<\/li>\n<li>Enimm\u00e4ism\u00e4\u00e4r\u00e4 ihmisi\u00e4: 1<\/li>\n<li>Kest\u00e4v\u00e4<\/li>\n<li>S\u00e4ngyn korkeus: 28 cm<\/li>\n<li>Yhteensopiva patjan koko: 70 x 190 cm (L x P)<\/li>\n<li>Laatikolla<\/li>\n<li>Kokoonpano vaaditaan: Kyll\u00e4<\/li>\n<li>Toimitus-:<\/li>\n<li>1 x S\u00e4nkykeh\u00e4<\/li>\n<\/ul>\n","protected":false},"excerpt":{"rendered":"<ul>\n<li>V\u00e4ri: Musta tammi.<\/li>\n<li>Materiaali: Tekninen puu<\/li>\n<li>Yleiset mitat: 193 x 76,5 x 28 cm (P x L x K)<\/li>\n<li>Patjan koko: Kapea yhden hengen s\u00e4nky (70 cm x 190 cm \/ 35&#8243; x 75&#8243;)<\/li>\n<li>Enimm\u00e4ispaino: 100 kg<\/li>\n<li>Enimm\u00e4ism\u00e4\u00e4r\u00e4 ihmisi\u00e4: 1<\/li>\n<li>Kest\u00e4v\u00e4<\/li>\n<li>S\u00e4ngyn korkeus: 28 cm<\/li>\n<li>Yhteensopiva patjan koko: 70 x 190 cm (L x P)<\/li>\n<li>Laatikolla<\/li>\n<li>Kokoonpano vaaditaan: Kyll\u00e4<\/li>\n<li>Toimitus-:<\/li>\n<li>1 x S\u00e4nkykeh\u00e4<\/li>\n<\/ul>\n","protected":false},"featured_media":100000167481,"comment_status":"closed","ping_status":"closed","template":"","meta":[],"product_brand":[],"product_cat":[84,8638],"product_tag":[],"class_list":{"0":"post-167481","1":"product","2":"type-product","3":"status-publish","4":"has-post-thumbnail","6":"product_cat-huonekalut","7":"product_cat-sangyt-sangynrungot","9":"first","10":"instock","11":"taxable","12":"shipping-taxable","13":"purchasable","14":"product-type-simple"},"_links":{"self":[{"href":"https:\/\/www.otiumhome.fi\/index.php\/wp-json\/wp\/v2\/product\/167481","targetHints":{"allow":["GET"]}}],"collection":[{"href":"https:\/\/www.otiumhome.fi\/index.php\/wp-json\/wp\/v2\/product"}],"about":[{"href":"https:\/\/www.otiumhome.fi\/index.php\/wp-json\/wp\/v2\/types\/product"}],"replies":[{"embeddable":true,"href":"https:\/\/www.otiumhome.fi\/index.php\/wp-json\/wp\/v2\/comments?post=167481"}],"wp:featuredmedia":[{"embeddable":true,"href":"https:\/\/www.otiumhome.fi\/index.php\/wp-json\/"}],"wp:attachment":[{"href":"https:\/\/www.otiumhome.fi\/index.php\/wp-json\/wp\/v2\/media?parent=167481"}],"wp:term":[{"taxonomy":"product_brand","embeddable":true,"href":"https:\/\/www.otiumhome.fi\/index.php\/wp-json\/wp\/v2\/product_brand?post=167481"},{"taxonomy":"product_cat","embeddable":true,"href":"https:\/\/www.otiumhome.fi\/index.php\/wp-json\/wp\/v2\/product_cat?post=167481"},{"taxonomy":"product_tag","embeddable":true,"href":"https:\/\/www.otiumhome.fi\/index.php\/wp-json\/wp\/v2\/product_tag?post=167481"}],"curies":[{"name":"wp","href":"https:\/\/api.w.org\/{rel}","templated":true}]}}