{"id":167260,"date":"2025-08-20T22:46:52","date_gmt":"2025-08-20T22:46:52","guid":{"rendered":"https:\/\/www.otiumhome.fi\/?p=167260"},"modified":"2025-12-09T09:26:18","modified_gmt":"2025-12-09T09:26:18","slug":"seinadisplay-kaappi-beige-21-x-45-x-59-cm-tekninen-puu","status":"publish","type":"product","link":"https:\/\/www.otiumhome.fi\/index.php\/tuote\/seinadisplay-kaappi-beige-21-x-45-x-59-cm-tekninen-puu\/","title":{"rendered":"Sein\u00e4display-kaappi Beige 21 x 4,5 x 59 cm Tekninen puu"},"content":{"rendered":"<p>T\u00e4m\u00e4 moderni sein\u00e4vitriini on just se, mit\u00e4 tarvitset olohuoneeseesi. Se on tyylik\u00e4s ja toimiva tapa esitell\u00e4 rakastamiasi esineit\u00e4. Suorakaiteen muotoinen muoto ja tyylik\u00e4s beige v\u00e4ri ovat t\u00e4ydellinen yhdistelm\u00e4 modernille kodille. Olitpa n\u00e4ytt\u00e4m\u00e4ss\u00e4 kokoelmia, perhekuvia tai taideteoksia, t\u00e4m\u00e4 vitriini nostaa mink\u00e4 tahansa tilan ilmett\u00e4.<\/p>\n<ul>\n<li><b>Materiaalit:<\/b> Valmistettu teknisest\u00e4 puusta, t\u00e4m\u00e4 vitriini yhdist\u00e4\u00e4 kauneuden ja keston. Tekninen puu takaa kest\u00e4v\u00e4n rakenteen, joka pit\u00e4\u00e4 ulkon\u00e4k\u00f6ns\u00e4 vuosien saatossa. Neutraali beige v\u00e4ri tuo eleganssia ja sopii eri sisustustyyleihin. Tekninen puu on my\u00f6s muotoutumis- ja halkeamiskest\u00e4v\u00e4, joten se on loistava valinta sis\u00e4tiloihin.<\/li>\n<li><b>Mukana tulevat komponentit:<\/b> Vitriiniss\u00e4 on levyhyllyt ja tukevat taustat, jotka on valmistettu teknisest\u00e4 puusta. T\u00e4m\u00e4 kokonaisuus on t\u00e4ydellinen ratkaisu, ja levyhyllyt antavat runsaasti tilaa esineiden esittelyyn, kun taas vankka takalevy lis\u00e4\u00e4 yksik\u00f6n vakautta. Osat on mietitty tukemaan erilaisia painoja, joten se on todella monik\u00e4ytt\u00f6inen.<\/li>\n<li><b>Ominaisuudet \/ Toiminta \/ Muotoilu:<\/b> Sein\u00e4kiinnitetty muotoilu s\u00e4\u00e4st\u00e4\u00e4 lattiatilaa ja tuo huoneeseen minimalistisen ilmeen. Moderni design sopii moniin sisustustyyleihin. Selke\u00e4 muotoilu pit\u00e4\u00e4 huomion esill\u00e4 olevissa esineiss\u00e4. Avoin hylly mahdollistaa helpon p\u00e4\u00e4syn ja esineiden vaihdon tarpeen mukaan.<\/li>\n<li><b>Suositellut k\u00e4ytt\u00f6tarkoitukset:<\/b> T\u00e4m\u00e4 vitriini soveltuu erinomaisesti olohuoneisiin, kotitoimistoihin tai ty\u00f6huoneisiin. Se voi esitell\u00e4 kaikkea kirjoista muistoihin ja valokuviin. Sen monik\u00e4ytt\u00f6isyys tekee siit\u00e4 loistavan valinnan sek\u00e4 henkil\u00f6kohtaisille kokoelmille ett\u00e4 koriste-esittelyille, lis\u00e4ten niin esteettist\u00e4 vieh\u00e4tyst\u00e4 kuin k\u00e4yt\u00e4nn\u00f6llisyytt\u00e4.<\/li>\n<li><b>Hoidon ja huollon ohjeet:<\/b> Pid\u00e4 vitriini hyv\u00e4ss\u00e4 kunnossa p\u00f6lytt\u00e4m\u00e4ll\u00e4 sit\u00e4 s\u00e4\u00e4nn\u00f6llisesti pehme\u00e4ll\u00e4 liinalla, jotta lika ei p\u00e4\u00e4se kertym\u00e4\u00e4n. V\u00e4lt\u00e4 voimakkaita kemikaaleja, jotka voivat vahingoittaa pintaa. Tarvittaessa k\u00e4yt\u00e4 huonekaluvahaa parantaaksesi kiiltoa ja paikataksesi vitriini\u00e4 vuosien ajan.<\/li>\n<\/ul>\n<ul>\n<li>V\u00e4ri: Beige<\/li>\n<li>Materiaali: Tekninen puu<\/li>\n<li>Yleiset mitat: 21 x 4,5 x 59 cm (P x L x K)<\/li>\n<li>Paino: 0,9 kg<\/li>\n<li>Runsaasti s\u00e4ilytystilaa<\/li>\n<li>Mukana 28 levyhyllyt<\/li>\n<li>Vain sis\u00e4k\u00e4ytt\u00f6\u00f6n<\/li>\n<li>Toimitus-:<\/li>\n<li>1 x n\u00e4ytt\u00f6laatikko<\/li>\n<li>Kokoonpano vaaditaan: Kyll\u00e4<\/li>\n<\/ul>\n","protected":false},"excerpt":{"rendered":"<ul>\n<li>V\u00e4ri: Beige<\/li>\n<li>Materiaali: Tekninen puu<\/li>\n<li>Yleiset mitat: 21 x 4,5 x 59 cm (P x L x K)<\/li>\n<li>Paino: 0,9 kg<\/li>\n<li>Runsaasti s\u00e4ilytystilaa<\/li>\n<li>Mukana 28 levyhyllyt<\/li>\n<li>Vain sis\u00e4k\u00e4ytt\u00f6\u00f6n<\/li>\n<li>Toimitus-:<\/li>\n<li>1 x n\u00e4ytt\u00f6laatikko<\/li>\n<li>Kokoonpano vaaditaan: Kyll\u00e4<\/li>\n<\/ul>\n","protected":false},"featured_media":100000167260,"comment_status":"closed","ping_status":"closed","template":"","meta":[],"product_brand":[],"product_cat":[84,8634],"product_tag":[],"class_list":{"0":"post-167260","1":"product","2":"type-product","3":"status-publish","4":"has-post-thumbnail","6":"product_cat-huonekalut","7":"product_cat-seinahyllyt","9":"first","10":"instock","11":"taxable","12":"shipping-taxable","13":"purchasable","14":"product-type-simple"},"_links":{"self":[{"href":"https:\/\/www.otiumhome.fi\/index.php\/wp-json\/wp\/v2\/product\/167260","targetHints":{"allow":["GET"]}}],"collection":[{"href":"https:\/\/www.otiumhome.fi\/index.php\/wp-json\/wp\/v2\/product"}],"about":[{"href":"https:\/\/www.otiumhome.fi\/index.php\/wp-json\/wp\/v2\/types\/product"}],"replies":[{"embeddable":true,"href":"https:\/\/www.otiumhome.fi\/index.php\/wp-json\/wp\/v2\/comments?post=167260"}],"wp:featuredmedia":[{"embeddable":true,"href":"https:\/\/www.otiumhome.fi\/index.php\/wp-json\/"}],"wp:attachment":[{"href":"https:\/\/www.otiumhome.fi\/index.php\/wp-json\/wp\/v2\/media?parent=167260"}],"wp:term":[{"taxonomy":"product_brand","embeddable":true,"href":"https:\/\/www.otiumhome.fi\/index.php\/wp-json\/wp\/v2\/product_brand?post=167260"},{"taxonomy":"product_cat","embeddable":true,"href":"https:\/\/www.otiumhome.fi\/index.php\/wp-json\/wp\/v2\/product_cat?post=167260"},{"taxonomy":"product_tag","embeddable":true,"href":"https:\/\/www.otiumhome.fi\/index.php\/wp-json\/wp\/v2\/product_tag?post=167260"}],"curies":[{"name":"wp","href":"https:\/\/api.w.org\/{rel}","templated":true}]}}